{"id":1302,"date":"2025-06-23T09:48:48","date_gmt":"2025-06-23T09:48:48","guid":{"rendered":"https:\/\/pharmarosso.com\/kalite-sistem-ve-guvence\/"},"modified":"2025-07-07T18:18:22","modified_gmt":"2025-07-07T18:18:22","slug":"quality-system-and-assurance","status":"publish","type":"page","link":"https:\/\/pharmarosso.com\/en\/quality-system-and-assurance\/","title":{"rendered":"Quality System and Assurance"},"content":{"rendered":"\t\t<div data-elementor-type=\"wp-page\" data-elementor-id=\"1302\" class=\"elementor elementor-1302 elementor-411\" data-elementor-post-type=\"page\">\n\t\t\t\t\t\t<section class=\"elementor-section elementor-top-section elementor-element elementor-element-f92ac59 elementor-section-boxed elementor-section-height-default elementor-section-height-default\" data-id=\"f92ac59\" data-element_type=\"section\" data-settings=\"{&quot;background_background&quot;:&quot;classic&quot;}\">\n\t\t\t\t\t\t\t<div class=\"elementor-background-overlay\"><\/div>\n\t\t\t\t\t\t\t<div class=\"elementor-container elementor-column-gap-no\">\n\t\t\t\t\t<div class=\"elementor-column elementor-col-100 elementor-top-column elementor-element elementor-element-6bac306\" data-id=\"6bac306\" data-element_type=\"column\">\n\t\t\t<div class=\"elementor-widget-wrap elementor-element-populated\">\n\t\t\t\t\t\t<div class=\"elementor-element elementor-element-08e7693 elementor-widget elementor-widget-heading\" data-id=\"08e7693\" data-element_type=\"widget\" data-widget_type=\"heading.default\">\n\t\t\t\t<div class=\"elementor-widget-container\">\n\t\t\t\t\t<h2 class=\"elementor-heading-title elementor-size-default\">Quality System and Assurance<\/h2>\t\t\t\t<\/div>\n\t\t\t\t<\/div>\n\t\t\t\t<div class=\"elementor-element elementor-element-6176998 elementor-view-default elementor-widget elementor-widget-icon\" data-id=\"6176998\" data-element_type=\"widget\" data-widget_type=\"icon.default\">\n\t\t\t\t<div class=\"elementor-widget-container\">\n\t\t\t\t\t\t\t<div class=\"elementor-icon-wrapper\">\n\t\t\t<div class=\"elementor-icon\">\n\t\t\t<i aria-hidden=\"true\" class=\"icon icon-arrow-down-circle\"><\/i>\t\t\t<\/div>\n\t\t<\/div>\n\t\t\t\t\t\t<\/div>\n\t\t\t\t<\/div>\n\t\t\t\t\t<\/div>\n\t\t<\/div>\n\t\t\t\t\t<\/div>\n\t\t<\/section>\n\t\t\t\t<section class=\"elementor-section elementor-top-section elementor-element elementor-element-c52bb4a elementor-section-content-middle elementor-section-boxed elementor-section-height-default elementor-section-height-default\" data-id=\"c52bb4a\" data-element_type=\"section\">\n\t\t\t\t\t\t<div class=\"elementor-container elementor-column-gap-default\">\n\t\t\t\t\t<div class=\"elementor-column elementor-col-50 elementor-top-column elementor-element elementor-element-b08c893\" data-id=\"b08c893\" data-element_type=\"column\">\n\t\t\t<div class=\"elementor-widget-wrap elementor-element-populated\">\n\t\t\t\t\t\t<div class=\"elementor-element elementor-element-e896e13 elementor-widget elementor-widget-heading\" data-id=\"e896e13\" data-element_type=\"widget\" data-widget_type=\"heading.default\">\n\t\t\t\t<div class=\"elementor-widget-container\">\n\t\t\t\t\t<h2 class=\"elementor-heading-title elementor-size-default\">A First in the Industry! X-Ray Device in Product Final Controls<\/h2>\t\t\t\t<\/div>\n\t\t\t\t<\/div>\n\t\t\t\t<div class=\"elementor-element elementor-element-4ebaa82 elementor-widget elementor-widget-text-editor\" data-id=\"4ebaa82\" data-element_type=\"widget\" data-widget_type=\"text-editor.default\">\n\t\t\t\t<div class=\"elementor-widget-container\">\n\t\t\t\t\t\t\t\t\t<p>Our quality department serves with an independent quality assurance unit and chemical, physical control, microbiology and production control laboratories, which constitute the pillars of quality control. With its quality assurance, quality control, licensing, R&amp;D and laboratory service units, our quality directorate carries out all activities to ensure that consumers encounter quality products both during and after production.<\/p><p>In our quality unit; all studies within the scope of stability, starting materials and finished product analyzes, process and cleaning validations are carried out with a full GMP and BRC Food understanding. Necessary in-service trainings are provided to all our employees by our expert staff.<\/p><p>As a first in the sector, Pharma Rosso uses an advanced technology X-Ray device in the final controls of the products that will reach the consumer.<\/p>\t\t\t\t\t\t\t\t<\/div>\n\t\t\t\t<\/div>\n\t\t\t\t\t<\/div>\n\t\t<\/div>\n\t\t\t\t<div class=\"elementor-column elementor-col-50 elementor-top-column elementor-element elementor-element-5e1281f elementor-hidden-phone\" data-id=\"5e1281f\" data-element_type=\"column\">\n\t\t\t<div class=\"elementor-widget-wrap elementor-element-populated\">\n\t\t\t\t\t\t<div class=\"elementor-element elementor-element-eb5ea1f elementor-widget elementor-widget-image\" data-id=\"eb5ea1f\" data-element_type=\"widget\" data-widget_type=\"image.default\">\n\t\t\t\t<div class=\"elementor-widget-container\">\n\t\t\t\t\t\t\t\t\t\t\t\t\t\t\t<img fetchpriority=\"high\" decoding=\"async\" width=\"921\" height=\"1467\" src=\"https:\/\/pharmarosso.com\/wp-content\/uploads\/2025\/06\/image-25.webp\" class=\"attachment-full size-full wp-image-1206\" alt=\"\" srcset=\"https:\/\/pharmarosso.com\/wp-content\/uploads\/2025\/06\/image-25.webp 921w, https:\/\/pharmarosso.com\/wp-content\/uploads\/2025\/06\/image-25-188x300.webp 188w, https:\/\/pharmarosso.com\/wp-content\/uploads\/2025\/06\/image-25-643x1024.webp 643w, https:\/\/pharmarosso.com\/wp-content\/uploads\/2025\/06\/image-25-768x1223.webp 768w\" sizes=\"(max-width: 921px) 100vw, 921px\" \/>\t\t\t\t\t\t\t\t\t\t\t\t\t\t\t<\/div>\n\t\t\t\t<\/div>\n\t\t\t\t\t<\/div>\n\t\t<\/div>\n\t\t\t\t\t<\/div>\n\t\t<\/section>\n\t\t\t\t<\/div>\n\t\t","protected":false},"excerpt":{"rendered":"<p>Kalite Sistem ve G\u00fcvence Sekt\u00f6rde Bir \u0130lk ! \u00dcr\u00fcn Son Kontrollerinde X-Ray Cihaz\u0131 Kalite departman\u0131m\u0131z, ba\u011f\u0131ms\u0131z bir kalite g\u00fcvence birimi ve kalite kontrol\u00fcn sac ayaklar\u0131n\u0131 olu\u015fturan kimyasal, fiziksel kontrol, mikrobiyoloji ve \u00fcretimde kontrol laboratuvarlar\u0131yla hizmet vermektedir. Kalite direkt\u00f6rl\u00fc\u011f\u00fcm\u00fcz kalite g\u00fcvence, kalite kontrol, ruhsatland\u0131rma, arge ve laboratuvar hizmet birimleri ile gerek \u00fcretim gerekse \u00fcretim sonras\u0131nda t\u00fcketicinin [&hellip;]<\/p>\n","protected":false},"author":1,"featured_media":0,"parent":0,"menu_order":0,"comment_status":"closed","ping_status":"closed","template":"elementor_header_footer","meta":{"footnotes":""},"class_list":["post-1302","page","type-page","status-publish","hentry"],"yoast_head":"<!-- This site is optimized with the Yoast SEO plugin v27.3 - https:\/\/yoast.com\/product\/yoast-seo-wordpress\/ -->\n<title>Quality System and Assurance - Pharma Rosso<\/title>\n<meta name=\"robots\" content=\"index, follow, max-snippet:-1, max-image-preview:large, max-video-preview:-1\" \/>\n<link rel=\"canonical\" href=\"https:\/\/pharmarosso.com\/kalite-sistem-ve-guvence\/\" \/>\n<meta property=\"og:locale\" content=\"en_US\" \/>\n<meta property=\"og:type\" content=\"article\" \/>\n<meta property=\"og:title\" content=\"Quality System and Assurance - Pharma Rosso\" \/>\n<meta property=\"og:description\" content=\"Kalite Sistem ve G\u00fcvence Sekt\u00f6rde Bir \u0130lk ! \u00dcr\u00fcn Son Kontrollerinde X-Ray Cihaz\u0131 Kalite departman\u0131m\u0131z, ba\u011f\u0131ms\u0131z bir kalite g\u00fcvence birimi ve kalite kontrol\u00fcn sac ayaklar\u0131n\u0131 olu\u015fturan kimyasal, fiziksel kontrol, mikrobiyoloji ve \u00fcretimde kontrol laboratuvarlar\u0131yla hizmet vermektedir. Kalite direkt\u00f6rl\u00fc\u011f\u00fcm\u00fcz kalite g\u00fcvence, kalite kontrol, ruhsatland\u0131rma, arge ve laboratuvar hizmet birimleri ile gerek \u00fcretim gerekse \u00fcretim sonras\u0131nda t\u00fcketicinin [&hellip;]\" \/>\n<meta property=\"og:url\" content=\"https:\/\/pharmarosso.com\/kalite-sistem-ve-guvence\/\" \/>\n<meta property=\"og:site_name\" content=\"Pharma Rosso\" \/>\n<meta property=\"article:modified_time\" content=\"2025-07-07T18:18:22+00:00\" \/>\n<meta property=\"og:image\" content=\"https:\/\/pharmarosso.com\/wp-content\/uploads\/2025\/06\/image-25.webp\" \/>\n\t<meta property=\"og:image:width\" content=\"921\" \/>\n\t<meta property=\"og:image:height\" content=\"1467\" \/>\n\t<meta property=\"og:image:type\" content=\"image\/webp\" \/>\n<meta name=\"twitter:card\" content=\"summary_large_image\" \/>\n<meta name=\"twitter:label1\" content=\"Est. reading time\" \/>\n\t<meta name=\"twitter:data1\" content=\"1 minute\" \/>\n<script type=\"application\/ld+json\" class=\"yoast-schema-graph\">{\"@context\":\"https:\\\/\\\/schema.org\",\"@graph\":[{\"@type\":\"WebPage\",\"@id\":\"https:\\\/\\\/pharmarosso.com\\\/kalite-sistem-ve-guvence\\\/\",\"url\":\"https:\\\/\\\/pharmarosso.com\\\/kalite-sistem-ve-guvence\\\/\",\"name\":\"Quality System and Assurance - Pharma Rosso\",\"isPartOf\":{\"@id\":\"https:\\\/\\\/pharmarosso.com\\\/#website\"},\"primaryImageOfPage\":{\"@id\":\"https:\\\/\\\/pharmarosso.com\\\/kalite-sistem-ve-guvence\\\/#primaryimage\"},\"image\":{\"@id\":\"https:\\\/\\\/pharmarosso.com\\\/kalite-sistem-ve-guvence\\\/#primaryimage\"},\"thumbnailUrl\":\"https:\\\/\\\/pharmarosso.com\\\/wp-content\\\/uploads\\\/2025\\\/06\\\/image-25.webp\",\"datePublished\":\"2025-06-23T09:48:48+00:00\",\"dateModified\":\"2025-07-07T18:18:22+00:00\",\"breadcrumb\":{\"@id\":\"https:\\\/\\\/pharmarosso.com\\\/kalite-sistem-ve-guvence\\\/#breadcrumb\"},\"inLanguage\":\"en-US\",\"potentialAction\":[{\"@type\":\"ReadAction\",\"target\":[\"https:\\\/\\\/pharmarosso.com\\\/kalite-sistem-ve-guvence\\\/\"]}]},{\"@type\":\"ImageObject\",\"inLanguage\":\"en-US\",\"@id\":\"https:\\\/\\\/pharmarosso.com\\\/kalite-sistem-ve-guvence\\\/#primaryimage\",\"url\":\"https:\\\/\\\/pharmarosso.com\\\/wp-content\\\/uploads\\\/2025\\\/06\\\/image-25.webp\",\"contentUrl\":\"https:\\\/\\\/pharmarosso.com\\\/wp-content\\\/uploads\\\/2025\\\/06\\\/image-25.webp\"},{\"@type\":\"BreadcrumbList\",\"@id\":\"https:\\\/\\\/pharmarosso.com\\\/kalite-sistem-ve-guvence\\\/#breadcrumb\",\"itemListElement\":[{\"@type\":\"ListItem\",\"position\":1,\"name\":\"Anasayfa\",\"item\":\"https:\\\/\\\/pharmarosso.com\\\/\"},{\"@type\":\"ListItem\",\"position\":2,\"name\":\"Quality System and Assurance\"}]},{\"@type\":\"WebSite\",\"@id\":\"https:\\\/\\\/pharmarosso.com\\\/#website\",\"url\":\"https:\\\/\\\/pharmarosso.com\\\/\",\"name\":\"Pharma Rosso\",\"description\":\"\",\"potentialAction\":[{\"@type\":\"SearchAction\",\"target\":{\"@type\":\"EntryPoint\",\"urlTemplate\":\"https:\\\/\\\/pharmarosso.com\\\/?s={search_term_string}\"},\"query-input\":{\"@type\":\"PropertyValueSpecification\",\"valueRequired\":true,\"valueName\":\"search_term_string\"}}],\"inLanguage\":\"en-US\"}]}<\/script>\n<!-- \/ Yoast SEO plugin. -->","yoast_head_json":{"title":"Quality System and Assurance - Pharma Rosso","robots":{"index":"index","follow":"follow","max-snippet":"max-snippet:-1","max-image-preview":"max-image-preview:large","max-video-preview":"max-video-preview:-1"},"canonical":"https:\/\/pharmarosso.com\/kalite-sistem-ve-guvence\/","og_locale":"en_US","og_type":"article","og_title":"Quality System and Assurance - Pharma Rosso","og_description":"Kalite Sistem ve G\u00fcvence Sekt\u00f6rde Bir \u0130lk ! \u00dcr\u00fcn Son Kontrollerinde X-Ray Cihaz\u0131 Kalite departman\u0131m\u0131z, ba\u011f\u0131ms\u0131z bir kalite g\u00fcvence birimi ve kalite kontrol\u00fcn sac ayaklar\u0131n\u0131 olu\u015fturan kimyasal, fiziksel kontrol, mikrobiyoloji ve \u00fcretimde kontrol laboratuvarlar\u0131yla hizmet vermektedir. Kalite direkt\u00f6rl\u00fc\u011f\u00fcm\u00fcz kalite g\u00fcvence, kalite kontrol, ruhsatland\u0131rma, arge ve laboratuvar hizmet birimleri ile gerek \u00fcretim gerekse \u00fcretim sonras\u0131nda t\u00fcketicinin [&hellip;]","og_url":"https:\/\/pharmarosso.com\/kalite-sistem-ve-guvence\/","og_site_name":"Pharma Rosso","article_modified_time":"2025-07-07T18:18:22+00:00","og_image":[{"width":921,"height":1467,"url":"https:\/\/pharmarosso.com\/wp-content\/uploads\/2025\/06\/image-25.webp","type":"image\/webp"}],"twitter_card":"summary_large_image","twitter_misc":{"Est. reading time":"1 minute"},"schema":{"@context":"https:\/\/schema.org","@graph":[{"@type":"WebPage","@id":"https:\/\/pharmarosso.com\/kalite-sistem-ve-guvence\/","url":"https:\/\/pharmarosso.com\/kalite-sistem-ve-guvence\/","name":"Quality System and Assurance - Pharma Rosso","isPartOf":{"@id":"https:\/\/pharmarosso.com\/#website"},"primaryImageOfPage":{"@id":"https:\/\/pharmarosso.com\/kalite-sistem-ve-guvence\/#primaryimage"},"image":{"@id":"https:\/\/pharmarosso.com\/kalite-sistem-ve-guvence\/#primaryimage"},"thumbnailUrl":"https:\/\/pharmarosso.com\/wp-content\/uploads\/2025\/06\/image-25.webp","datePublished":"2025-06-23T09:48:48+00:00","dateModified":"2025-07-07T18:18:22+00:00","breadcrumb":{"@id":"https:\/\/pharmarosso.com\/kalite-sistem-ve-guvence\/#breadcrumb"},"inLanguage":"en-US","potentialAction":[{"@type":"ReadAction","target":["https:\/\/pharmarosso.com\/kalite-sistem-ve-guvence\/"]}]},{"@type":"ImageObject","inLanguage":"en-US","@id":"https:\/\/pharmarosso.com\/kalite-sistem-ve-guvence\/#primaryimage","url":"https:\/\/pharmarosso.com\/wp-content\/uploads\/2025\/06\/image-25.webp","contentUrl":"https:\/\/pharmarosso.com\/wp-content\/uploads\/2025\/06\/image-25.webp"},{"@type":"BreadcrumbList","@id":"https:\/\/pharmarosso.com\/kalite-sistem-ve-guvence\/#breadcrumb","itemListElement":[{"@type":"ListItem","position":1,"name":"Anasayfa","item":"https:\/\/pharmarosso.com\/"},{"@type":"ListItem","position":2,"name":"Quality System and Assurance"}]},{"@type":"WebSite","@id":"https:\/\/pharmarosso.com\/#website","url":"https:\/\/pharmarosso.com\/","name":"Pharma Rosso","description":"","potentialAction":[{"@type":"SearchAction","target":{"@type":"EntryPoint","urlTemplate":"https:\/\/pharmarosso.com\/?s={search_term_string}"},"query-input":{"@type":"PropertyValueSpecification","valueRequired":true,"valueName":"search_term_string"}}],"inLanguage":"en-US"}]}},"_links":{"self":[{"href":"https:\/\/pharmarosso.com\/en\/wp-json\/wp\/v2\/pages\/1302","targetHints":{"allow":["GET"]}}],"collection":[{"href":"https:\/\/pharmarosso.com\/en\/wp-json\/wp\/v2\/pages"}],"about":[{"href":"https:\/\/pharmarosso.com\/en\/wp-json\/wp\/v2\/types\/page"}],"author":[{"embeddable":true,"href":"https:\/\/pharmarosso.com\/en\/wp-json\/wp\/v2\/users\/1"}],"replies":[{"embeddable":true,"href":"https:\/\/pharmarosso.com\/en\/wp-json\/wp\/v2\/comments?post=1302"}],"version-history":[{"count":4,"href":"https:\/\/pharmarosso.com\/en\/wp-json\/wp\/v2\/pages\/1302\/revisions"}],"predecessor-version":[{"id":1383,"href":"https:\/\/pharmarosso.com\/en\/wp-json\/wp\/v2\/pages\/1302\/revisions\/1383"}],"wp:attachment":[{"href":"https:\/\/pharmarosso.com\/en\/wp-json\/wp\/v2\/media?parent=1302"}],"curies":[{"name":"wp","href":"https:\/\/api.w.org\/{rel}","templated":true}]}}