{"id":1300,"date":"2025-06-23T09:54:31","date_gmt":"2025-06-23T09:54:31","guid":{"rendered":"https:\/\/pharmarosso.com\/import-export\/"},"modified":"2025-07-07T18:17:23","modified_gmt":"2025-07-07T18:17:23","slug":"import-export","status":"publish","type":"page","link":"https:\/\/pharmarosso.com\/en\/import-export\/","title":{"rendered":"Import &#038; Export"},"content":{"rendered":"\t\t<div data-elementor-type=\"wp-page\" data-elementor-id=\"1300\" class=\"elementor elementor-1300 elementor-418\" data-elementor-post-type=\"page\">\n\t\t\t\t\t\t<section class=\"elementor-section elementor-top-section elementor-element elementor-element-f92ac59 elementor-section-boxed elementor-section-height-default elementor-section-height-default\" data-id=\"f92ac59\" data-element_type=\"section\" data-settings=\"{&quot;background_background&quot;:&quot;classic&quot;}\">\n\t\t\t\t\t\t\t<div class=\"elementor-background-overlay\"><\/div>\n\t\t\t\t\t\t\t<div class=\"elementor-container elementor-column-gap-no\">\n\t\t\t\t\t<div class=\"elementor-column elementor-col-100 elementor-top-column elementor-element elementor-element-6bac306\" data-id=\"6bac306\" data-element_type=\"column\">\n\t\t\t<div class=\"elementor-widget-wrap elementor-element-populated\">\n\t\t\t\t\t\t<div class=\"elementor-element elementor-element-08e7693 elementor-widget elementor-widget-heading\" data-id=\"08e7693\" data-element_type=\"widget\" data-widget_type=\"heading.default\">\n\t\t\t\t<div class=\"elementor-widget-container\">\n\t\t\t\t\t<h2 class=\"elementor-heading-title elementor-size-default\">Import &amp; Export<\/h2>\t\t\t\t<\/div>\n\t\t\t\t<\/div>\n\t\t\t\t<div class=\"elementor-element elementor-element-f6f8dad elementor-widget elementor-widget-text-editor\" data-id=\"f6f8dad\" data-element_type=\"widget\" data-widget_type=\"text-editor.default\">\n\t\t\t\t<div class=\"elementor-widget-container\">\n\t\t\t\t\t\t\t\t\t<p>&#8216;Pharma Rosso G\u0131da \u0130la\u00e7 \u0130la\u00e7 Kozmetik Medikal San. Foreign Trade. Ltd. \u015eti.\u2018\u2019, we set out in 2000 to close the gap in the market and contribute to our country and our people.<\/p>\t\t\t\t\t\t\t\t<\/div>\n\t\t\t\t<\/div>\n\t\t\t\t<div class=\"elementor-element elementor-element-6176998 elementor-view-default elementor-widget elementor-widget-icon\" data-id=\"6176998\" data-element_type=\"widget\" data-widget_type=\"icon.default\">\n\t\t\t\t<div class=\"elementor-widget-container\">\n\t\t\t\t\t\t\t<div class=\"elementor-icon-wrapper\">\n\t\t\t<div class=\"elementor-icon\">\n\t\t\t<i aria-hidden=\"true\" class=\"icon icon-arrow-down-circle\"><\/i>\t\t\t<\/div>\n\t\t<\/div>\n\t\t\t\t\t\t<\/div>\n\t\t\t\t<\/div>\n\t\t\t\t\t<\/div>\n\t\t<\/div>\n\t\t\t\t\t<\/div>\n\t\t<\/section>\n\t\t\t\t<section class=\"elementor-section elementor-top-section elementor-element elementor-element-c52bb4a elementor-section-content-middle elementor-section-boxed elementor-section-height-default elementor-section-height-default\" data-id=\"c52bb4a\" data-element_type=\"section\">\n\t\t\t\t\t\t<div class=\"elementor-container elementor-column-gap-default\">\n\t\t\t\t\t<div class=\"elementor-column elementor-col-50 elementor-top-column elementor-element elementor-element-b08c893\" data-id=\"b08c893\" data-element_type=\"column\">\n\t\t\t<div class=\"elementor-widget-wrap elementor-element-populated\">\n\t\t\t\t\t\t<div class=\"elementor-element elementor-element-e896e13 elementor-widget elementor-widget-heading\" data-id=\"e896e13\" data-element_type=\"widget\" data-widget_type=\"heading.default\">\n\t\t\t\t<div class=\"elementor-widget-container\">\n\t\t\t\t\t<h2 class=\"elementor-heading-title elementor-size-default\">Import &amp; Export\n<\/h2>\t\t\t\t<\/div>\n\t\t\t\t<\/div>\n\t\t\t\t<div class=\"elementor-element elementor-element-4ebaa82 elementor-widget elementor-widget-text-editor\" data-id=\"4ebaa82\" data-element_type=\"widget\" data-widget_type=\"text-editor.default\">\n\t\t\t\t<div class=\"elementor-widget-container\">\n\t\t\t\t\t\t\t\t\t<p>Pharma Rosso Food Pharmaceutical Cosmetics Medical San. Foreign Trade. Ltd. \u015eti. we set out in 2015 to close the gap in the market and contribute to our country and our people. We are exporting to Iraq, Libya, Switzerland, England, Netherlands, Germany, France, Bosnia-Herzegovina, Azerbaijan, Syria, Kuwait, Saudi Arabia, Vietnam, Sudan, UAE, Ethiopia and Yemen.<\/p><p>Pharma Rosso; the knowledge and experience it has gained so far; We offer innovative ideas and technology-supported product forms to the consumer in the form of technology-supported product forms.<\/p><p>By using the unlimited resources offered to us by nature, we make contract manufacturing in our fully integrated facility located in Tuzla-Tepe\u00f6ren, Istanbul, with a closed area of approximately 3.000 square meters, and we bring added value to our country by providing employment with our exports. We aim to grow both domestically and internationally with our natural, protective and health-supporting products by producing Food Supplements and Dermo Cosmetic products with our expert technical team.<\/p>\t\t\t\t\t\t\t\t<\/div>\n\t\t\t\t<\/div>\n\t\t\t\t\t<\/div>\n\t\t<\/div>\n\t\t\t\t<div class=\"elementor-column elementor-col-50 elementor-top-column elementor-element elementor-element-5e1281f elementor-hidden-phone\" data-id=\"5e1281f\" data-element_type=\"column\">\n\t\t\t<div class=\"elementor-widget-wrap elementor-element-populated\">\n\t\t\t\t\t\t<div class=\"elementor-element elementor-element-eb5ea1f elementor-widget elementor-widget-image\" data-id=\"eb5ea1f\" data-element_type=\"widget\" data-widget_type=\"image.default\">\n\t\t\t\t<div class=\"elementor-widget-container\">\n\t\t\t\t\t\t\t\t\t\t\t\t\t\t\t<img fetchpriority=\"high\" decoding=\"async\" width=\"1238\" height=\"1221\" src=\"https:\/\/pharmarosso.com\/wp-content\/uploads\/2025\/06\/image-26.webp\" class=\"attachment-full size-full wp-image-1207\" alt=\"\" srcset=\"https:\/\/pharmarosso.com\/wp-content\/uploads\/2025\/06\/image-26.webp 1238w, https:\/\/pharmarosso.com\/wp-content\/uploads\/2025\/06\/image-26-300x296.webp 300w, https:\/\/pharmarosso.com\/wp-content\/uploads\/2025\/06\/image-26-1024x1010.webp 1024w, https:\/\/pharmarosso.com\/wp-content\/uploads\/2025\/06\/image-26-768x757.webp 768w\" sizes=\"(max-width: 1238px) 100vw, 1238px\" \/>\t\t\t\t\t\t\t\t\t\t\t\t\t\t\t<\/div>\n\t\t\t\t<\/div>\n\t\t\t\t\t<\/div>\n\t\t<\/div>\n\t\t\t\t\t<\/div>\n\t\t<\/section>\n\t\t\t\t<\/div>\n\t\t","protected":false},"excerpt":{"rendered":"<p>\u0130thalat ve \u0130hracat \u2018Pharma Rosso G\u0131da \u0130la\u00e7 Kozmetik Medikal San. D\u0131\u015f Tic. Ltd. \u015eti.\u2019\u2019 olarak pazardaki a\u00e7\u0131\u011f\u0131 kapatmak ve \u00fclkemize ve insanlar\u0131m\u0131za katk\u0131da bulunmak amac\u0131yla 2000 y\u0131l\u0131nda yola \u00e7\u0131kt\u0131k. Import &amp; Export Pharma Rosso G\u0131da \u0130la\u00e7 Kozmetik Medikal San. D\u0131\u015f Tic. Ltd. \u015eti. olarak pazardaki a\u00e7\u0131\u011f\u0131 kapatmak ve \u00fclkemize ve insanlar\u0131m\u0131za katk\u0131da bulunmak amac\u0131yla 2015 [&hellip;]<\/p>\n","protected":false},"author":1,"featured_media":0,"parent":0,"menu_order":0,"comment_status":"closed","ping_status":"closed","template":"elementor_header_footer","meta":{"footnotes":""},"class_list":["post-1300","page","type-page","status-publish","hentry"],"yoast_head":"<!-- This site is optimized with the Yoast SEO plugin v27.3 - https:\/\/yoast.com\/product\/yoast-seo-wordpress\/ -->\n<title>Import &amp; Export - Pharma Rosso<\/title>\n<meta name=\"robots\" content=\"index, follow, max-snippet:-1, max-image-preview:large, max-video-preview:-1\" \/>\n<link rel=\"canonical\" href=\"https:\/\/pharmarosso.com\/import-export\/\" \/>\n<meta property=\"og:locale\" content=\"en_US\" \/>\n<meta property=\"og:type\" content=\"article\" \/>\n<meta property=\"og:title\" content=\"Import &amp; Export - Pharma Rosso\" \/>\n<meta property=\"og:description\" content=\"\u0130thalat ve \u0130hracat \u2018Pharma Rosso G\u0131da \u0130la\u00e7 Kozmetik Medikal San. D\u0131\u015f Tic. Ltd. \u015eti.\u2019\u2019 olarak pazardaki a\u00e7\u0131\u011f\u0131 kapatmak ve \u00fclkemize ve insanlar\u0131m\u0131za katk\u0131da bulunmak amac\u0131yla 2000 y\u0131l\u0131nda yola \u00e7\u0131kt\u0131k. Import &amp; Export Pharma Rosso G\u0131da \u0130la\u00e7 Kozmetik Medikal San. D\u0131\u015f Tic. Ltd. \u015eti. olarak pazardaki a\u00e7\u0131\u011f\u0131 kapatmak ve \u00fclkemize ve insanlar\u0131m\u0131za katk\u0131da bulunmak amac\u0131yla 2015 [&hellip;]\" \/>\n<meta property=\"og:url\" content=\"https:\/\/pharmarosso.com\/import-export\/\" \/>\n<meta property=\"og:site_name\" content=\"Pharma Rosso\" \/>\n<meta property=\"article:modified_time\" content=\"2025-07-07T18:17:23+00:00\" \/>\n<meta property=\"og:image\" content=\"https:\/\/pharmarosso.com\/wp-content\/uploads\/2025\/06\/image-26.webp\" \/>\n\t<meta property=\"og:image:width\" content=\"1238\" \/>\n\t<meta property=\"og:image:height\" content=\"1221\" \/>\n\t<meta property=\"og:image:type\" content=\"image\/webp\" \/>\n<meta name=\"twitter:card\" content=\"summary_large_image\" \/>\n<meta name=\"twitter:label1\" content=\"Est. reading time\" \/>\n\t<meta name=\"twitter:data1\" content=\"1 minute\" \/>\n<script type=\"application\/ld+json\" class=\"yoast-schema-graph\">{\"@context\":\"https:\\\/\\\/schema.org\",\"@graph\":[{\"@type\":\"WebPage\",\"@id\":\"https:\\\/\\\/pharmarosso.com\\\/import-export\\\/\",\"url\":\"https:\\\/\\\/pharmarosso.com\\\/import-export\\\/\",\"name\":\"Import & Export - Pharma Rosso\",\"isPartOf\":{\"@id\":\"https:\\\/\\\/pharmarosso.com\\\/#website\"},\"primaryImageOfPage\":{\"@id\":\"https:\\\/\\\/pharmarosso.com\\\/import-export\\\/#primaryimage\"},\"image\":{\"@id\":\"https:\\\/\\\/pharmarosso.com\\\/import-export\\\/#primaryimage\"},\"thumbnailUrl\":\"https:\\\/\\\/pharmarosso.com\\\/wp-content\\\/uploads\\\/2025\\\/06\\\/image-26.webp\",\"datePublished\":\"2025-06-23T09:54:31+00:00\",\"dateModified\":\"2025-07-07T18:17:23+00:00\",\"breadcrumb\":{\"@id\":\"https:\\\/\\\/pharmarosso.com\\\/import-export\\\/#breadcrumb\"},\"inLanguage\":\"en-US\",\"potentialAction\":[{\"@type\":\"ReadAction\",\"target\":[\"https:\\\/\\\/pharmarosso.com\\\/import-export\\\/\"]}]},{\"@type\":\"ImageObject\",\"inLanguage\":\"en-US\",\"@id\":\"https:\\\/\\\/pharmarosso.com\\\/import-export\\\/#primaryimage\",\"url\":\"https:\\\/\\\/pharmarosso.com\\\/wp-content\\\/uploads\\\/2025\\\/06\\\/image-26.webp\",\"contentUrl\":\"https:\\\/\\\/pharmarosso.com\\\/wp-content\\\/uploads\\\/2025\\\/06\\\/image-26.webp\"},{\"@type\":\"BreadcrumbList\",\"@id\":\"https:\\\/\\\/pharmarosso.com\\\/import-export\\\/#breadcrumb\",\"itemListElement\":[{\"@type\":\"ListItem\",\"position\":1,\"name\":\"Anasayfa\",\"item\":\"https:\\\/\\\/pharmarosso.com\\\/\"},{\"@type\":\"ListItem\",\"position\":2,\"name\":\"Import &#038; Export\"}]},{\"@type\":\"WebSite\",\"@id\":\"https:\\\/\\\/pharmarosso.com\\\/#website\",\"url\":\"https:\\\/\\\/pharmarosso.com\\\/\",\"name\":\"Pharma Rosso\",\"description\":\"\",\"potentialAction\":[{\"@type\":\"SearchAction\",\"target\":{\"@type\":\"EntryPoint\",\"urlTemplate\":\"https:\\\/\\\/pharmarosso.com\\\/?s={search_term_string}\"},\"query-input\":{\"@type\":\"PropertyValueSpecification\",\"valueRequired\":true,\"valueName\":\"search_term_string\"}}],\"inLanguage\":\"en-US\"}]}<\/script>\n<!-- \/ Yoast SEO plugin. -->","yoast_head_json":{"title":"Import & Export - Pharma Rosso","robots":{"index":"index","follow":"follow","max-snippet":"max-snippet:-1","max-image-preview":"max-image-preview:large","max-video-preview":"max-video-preview:-1"},"canonical":"https:\/\/pharmarosso.com\/import-export\/","og_locale":"en_US","og_type":"article","og_title":"Import & Export - Pharma Rosso","og_description":"\u0130thalat ve \u0130hracat \u2018Pharma Rosso G\u0131da \u0130la\u00e7 Kozmetik Medikal San. D\u0131\u015f Tic. Ltd. \u015eti.\u2019\u2019 olarak pazardaki a\u00e7\u0131\u011f\u0131 kapatmak ve \u00fclkemize ve insanlar\u0131m\u0131za katk\u0131da bulunmak amac\u0131yla 2000 y\u0131l\u0131nda yola \u00e7\u0131kt\u0131k. Import &amp; Export Pharma Rosso G\u0131da \u0130la\u00e7 Kozmetik Medikal San. D\u0131\u015f Tic. Ltd. \u015eti. olarak pazardaki a\u00e7\u0131\u011f\u0131 kapatmak ve \u00fclkemize ve insanlar\u0131m\u0131za katk\u0131da bulunmak amac\u0131yla 2015 [&hellip;]","og_url":"https:\/\/pharmarosso.com\/import-export\/","og_site_name":"Pharma Rosso","article_modified_time":"2025-07-07T18:17:23+00:00","og_image":[{"width":1238,"height":1221,"url":"https:\/\/pharmarosso.com\/wp-content\/uploads\/2025\/06\/image-26.webp","type":"image\/webp"}],"twitter_card":"summary_large_image","twitter_misc":{"Est. reading time":"1 minute"},"schema":{"@context":"https:\/\/schema.org","@graph":[{"@type":"WebPage","@id":"https:\/\/pharmarosso.com\/import-export\/","url":"https:\/\/pharmarosso.com\/import-export\/","name":"Import & Export - Pharma Rosso","isPartOf":{"@id":"https:\/\/pharmarosso.com\/#website"},"primaryImageOfPage":{"@id":"https:\/\/pharmarosso.com\/import-export\/#primaryimage"},"image":{"@id":"https:\/\/pharmarosso.com\/import-export\/#primaryimage"},"thumbnailUrl":"https:\/\/pharmarosso.com\/wp-content\/uploads\/2025\/06\/image-26.webp","datePublished":"2025-06-23T09:54:31+00:00","dateModified":"2025-07-07T18:17:23+00:00","breadcrumb":{"@id":"https:\/\/pharmarosso.com\/import-export\/#breadcrumb"},"inLanguage":"en-US","potentialAction":[{"@type":"ReadAction","target":["https:\/\/pharmarosso.com\/import-export\/"]}]},{"@type":"ImageObject","inLanguage":"en-US","@id":"https:\/\/pharmarosso.com\/import-export\/#primaryimage","url":"https:\/\/pharmarosso.com\/wp-content\/uploads\/2025\/06\/image-26.webp","contentUrl":"https:\/\/pharmarosso.com\/wp-content\/uploads\/2025\/06\/image-26.webp"},{"@type":"BreadcrumbList","@id":"https:\/\/pharmarosso.com\/import-export\/#breadcrumb","itemListElement":[{"@type":"ListItem","position":1,"name":"Anasayfa","item":"https:\/\/pharmarosso.com\/"},{"@type":"ListItem","position":2,"name":"Import &#038; Export"}]},{"@type":"WebSite","@id":"https:\/\/pharmarosso.com\/#website","url":"https:\/\/pharmarosso.com\/","name":"Pharma Rosso","description":"","potentialAction":[{"@type":"SearchAction","target":{"@type":"EntryPoint","urlTemplate":"https:\/\/pharmarosso.com\/?s={search_term_string}"},"query-input":{"@type":"PropertyValueSpecification","valueRequired":true,"valueName":"search_term_string"}}],"inLanguage":"en-US"}]}},"_links":{"self":[{"href":"https:\/\/pharmarosso.com\/en\/wp-json\/wp\/v2\/pages\/1300","targetHints":{"allow":["GET"]}}],"collection":[{"href":"https:\/\/pharmarosso.com\/en\/wp-json\/wp\/v2\/pages"}],"about":[{"href":"https:\/\/pharmarosso.com\/en\/wp-json\/wp\/v2\/types\/page"}],"author":[{"embeddable":true,"href":"https:\/\/pharmarosso.com\/en\/wp-json\/wp\/v2\/users\/1"}],"replies":[{"embeddable":true,"href":"https:\/\/pharmarosso.com\/en\/wp-json\/wp\/v2\/comments?post=1300"}],"version-history":[{"count":6,"href":"https:\/\/pharmarosso.com\/en\/wp-json\/wp\/v2\/pages\/1300\/revisions"}],"predecessor-version":[{"id":1377,"href":"https:\/\/pharmarosso.com\/en\/wp-json\/wp\/v2\/pages\/1300\/revisions\/1377"}],"wp:attachment":[{"href":"https:\/\/pharmarosso.com\/en\/wp-json\/wp\/v2\/media?parent=1300"}],"curies":[{"name":"wp","href":"https:\/\/api.w.org\/{rel}","templated":true}]}}