{"id":1687,"date":"2025-07-03T10:35:12","date_gmt":"2025-07-03T10:35:12","guid":{"rendered":"https:\/\/pharmarosso.com\/yumusak-kapsul\/"},"modified":"2025-07-10T19:06:00","modified_gmt":"2025-07-10T19:06:00","slug":"weichkapsel","status":"publish","type":"page","link":"https:\/\/pharmarosso.com\/de\/weichkapsel\/","title":{"rendered":"Weichkapsel"},"content":{"rendered":"\t\t<div data-elementor-type=\"wp-page\" data-elementor-id=\"1687\" class=\"elementor elementor-1687 elementor-1019\" data-elementor-post-type=\"page\">\n\t\t\t\t\t\t<section class=\"elementor-section elementor-top-section elementor-element elementor-element-f92ac59 elementor-section-boxed elementor-section-height-default elementor-section-height-default\" data-id=\"f92ac59\" data-element_type=\"section\" data-settings=\"{&quot;background_background&quot;:&quot;classic&quot;}\">\n\t\t\t\t\t\t\t<div class=\"elementor-background-overlay\"><\/div>\n\t\t\t\t\t\t\t<div class=\"elementor-container elementor-column-gap-no\">\n\t\t\t\t\t<div class=\"elementor-column elementor-col-100 elementor-top-column elementor-element elementor-element-6bac306\" data-id=\"6bac306\" data-element_type=\"column\">\n\t\t\t<div class=\"elementor-widget-wrap elementor-element-populated\">\n\t\t\t\t\t\t<div class=\"elementor-element elementor-element-08e7693 elementor-widget elementor-widget-heading\" data-id=\"08e7693\" data-element_type=\"widget\" data-widget_type=\"heading.default\">\n\t\t\t\t<div class=\"elementor-widget-container\">\n\t\t\t\t\t<h2 class=\"elementor-heading-title elementor-size-default\">Weichkapsel<\/h2>\t\t\t\t<\/div>\n\t\t\t\t<\/div>\n\t\t\t\t<div class=\"elementor-element elementor-element-6176998 elementor-view-default elementor-widget elementor-widget-icon\" data-id=\"6176998\" data-element_type=\"widget\" data-widget_type=\"icon.default\">\n\t\t\t\t<div class=\"elementor-widget-container\">\n\t\t\t\t\t\t\t<div class=\"elementor-icon-wrapper\">\n\t\t\t<div class=\"elementor-icon\">\n\t\t\t<i aria-hidden=\"true\" class=\"icon icon-arrow-down-circle\"><\/i>\t\t\t<\/div>\n\t\t<\/div>\n\t\t\t\t\t\t<\/div>\n\t\t\t\t<\/div>\n\t\t\t\t\t<\/div>\n\t\t<\/div>\n\t\t\t\t\t<\/div>\n\t\t<\/section>\n\t\t\t\t<section class=\"elementor-section elementor-top-section elementor-element elementor-element-0c351af elementor-section-boxed elementor-section-height-default elementor-section-height-default\" data-id=\"0c351af\" data-element_type=\"section\">\n\t\t\t\t\t\t<div class=\"elementor-container elementor-column-gap-default\">\n\t\t\t\t\t<div class=\"elementor-column elementor-col-100 elementor-top-column elementor-element elementor-element-b8c52d8\" data-id=\"b8c52d8\" data-element_type=\"column\">\n\t\t\t<div class=\"elementor-widget-wrap elementor-element-populated\">\n\t\t\t\t\t\t<div class=\"elementor-element elementor-element-8c7747d elementor-widget elementor-widget-text-editor\" data-id=\"8c7747d\" data-element_type=\"widget\" data-widget_type=\"text-editor.default\">\n\t\t\t\t<div class=\"elementor-widget-container\">\n\t\t\t\t\t\t\t\t\t<p>Die Weichkapsel ist eine der Darreichungsformen von Arzneimitteln und Vitaminpr\u00e4paraten.<\/p><p>Weichkapseln sind Kapseln, die Fett und fettl\u00f6sliche Stoffe in einer weichen Wand enthalten. Diese Produkte werden gewonnen, indem das Arzneimittel in Beh\u00e4ltnisse mit einer Form, die als Kapseln bezeichnet wird, gef\u00fcllt wird.<\/p><p>Weichkapselprodukte werden bei der Herstellung und Verpackung von Arzneimitteln, Vitaminen und Mineralien verwendet.<\/p><h2><strong>Produktionsanlagen<\/strong><\/h2><p>Pharmarosso betreibt Forschung und Entwicklung sowie Produktion nach europ\u00e4ischen Standards in seinen hochtechnologisch ausgestatteten Labors und Einrichtungen. Als Pharmarosso haben wir eine t\u00e4gliche Produktionskapazit\u00e4t von 100 Tausend Weichkapseln.<\/p>\t\t\t\t\t\t\t\t<\/div>\n\t\t\t\t<\/div>\n\t\t\t\t\t<\/div>\n\t\t<\/div>\n\t\t\t\t\t<\/div>\n\t\t<\/section>\n\t\t\t\t<\/div>\n\t\t","protected":false},"excerpt":{"rendered":"<p>Weichkapsel Die Weichkapsel ist eine der Darreichungsformen von Arzneimitteln und Vitaminpr\u00e4paraten. Weichkapseln sind Kapseln, die Fett und fettl\u00f6sliche Stoffe in einer weichen Wand enthalten. Diese Produkte werden gewonnen, indem das Arzneimittel in Beh\u00e4ltnisse mit einer Form, die als Kapseln bezeichnet wird, gef\u00fcllt wird. Weichkapselprodukte werden bei der Herstellung und Verpackung von Arzneimitteln, Vitaminen und Mineralien [&hellip;]<\/p>\n","protected":false},"author":1,"featured_media":0,"parent":0,"menu_order":0,"comment_status":"closed","ping_status":"closed","template":"elementor_header_footer","meta":{"footnotes":""},"class_list":["post-1687","page","type-page","status-publish","hentry"],"yoast_head":"<!-- This site is optimized with the Yoast SEO plugin v27.3 - https:\/\/yoast.com\/product\/yoast-seo-wordpress\/ -->\n<title>Weichkapsel - Pharma Rosso<\/title>\n<meta name=\"robots\" content=\"index, follow, max-snippet:-1, max-image-preview:large, max-video-preview:-1\" \/>\n<link rel=\"canonical\" href=\"https:\/\/pharmarosso.com\/de\/weichkapsel\/\" \/>\n<meta property=\"og:locale\" content=\"de_DE\" \/>\n<meta property=\"og:type\" content=\"article\" \/>\n<meta property=\"og:title\" content=\"Weichkapsel - Pharma Rosso\" \/>\n<meta property=\"og:description\" content=\"Weichkapsel Die Weichkapsel ist eine der Darreichungsformen von Arzneimitteln und Vitaminpr\u00e4paraten. Weichkapseln sind Kapseln, die Fett und fettl\u00f6sliche Stoffe in einer weichen Wand enthalten. Diese Produkte werden gewonnen, indem das Arzneimittel in Beh\u00e4ltnisse mit einer Form, die als Kapseln bezeichnet wird, gef\u00fcllt wird. Weichkapselprodukte werden bei der Herstellung und Verpackung von Arzneimitteln, Vitaminen und Mineralien [&hellip;]\" \/>\n<meta property=\"og:url\" content=\"https:\/\/pharmarosso.com\/de\/weichkapsel\/\" \/>\n<meta property=\"og:site_name\" content=\"Pharma Rosso\" \/>\n<meta property=\"article:modified_time\" content=\"2025-07-10T19:06:00+00:00\" \/>\n<meta name=\"twitter:card\" content=\"summary_large_image\" \/>\n<meta name=\"twitter:label1\" content=\"Gesch\u00e4tzte Lesezeit\" \/>\n\t<meta name=\"twitter:data1\" content=\"1\u00a0Minute\" \/>\n<script type=\"application\/ld+json\" class=\"yoast-schema-graph\">{\"@context\":\"https:\\\/\\\/schema.org\",\"@graph\":[{\"@type\":\"WebPage\",\"@id\":\"https:\\\/\\\/pharmarosso.com\\\/de\\\/weichkapsel\\\/\",\"url\":\"https:\\\/\\\/pharmarosso.com\\\/de\\\/weichkapsel\\\/\",\"name\":\"Weichkapsel - Pharma Rosso\",\"isPartOf\":{\"@id\":\"https:\\\/\\\/pharmarosso.com\\\/#website\"},\"datePublished\":\"2025-07-03T10:35:12+00:00\",\"dateModified\":\"2025-07-10T19:06:00+00:00\",\"breadcrumb\":{\"@id\":\"https:\\\/\\\/pharmarosso.com\\\/de\\\/weichkapsel\\\/#breadcrumb\"},\"inLanguage\":\"de\",\"potentialAction\":[{\"@type\":\"ReadAction\",\"target\":[\"https:\\\/\\\/pharmarosso.com\\\/de\\\/weichkapsel\\\/\"]}]},{\"@type\":\"BreadcrumbList\",\"@id\":\"https:\\\/\\\/pharmarosso.com\\\/de\\\/weichkapsel\\\/#breadcrumb\",\"itemListElement\":[{\"@type\":\"ListItem\",\"position\":1,\"name\":\"Anasayfa\",\"item\":\"https:\\\/\\\/pharmarosso.com\\\/\"},{\"@type\":\"ListItem\",\"position\":2,\"name\":\"Weichkapsel\"}]},{\"@type\":\"WebSite\",\"@id\":\"https:\\\/\\\/pharmarosso.com\\\/#website\",\"url\":\"https:\\\/\\\/pharmarosso.com\\\/\",\"name\":\"Pharma Rosso\",\"description\":\"\",\"potentialAction\":[{\"@type\":\"SearchAction\",\"target\":{\"@type\":\"EntryPoint\",\"urlTemplate\":\"https:\\\/\\\/pharmarosso.com\\\/?s={search_term_string}\"},\"query-input\":{\"@type\":\"PropertyValueSpecification\",\"valueRequired\":true,\"valueName\":\"search_term_string\"}}],\"inLanguage\":\"de\"}]}<\/script>\n<!-- \/ Yoast SEO plugin. -->","yoast_head_json":{"title":"Weichkapsel - Pharma Rosso","robots":{"index":"index","follow":"follow","max-snippet":"max-snippet:-1","max-image-preview":"max-image-preview:large","max-video-preview":"max-video-preview:-1"},"canonical":"https:\/\/pharmarosso.com\/de\/weichkapsel\/","og_locale":"de_DE","og_type":"article","og_title":"Weichkapsel - Pharma Rosso","og_description":"Weichkapsel Die Weichkapsel ist eine der Darreichungsformen von Arzneimitteln und Vitaminpr\u00e4paraten. Weichkapseln sind Kapseln, die Fett und fettl\u00f6sliche Stoffe in einer weichen Wand enthalten. Diese Produkte werden gewonnen, indem das Arzneimittel in Beh\u00e4ltnisse mit einer Form, die als Kapseln bezeichnet wird, gef\u00fcllt wird. Weichkapselprodukte werden bei der Herstellung und Verpackung von Arzneimitteln, Vitaminen und Mineralien [&hellip;]","og_url":"https:\/\/pharmarosso.com\/de\/weichkapsel\/","og_site_name":"Pharma Rosso","article_modified_time":"2025-07-10T19:06:00+00:00","twitter_card":"summary_large_image","twitter_misc":{"Gesch\u00e4tzte Lesezeit":"1\u00a0Minute"},"schema":{"@context":"https:\/\/schema.org","@graph":[{"@type":"WebPage","@id":"https:\/\/pharmarosso.com\/de\/weichkapsel\/","url":"https:\/\/pharmarosso.com\/de\/weichkapsel\/","name":"Weichkapsel - Pharma Rosso","isPartOf":{"@id":"https:\/\/pharmarosso.com\/#website"},"datePublished":"2025-07-03T10:35:12+00:00","dateModified":"2025-07-10T19:06:00+00:00","breadcrumb":{"@id":"https:\/\/pharmarosso.com\/de\/weichkapsel\/#breadcrumb"},"inLanguage":"de","potentialAction":[{"@type":"ReadAction","target":["https:\/\/pharmarosso.com\/de\/weichkapsel\/"]}]},{"@type":"BreadcrumbList","@id":"https:\/\/pharmarosso.com\/de\/weichkapsel\/#breadcrumb","itemListElement":[{"@type":"ListItem","position":1,"name":"Anasayfa","item":"https:\/\/pharmarosso.com\/"},{"@type":"ListItem","position":2,"name":"Weichkapsel"}]},{"@type":"WebSite","@id":"https:\/\/pharmarosso.com\/#website","url":"https:\/\/pharmarosso.com\/","name":"Pharma Rosso","description":"","potentialAction":[{"@type":"SearchAction","target":{"@type":"EntryPoint","urlTemplate":"https:\/\/pharmarosso.com\/?s={search_term_string}"},"query-input":{"@type":"PropertyValueSpecification","valueRequired":true,"valueName":"search_term_string"}}],"inLanguage":"de"}]}},"_links":{"self":[{"href":"https:\/\/pharmarosso.com\/de\/wp-json\/wp\/v2\/pages\/1687","targetHints":{"allow":["GET"]}}],"collection":[{"href":"https:\/\/pharmarosso.com\/de\/wp-json\/wp\/v2\/pages"}],"about":[{"href":"https:\/\/pharmarosso.com\/de\/wp-json\/wp\/v2\/types\/page"}],"author":[{"embeddable":true,"href":"https:\/\/pharmarosso.com\/de\/wp-json\/wp\/v2\/users\/1"}],"replies":[{"embeddable":true,"href":"https:\/\/pharmarosso.com\/de\/wp-json\/wp\/v2\/comments?post=1687"}],"version-history":[{"count":4,"href":"https:\/\/pharmarosso.com\/de\/wp-json\/wp\/v2\/pages\/1687\/revisions"}],"predecessor-version":[{"id":1930,"href":"https:\/\/pharmarosso.com\/de\/wp-json\/wp\/v2\/pages\/1687\/revisions\/1930"}],"wp:attachment":[{"href":"https:\/\/pharmarosso.com\/de\/wp-json\/wp\/v2\/media?parent=1687"}],"curies":[{"name":"wp","href":"https:\/\/api.w.org\/{rel}","templated":true}]}}