{"id":1681,"date":"2025-07-03T10:34:34","date_gmt":"2025-07-03T10:34:34","guid":{"rendered":"https:\/\/pharmarosso.com\/toz-dolum\/"},"modified":"2025-07-10T19:02:11","modified_gmt":"2025-07-10T19:02:11","slug":"fuellung-mit-pulver","status":"publish","type":"page","link":"https:\/\/pharmarosso.com\/de\/fuellung-mit-pulver\/","title":{"rendered":"F\u00fcllung mit Pulver"},"content":{"rendered":"\t\t<div data-elementor-type=\"wp-page\" data-elementor-id=\"1681\" class=\"elementor elementor-1681 elementor-1018\" data-elementor-post-type=\"page\">\n\t\t\t\t\t\t<section class=\"elementor-section elementor-top-section elementor-element elementor-element-f92ac59 elementor-section-boxed elementor-section-height-default elementor-section-height-default\" data-id=\"f92ac59\" data-element_type=\"section\" data-settings=\"{&quot;background_background&quot;:&quot;classic&quot;}\">\n\t\t\t\t\t\t\t<div class=\"elementor-background-overlay\"><\/div>\n\t\t\t\t\t\t\t<div class=\"elementor-container elementor-column-gap-no\">\n\t\t\t\t\t<div class=\"elementor-column elementor-col-100 elementor-top-column elementor-element elementor-element-6bac306\" data-id=\"6bac306\" data-element_type=\"column\">\n\t\t\t<div class=\"elementor-widget-wrap elementor-element-populated\">\n\t\t\t\t\t\t<div class=\"elementor-element elementor-element-08e7693 elementor-widget elementor-widget-heading\" data-id=\"08e7693\" data-element_type=\"widget\" data-widget_type=\"heading.default\">\n\t\t\t\t<div class=\"elementor-widget-container\">\n\t\t\t\t\t<h2 class=\"elementor-heading-title elementor-size-default\">F\u00fcllung mit Pulver<\/h2>\t\t\t\t<\/div>\n\t\t\t\t<\/div>\n\t\t\t\t<div class=\"elementor-element elementor-element-6176998 elementor-view-default elementor-widget elementor-widget-icon\" data-id=\"6176998\" data-element_type=\"widget\" data-widget_type=\"icon.default\">\n\t\t\t\t<div class=\"elementor-widget-container\">\n\t\t\t\t\t\t\t<div class=\"elementor-icon-wrapper\">\n\t\t\t<div class=\"elementor-icon\">\n\t\t\t<i aria-hidden=\"true\" class=\"icon icon-arrow-down-circle\"><\/i>\t\t\t<\/div>\n\t\t<\/div>\n\t\t\t\t\t\t<\/div>\n\t\t\t\t<\/div>\n\t\t\t\t\t<\/div>\n\t\t<\/div>\n\t\t\t\t\t<\/div>\n\t\t<\/section>\n\t\t\t\t<section class=\"elementor-section elementor-top-section elementor-element elementor-element-0c351af elementor-section-boxed elementor-section-height-default elementor-section-height-default\" data-id=\"0c351af\" data-element_type=\"section\">\n\t\t\t\t\t\t<div class=\"elementor-container elementor-column-gap-default\">\n\t\t\t\t\t<div class=\"elementor-column elementor-col-100 elementor-top-column elementor-element elementor-element-b8c52d8\" data-id=\"b8c52d8\" data-element_type=\"column\">\n\t\t\t<div class=\"elementor-widget-wrap elementor-element-populated\">\n\t\t\t\t\t\t<div class=\"elementor-element elementor-element-8c7747d elementor-widget elementor-widget-text-editor\" data-id=\"8c7747d\" data-element_type=\"widget\" data-widget_type=\"text-editor.default\">\n\t\t\t\t<div class=\"elementor-widget-container\">\n\t\t\t\t\t\t\t\t\t<p>Bei der Pulverabf\u00fcllung handelt es sich um ein Abf\u00fcllverfahren, mit dem Pulver mit hoher und niedriger Dichte in das gew\u00fcnschte Gewicht verpackt werden k\u00f6nnen.<\/p><p>Die Pulverabf\u00fcllung wird in der Chemie-, Pharma-, Lebensmittel-, Kosmetik- und Waschmittelbranche und \u00e4hnlichen Bereichen eingesetzt. Die Pulverabf\u00fcllung kann in Glasflaschen, Kunststoffflaschen, Flaschen, F\u00e4sser, Dosen, Kisten und \u00e4hnliche Verpackungen erfolgen.<\/p><p>Bei der Pulverabf\u00fcllung wird der Produktverlust w\u00e4hrend des Abf\u00fcllvorgangs durch pr\u00e4zise Dosierung minimiert.<\/p><h2><strong>Produktionsanlagen<\/strong><\/h2><p>Pharmarosso f\u00fchrt Forschung und Entwicklung sowie die Produktion nach europ\u00e4ischen Standards in seinen hochtechnologisch ausgestatteten Labors und Anlagen durch. Als Pharmarosso verf\u00fcgen wir \u00fcber eine t\u00e4gliche Pulverabf\u00fcllkapazit\u00e4t von 100 Tausend Einheiten.<\/p>\t\t\t\t\t\t\t\t<\/div>\n\t\t\t\t<\/div>\n\t\t\t\t\t<\/div>\n\t\t<\/div>\n\t\t\t\t\t<\/div>\n\t\t<\/section>\n\t\t\t\t<\/div>\n\t\t","protected":false},"excerpt":{"rendered":"<p>F\u00fcllung mit Pulver Bei der Pulverabf\u00fcllung handelt es sich um ein Abf\u00fcllverfahren, mit dem Pulver mit hoher und niedriger Dichte in das gew\u00fcnschte Gewicht verpackt werden k\u00f6nnen. Die Pulverabf\u00fcllung wird in der Chemie-, Pharma-, Lebensmittel-, Kosmetik- und Waschmittelbranche und \u00e4hnlichen Bereichen eingesetzt. Die Pulverabf\u00fcllung kann in Glasflaschen, Kunststoffflaschen, Flaschen, F\u00e4sser, Dosen, Kisten und \u00e4hnliche Verpackungen [&hellip;]<\/p>\n","protected":false},"author":1,"featured_media":0,"parent":0,"menu_order":0,"comment_status":"closed","ping_status":"closed","template":"elementor_header_footer","meta":{"footnotes":""},"class_list":["post-1681","page","type-page","status-publish","hentry"],"yoast_head":"<!-- This site is optimized with the Yoast SEO plugin v27.3 - https:\/\/yoast.com\/product\/yoast-seo-wordpress\/ -->\n<title>F\u00fcllung mit Pulver - Pharma Rosso<\/title>\n<meta name=\"robots\" content=\"index, follow, max-snippet:-1, max-image-preview:large, max-video-preview:-1\" \/>\n<link rel=\"canonical\" href=\"https:\/\/pharmarosso.com\/de\/fuellung-mit-pulver\/\" \/>\n<meta property=\"og:locale\" content=\"de_DE\" \/>\n<meta property=\"og:type\" content=\"article\" \/>\n<meta property=\"og:title\" content=\"F\u00fcllung mit Pulver - Pharma Rosso\" \/>\n<meta property=\"og:description\" content=\"F\u00fcllung mit Pulver Bei der Pulverabf\u00fcllung handelt es sich um ein Abf\u00fcllverfahren, mit dem Pulver mit hoher und niedriger Dichte in das gew\u00fcnschte Gewicht verpackt werden k\u00f6nnen. Die Pulverabf\u00fcllung wird in der Chemie-, Pharma-, Lebensmittel-, Kosmetik- und Waschmittelbranche und \u00e4hnlichen Bereichen eingesetzt. Die Pulverabf\u00fcllung kann in Glasflaschen, Kunststoffflaschen, Flaschen, F\u00e4sser, Dosen, Kisten und \u00e4hnliche Verpackungen [&hellip;]\" \/>\n<meta property=\"og:url\" content=\"https:\/\/pharmarosso.com\/de\/fuellung-mit-pulver\/\" \/>\n<meta property=\"og:site_name\" content=\"Pharma Rosso\" \/>\n<meta property=\"article:modified_time\" content=\"2025-07-10T19:02:11+00:00\" \/>\n<meta name=\"twitter:card\" content=\"summary_large_image\" \/>\n<meta name=\"twitter:label1\" content=\"Gesch\u00e4tzte Lesezeit\" \/>\n\t<meta name=\"twitter:data1\" content=\"1\u00a0Minute\" \/>\n<script type=\"application\/ld+json\" class=\"yoast-schema-graph\">{\"@context\":\"https:\\\/\\\/schema.org\",\"@graph\":[{\"@type\":\"WebPage\",\"@id\":\"https:\\\/\\\/pharmarosso.com\\\/de\\\/fuellung-mit-pulver\\\/\",\"url\":\"https:\\\/\\\/pharmarosso.com\\\/de\\\/fuellung-mit-pulver\\\/\",\"name\":\"F\u00fcllung mit Pulver - Pharma Rosso\",\"isPartOf\":{\"@id\":\"https:\\\/\\\/pharmarosso.com\\\/#website\"},\"datePublished\":\"2025-07-03T10:34:34+00:00\",\"dateModified\":\"2025-07-10T19:02:11+00:00\",\"breadcrumb\":{\"@id\":\"https:\\\/\\\/pharmarosso.com\\\/de\\\/fuellung-mit-pulver\\\/#breadcrumb\"},\"inLanguage\":\"de\",\"potentialAction\":[{\"@type\":\"ReadAction\",\"target\":[\"https:\\\/\\\/pharmarosso.com\\\/de\\\/fuellung-mit-pulver\\\/\"]}]},{\"@type\":\"BreadcrumbList\",\"@id\":\"https:\\\/\\\/pharmarosso.com\\\/de\\\/fuellung-mit-pulver\\\/#breadcrumb\",\"itemListElement\":[{\"@type\":\"ListItem\",\"position\":1,\"name\":\"Anasayfa\",\"item\":\"https:\\\/\\\/pharmarosso.com\\\/\"},{\"@type\":\"ListItem\",\"position\":2,\"name\":\"F\u00fcllung mit Pulver\"}]},{\"@type\":\"WebSite\",\"@id\":\"https:\\\/\\\/pharmarosso.com\\\/#website\",\"url\":\"https:\\\/\\\/pharmarosso.com\\\/\",\"name\":\"Pharma Rosso\",\"description\":\"\",\"potentialAction\":[{\"@type\":\"SearchAction\",\"target\":{\"@type\":\"EntryPoint\",\"urlTemplate\":\"https:\\\/\\\/pharmarosso.com\\\/?s={search_term_string}\"},\"query-input\":{\"@type\":\"PropertyValueSpecification\",\"valueRequired\":true,\"valueName\":\"search_term_string\"}}],\"inLanguage\":\"de\"}]}<\/script>\n<!-- \/ Yoast SEO plugin. -->","yoast_head_json":{"title":"F\u00fcllung mit Pulver - Pharma Rosso","robots":{"index":"index","follow":"follow","max-snippet":"max-snippet:-1","max-image-preview":"max-image-preview:large","max-video-preview":"max-video-preview:-1"},"canonical":"https:\/\/pharmarosso.com\/de\/fuellung-mit-pulver\/","og_locale":"de_DE","og_type":"article","og_title":"F\u00fcllung mit Pulver - Pharma Rosso","og_description":"F\u00fcllung mit Pulver Bei der Pulverabf\u00fcllung handelt es sich um ein Abf\u00fcllverfahren, mit dem Pulver mit hoher und niedriger Dichte in das gew\u00fcnschte Gewicht verpackt werden k\u00f6nnen. Die Pulverabf\u00fcllung wird in der Chemie-, Pharma-, Lebensmittel-, Kosmetik- und Waschmittelbranche und \u00e4hnlichen Bereichen eingesetzt. Die Pulverabf\u00fcllung kann in Glasflaschen, Kunststoffflaschen, Flaschen, F\u00e4sser, Dosen, Kisten und \u00e4hnliche Verpackungen [&hellip;]","og_url":"https:\/\/pharmarosso.com\/de\/fuellung-mit-pulver\/","og_site_name":"Pharma Rosso","article_modified_time":"2025-07-10T19:02:11+00:00","twitter_card":"summary_large_image","twitter_misc":{"Gesch\u00e4tzte Lesezeit":"1\u00a0Minute"},"schema":{"@context":"https:\/\/schema.org","@graph":[{"@type":"WebPage","@id":"https:\/\/pharmarosso.com\/de\/fuellung-mit-pulver\/","url":"https:\/\/pharmarosso.com\/de\/fuellung-mit-pulver\/","name":"F\u00fcllung mit Pulver - Pharma Rosso","isPartOf":{"@id":"https:\/\/pharmarosso.com\/#website"},"datePublished":"2025-07-03T10:34:34+00:00","dateModified":"2025-07-10T19:02:11+00:00","breadcrumb":{"@id":"https:\/\/pharmarosso.com\/de\/fuellung-mit-pulver\/#breadcrumb"},"inLanguage":"de","potentialAction":[{"@type":"ReadAction","target":["https:\/\/pharmarosso.com\/de\/fuellung-mit-pulver\/"]}]},{"@type":"BreadcrumbList","@id":"https:\/\/pharmarosso.com\/de\/fuellung-mit-pulver\/#breadcrumb","itemListElement":[{"@type":"ListItem","position":1,"name":"Anasayfa","item":"https:\/\/pharmarosso.com\/"},{"@type":"ListItem","position":2,"name":"F\u00fcllung mit Pulver"}]},{"@type":"WebSite","@id":"https:\/\/pharmarosso.com\/#website","url":"https:\/\/pharmarosso.com\/","name":"Pharma Rosso","description":"","potentialAction":[{"@type":"SearchAction","target":{"@type":"EntryPoint","urlTemplate":"https:\/\/pharmarosso.com\/?s={search_term_string}"},"query-input":{"@type":"PropertyValueSpecification","valueRequired":true,"valueName":"search_term_string"}}],"inLanguage":"de"}]}},"_links":{"self":[{"href":"https:\/\/pharmarosso.com\/de\/wp-json\/wp\/v2\/pages\/1681","targetHints":{"allow":["GET"]}}],"collection":[{"href":"https:\/\/pharmarosso.com\/de\/wp-json\/wp\/v2\/pages"}],"about":[{"href":"https:\/\/pharmarosso.com\/de\/wp-json\/wp\/v2\/types\/page"}],"author":[{"embeddable":true,"href":"https:\/\/pharmarosso.com\/de\/wp-json\/wp\/v2\/users\/1"}],"replies":[{"embeddable":true,"href":"https:\/\/pharmarosso.com\/de\/wp-json\/wp\/v2\/comments?post=1681"}],"version-history":[{"count":4,"href":"https:\/\/pharmarosso.com\/de\/wp-json\/wp\/v2\/pages\/1681\/revisions"}],"predecessor-version":[{"id":1920,"href":"https:\/\/pharmarosso.com\/de\/wp-json\/wp\/v2\/pages\/1681\/revisions\/1920"}],"wp:attachment":[{"href":"https:\/\/pharmarosso.com\/de\/wp-json\/wp\/v2\/media?parent=1681"}],"curies":[{"name":"wp","href":"https:\/\/api.w.org\/{rel}","templated":true}]}}