{"id":1672,"date":"2025-07-03T10:33:46","date_gmt":"2025-07-03T10:33:46","guid":{"rendered":"https:\/\/pharmarosso.com\/sporcu-takviyeleri\/"},"modified":"2025-07-10T18:57:38","modified_gmt":"2025-07-10T18:57:38","slug":"sport-ergaenzungen","status":"publish","type":"page","link":"https:\/\/pharmarosso.com\/de\/sport-ergaenzungen\/","title":{"rendered":"Sport-Erg\u00e4nzungen"},"content":{"rendered":"\t\t<div data-elementor-type=\"wp-page\" data-elementor-id=\"1672\" class=\"elementor elementor-1672 elementor-1014\" data-elementor-post-type=\"page\">\n\t\t\t\t\t\t<section class=\"elementor-section elementor-top-section elementor-element elementor-element-f92ac59 elementor-section-boxed elementor-section-height-default elementor-section-height-default\" data-id=\"f92ac59\" data-element_type=\"section\" data-settings=\"{&quot;background_background&quot;:&quot;classic&quot;}\">\n\t\t\t\t\t\t\t<div class=\"elementor-background-overlay\"><\/div>\n\t\t\t\t\t\t\t<div class=\"elementor-container elementor-column-gap-no\">\n\t\t\t\t\t<div class=\"elementor-column elementor-col-100 elementor-top-column elementor-element elementor-element-6bac306\" data-id=\"6bac306\" data-element_type=\"column\">\n\t\t\t<div class=\"elementor-widget-wrap elementor-element-populated\">\n\t\t\t\t\t\t<div class=\"elementor-element elementor-element-08e7693 elementor-widget elementor-widget-heading\" data-id=\"08e7693\" data-element_type=\"widget\" data-widget_type=\"heading.default\">\n\t\t\t\t<div class=\"elementor-widget-container\">\n\t\t\t\t\t<h2 class=\"elementor-heading-title elementor-size-default\">Sport-Erg\u00e4nzungen<\/h2>\t\t\t\t<\/div>\n\t\t\t\t<\/div>\n\t\t\t\t<div class=\"elementor-element elementor-element-6176998 elementor-view-default elementor-widget elementor-widget-icon\" data-id=\"6176998\" data-element_type=\"widget\" data-widget_type=\"icon.default\">\n\t\t\t\t<div class=\"elementor-widget-container\">\n\t\t\t\t\t\t\t<div class=\"elementor-icon-wrapper\">\n\t\t\t<div class=\"elementor-icon\">\n\t\t\t<i aria-hidden=\"true\" class=\"icon icon-arrow-down-circle\"><\/i>\t\t\t<\/div>\n\t\t<\/div>\n\t\t\t\t\t\t<\/div>\n\t\t\t\t<\/div>\n\t\t\t\t\t<\/div>\n\t\t<\/div>\n\t\t\t\t\t<\/div>\n\t\t<\/section>\n\t\t\t\t<section class=\"elementor-section elementor-top-section elementor-element elementor-element-0c351af elementor-section-boxed elementor-section-height-default elementor-section-height-default\" data-id=\"0c351af\" data-element_type=\"section\">\n\t\t\t\t\t\t<div class=\"elementor-container elementor-column-gap-default\">\n\t\t\t\t\t<div class=\"elementor-column elementor-col-100 elementor-top-column elementor-element elementor-element-b8c52d8\" data-id=\"b8c52d8\" data-element_type=\"column\">\n\t\t\t<div class=\"elementor-widget-wrap elementor-element-populated\">\n\t\t\t\t\t\t<div class=\"elementor-element elementor-element-8c7747d elementor-widget elementor-widget-text-editor\" data-id=\"8c7747d\" data-element_type=\"widget\" data-widget_type=\"text-editor.default\">\n\t\t\t\t<div class=\"elementor-widget-container\">\n\t\t\t\t\t\t\t\t\t<p>Sportnahrungserg\u00e4nzungen sind ein Produkt, dessen Herstellung unter Einhaltung der GMP-, Hygiene- und Gesundheitsstandards erfolgen muss.<\/p><p>Die Erg\u00e4nzung von N\u00e4hrstoffen wie Vitaminen, Proteinen und Mineralien, die der K\u00f6rper von Menschen, die Sport treiben, ben\u00f6tigt, wird durch Sportnahrungserg\u00e4nzungen gew\u00e4hrleistet. Mit diesen Nahrungserg\u00e4nzungsmitteln erhalten die Sportler zus\u00e4tzliche Unterst\u00fctzung, damit der K\u00f6rper seine verschiedenen Funktionen richtig erf\u00fcllen kann.<\/p><p>Als Gesundheitsprodukt m\u00fcssen Sportnahrungserg\u00e4nzungen ohne menschliches Zutun und ohne Zusatz von sch\u00e4dlichen Zusatzstoffen hergestellt werden.<\/p><h2><strong>Produktionsanlagen<\/strong><\/h2><p>Pharmarosso betreibt Forschung und Entwicklung sowie die Produktion nach europ\u00e4ischen Standards in seinen hochtechnologisch ausgestatteten Labors und Einrichtungen. Als Pharmarosso verf\u00fcgen wir \u00fcber eine t\u00e4gliche Produktionskapazit\u00e4t von 100 Tausend Einheiten an Sportnahrungserg\u00e4nzungen.<\/p>\t\t\t\t\t\t\t\t<\/div>\n\t\t\t\t<\/div>\n\t\t\t\t\t<\/div>\n\t\t<\/div>\n\t\t\t\t\t<\/div>\n\t\t<\/section>\n\t\t\t\t<\/div>\n\t\t","protected":false},"excerpt":{"rendered":"<p>Sport-Erg\u00e4nzungen Sportnahrungserg\u00e4nzungen sind ein Produkt, dessen Herstellung unter Einhaltung der GMP-, Hygiene- und Gesundheitsstandards erfolgen muss. Die Erg\u00e4nzung von N\u00e4hrstoffen wie Vitaminen, Proteinen und Mineralien, die der K\u00f6rper von Menschen, die Sport treiben, ben\u00f6tigt, wird durch Sportnahrungserg\u00e4nzungen gew\u00e4hrleistet. Mit diesen Nahrungserg\u00e4nzungsmitteln erhalten die Sportler zus\u00e4tzliche Unterst\u00fctzung, damit der K\u00f6rper seine verschiedenen Funktionen richtig erf\u00fcllen kann. [&hellip;]<\/p>\n","protected":false},"author":1,"featured_media":0,"parent":0,"menu_order":0,"comment_status":"closed","ping_status":"closed","template":"elementor_header_footer","meta":{"footnotes":""},"class_list":["post-1672","page","type-page","status-publish","hentry"],"yoast_head":"<!-- This site is optimized with the Yoast SEO plugin v27.3 - https:\/\/yoast.com\/product\/yoast-seo-wordpress\/ -->\n<title>Sport-Erg\u00e4nzungen - Pharma Rosso<\/title>\n<meta name=\"robots\" content=\"index, follow, max-snippet:-1, max-image-preview:large, max-video-preview:-1\" \/>\n<link rel=\"canonical\" href=\"https:\/\/pharmarosso.com\/de\/sport-ergaenzungen\/\" \/>\n<meta property=\"og:locale\" content=\"de_DE\" \/>\n<meta property=\"og:type\" content=\"article\" \/>\n<meta property=\"og:title\" content=\"Sport-Erg\u00e4nzungen - Pharma Rosso\" \/>\n<meta property=\"og:description\" content=\"Sport-Erg\u00e4nzungen Sportnahrungserg\u00e4nzungen sind ein Produkt, dessen Herstellung unter Einhaltung der GMP-, Hygiene- und Gesundheitsstandards erfolgen muss. Die Erg\u00e4nzung von N\u00e4hrstoffen wie Vitaminen, Proteinen und Mineralien, die der K\u00f6rper von Menschen, die Sport treiben, ben\u00f6tigt, wird durch Sportnahrungserg\u00e4nzungen gew\u00e4hrleistet. Mit diesen Nahrungserg\u00e4nzungsmitteln erhalten die Sportler zus\u00e4tzliche Unterst\u00fctzung, damit der K\u00f6rper seine verschiedenen Funktionen richtig erf\u00fcllen kann. [&hellip;]\" \/>\n<meta property=\"og:url\" content=\"https:\/\/pharmarosso.com\/de\/sport-ergaenzungen\/\" \/>\n<meta property=\"og:site_name\" content=\"Pharma Rosso\" \/>\n<meta property=\"article:modified_time\" content=\"2025-07-10T18:57:38+00:00\" \/>\n<meta name=\"twitter:card\" content=\"summary_large_image\" \/>\n<meta name=\"twitter:label1\" content=\"Gesch\u00e4tzte Lesezeit\" \/>\n\t<meta name=\"twitter:data1\" content=\"1\u00a0Minute\" \/>\n<script type=\"application\/ld+json\" class=\"yoast-schema-graph\">{\"@context\":\"https:\\\/\\\/schema.org\",\"@graph\":[{\"@type\":\"WebPage\",\"@id\":\"https:\\\/\\\/pharmarosso.com\\\/de\\\/sport-ergaenzungen\\\/\",\"url\":\"https:\\\/\\\/pharmarosso.com\\\/de\\\/sport-ergaenzungen\\\/\",\"name\":\"Sport-Erg\u00e4nzungen - Pharma Rosso\",\"isPartOf\":{\"@id\":\"https:\\\/\\\/pharmarosso.com\\\/#website\"},\"datePublished\":\"2025-07-03T10:33:46+00:00\",\"dateModified\":\"2025-07-10T18:57:38+00:00\",\"breadcrumb\":{\"@id\":\"https:\\\/\\\/pharmarosso.com\\\/de\\\/sport-ergaenzungen\\\/#breadcrumb\"},\"inLanguage\":\"de\",\"potentialAction\":[{\"@type\":\"ReadAction\",\"target\":[\"https:\\\/\\\/pharmarosso.com\\\/de\\\/sport-ergaenzungen\\\/\"]}]},{\"@type\":\"BreadcrumbList\",\"@id\":\"https:\\\/\\\/pharmarosso.com\\\/de\\\/sport-ergaenzungen\\\/#breadcrumb\",\"itemListElement\":[{\"@type\":\"ListItem\",\"position\":1,\"name\":\"Anasayfa\",\"item\":\"https:\\\/\\\/pharmarosso.com\\\/\"},{\"@type\":\"ListItem\",\"position\":2,\"name\":\"Sport-Erg\u00e4nzungen\"}]},{\"@type\":\"WebSite\",\"@id\":\"https:\\\/\\\/pharmarosso.com\\\/#website\",\"url\":\"https:\\\/\\\/pharmarosso.com\\\/\",\"name\":\"Pharma Rosso\",\"description\":\"\",\"potentialAction\":[{\"@type\":\"SearchAction\",\"target\":{\"@type\":\"EntryPoint\",\"urlTemplate\":\"https:\\\/\\\/pharmarosso.com\\\/?s={search_term_string}\"},\"query-input\":{\"@type\":\"PropertyValueSpecification\",\"valueRequired\":true,\"valueName\":\"search_term_string\"}}],\"inLanguage\":\"de\"}]}<\/script>\n<!-- \/ Yoast SEO plugin. -->","yoast_head_json":{"title":"Sport-Erg\u00e4nzungen - Pharma Rosso","robots":{"index":"index","follow":"follow","max-snippet":"max-snippet:-1","max-image-preview":"max-image-preview:large","max-video-preview":"max-video-preview:-1"},"canonical":"https:\/\/pharmarosso.com\/de\/sport-ergaenzungen\/","og_locale":"de_DE","og_type":"article","og_title":"Sport-Erg\u00e4nzungen - Pharma Rosso","og_description":"Sport-Erg\u00e4nzungen Sportnahrungserg\u00e4nzungen sind ein Produkt, dessen Herstellung unter Einhaltung der GMP-, Hygiene- und Gesundheitsstandards erfolgen muss. Die Erg\u00e4nzung von N\u00e4hrstoffen wie Vitaminen, Proteinen und Mineralien, die der K\u00f6rper von Menschen, die Sport treiben, ben\u00f6tigt, wird durch Sportnahrungserg\u00e4nzungen gew\u00e4hrleistet. Mit diesen Nahrungserg\u00e4nzungsmitteln erhalten die Sportler zus\u00e4tzliche Unterst\u00fctzung, damit der K\u00f6rper seine verschiedenen Funktionen richtig erf\u00fcllen kann. [&hellip;]","og_url":"https:\/\/pharmarosso.com\/de\/sport-ergaenzungen\/","og_site_name":"Pharma Rosso","article_modified_time":"2025-07-10T18:57:38+00:00","twitter_card":"summary_large_image","twitter_misc":{"Gesch\u00e4tzte Lesezeit":"1\u00a0Minute"},"schema":{"@context":"https:\/\/schema.org","@graph":[{"@type":"WebPage","@id":"https:\/\/pharmarosso.com\/de\/sport-ergaenzungen\/","url":"https:\/\/pharmarosso.com\/de\/sport-ergaenzungen\/","name":"Sport-Erg\u00e4nzungen - Pharma Rosso","isPartOf":{"@id":"https:\/\/pharmarosso.com\/#website"},"datePublished":"2025-07-03T10:33:46+00:00","dateModified":"2025-07-10T18:57:38+00:00","breadcrumb":{"@id":"https:\/\/pharmarosso.com\/de\/sport-ergaenzungen\/#breadcrumb"},"inLanguage":"de","potentialAction":[{"@type":"ReadAction","target":["https:\/\/pharmarosso.com\/de\/sport-ergaenzungen\/"]}]},{"@type":"BreadcrumbList","@id":"https:\/\/pharmarosso.com\/de\/sport-ergaenzungen\/#breadcrumb","itemListElement":[{"@type":"ListItem","position":1,"name":"Anasayfa","item":"https:\/\/pharmarosso.com\/"},{"@type":"ListItem","position":2,"name":"Sport-Erg\u00e4nzungen"}]},{"@type":"WebSite","@id":"https:\/\/pharmarosso.com\/#website","url":"https:\/\/pharmarosso.com\/","name":"Pharma Rosso","description":"","potentialAction":[{"@type":"SearchAction","target":{"@type":"EntryPoint","urlTemplate":"https:\/\/pharmarosso.com\/?s={search_term_string}"},"query-input":{"@type":"PropertyValueSpecification","valueRequired":true,"valueName":"search_term_string"}}],"inLanguage":"de"}]}},"_links":{"self":[{"href":"https:\/\/pharmarosso.com\/de\/wp-json\/wp\/v2\/pages\/1672","targetHints":{"allow":["GET"]}}],"collection":[{"href":"https:\/\/pharmarosso.com\/de\/wp-json\/wp\/v2\/pages"}],"about":[{"href":"https:\/\/pharmarosso.com\/de\/wp-json\/wp\/v2\/types\/page"}],"author":[{"embeddable":true,"href":"https:\/\/pharmarosso.com\/de\/wp-json\/wp\/v2\/users\/1"}],"replies":[{"embeddable":true,"href":"https:\/\/pharmarosso.com\/de\/wp-json\/wp\/v2\/comments?post=1672"}],"version-history":[{"count":4,"href":"https:\/\/pharmarosso.com\/de\/wp-json\/wp\/v2\/pages\/1672\/revisions"}],"predecessor-version":[{"id":1905,"href":"https:\/\/pharmarosso.com\/de\/wp-json\/wp\/v2\/pages\/1672\/revisions\/1905"}],"wp:attachment":[{"href":"https:\/\/pharmarosso.com\/de\/wp-json\/wp\/v2\/media?parent=1672"}],"curies":[{"name":"wp","href":"https:\/\/api.w.org\/{rel}","templated":true}]}}