{"id":1664,"date":"2025-06-23T08:28:47","date_gmt":"2025-06-23T08:28:47","guid":{"rendered":"https:\/\/pharmarosso.com\/sertifikalarimiz\/"},"modified":"2026-01-05T12:29:26","modified_gmt":"2026-01-05T12:29:26","slug":"unsere-zertifikate","status":"publish","type":"page","link":"https:\/\/pharmarosso.com\/de\/unsere-zertifikate\/","title":{"rendered":"Unsere Zertifikate"},"content":{"rendered":"\t\t<div data-elementor-type=\"wp-page\" data-elementor-id=\"1664\" class=\"elementor elementor-1664 elementor-284\" data-elementor-post-type=\"page\">\n\t\t\t\t\t\t<section class=\"elementor-section elementor-top-section elementor-element elementor-element-8284ab1 elementor-section-boxed elementor-section-height-default elementor-section-height-default\" data-id=\"8284ab1\" data-element_type=\"section\" data-settings=\"{&quot;background_background&quot;:&quot;classic&quot;}\">\n\t\t\t\t\t\t\t<div class=\"elementor-background-overlay\"><\/div>\n\t\t\t\t\t\t\t<div class=\"elementor-container elementor-column-gap-no\">\n\t\t\t\t\t<div class=\"elementor-column elementor-col-100 elementor-top-column elementor-element elementor-element-ed0d520\" data-id=\"ed0d520\" data-element_type=\"column\">\n\t\t\t<div class=\"elementor-widget-wrap elementor-element-populated\">\n\t\t\t\t\t\t<div class=\"elementor-element elementor-element-646c761 elementor-widget elementor-widget-heading\" data-id=\"646c761\" data-element_type=\"widget\" data-widget_type=\"heading.default\">\n\t\t\t\t<div class=\"elementor-widget-container\">\n\t\t\t\t\t<h2 class=\"elementor-heading-title elementor-size-default\">Unsere Zertifikate<\/h2>\t\t\t\t<\/div>\n\t\t\t\t<\/div>\n\t\t\t\t<div class=\"elementor-element elementor-element-c852113 elementor-widget elementor-widget-text-editor\" data-id=\"c852113\" data-element_type=\"widget\" data-widget_type=\"text-editor.default\">\n\t\t\t\t<div class=\"elementor-widget-container\">\n\t\t\t\t\t\t\t\t\t<p>Pharmarosso Lebensmittel Pharmazeutische Kosmetika Medizinische San. D\u0131\u015f. Tic. Ltd. \u015eti. arbeitet weiter daran, das beste und zuverl\u00e4ssigste Unternehmen des Sektors in der Auftragsherstellung zu werden.<\/p>\t\t\t\t\t\t\t\t<\/div>\n\t\t\t\t<\/div>\n\t\t\t\t<div class=\"elementor-element elementor-element-c1a2699 elementor-view-default elementor-widget elementor-widget-icon\" data-id=\"c1a2699\" data-element_type=\"widget\" data-widget_type=\"icon.default\">\n\t\t\t\t<div class=\"elementor-widget-container\">\n\t\t\t\t\t\t\t<div class=\"elementor-icon-wrapper\">\n\t\t\t<div class=\"elementor-icon\">\n\t\t\t<i aria-hidden=\"true\" class=\"icon icon-arrow-down-circle\"><\/i>\t\t\t<\/div>\n\t\t<\/div>\n\t\t\t\t\t\t<\/div>\n\t\t\t\t<\/div>\n\t\t\t\t\t<\/div>\n\t\t<\/div>\n\t\t\t\t\t<\/div>\n\t\t<\/section>\n\t\t\t\t<section class=\"elementor-section elementor-top-section elementor-element elementor-element-7b15455 elementor-section-boxed elementor-section-height-default elementor-section-height-default\" data-id=\"7b15455\" data-element_type=\"section\">\n\t\t\t\t\t\t<div class=\"elementor-container elementor-column-gap-default\">\n\t\t\t\t\t<div class=\"elementor-column elementor-col-100 elementor-top-column elementor-element elementor-element-b108071\" data-id=\"b108071\" data-element_type=\"column\">\n\t\t\t<div class=\"elementor-widget-wrap elementor-element-populated\">\n\t\t\t\t\t\t<div class=\"elementor-element elementor-element-a2b7738 elementor-widget elementor-widget-text-editor\" data-id=\"a2b7738\" data-element_type=\"widget\" data-widget_type=\"text-editor.default\">\n\t\t\t\t<div class=\"elementor-widget-container\">\n\t\t\t\t\t\t\t\t\t<p>Standardisierte Produktionsverfahren erm\u00f6glichen es, in allen Produktionsprozessen die gleiche Qualit\u00e4t zu erreichen. Die Abteilungen Produktion, Qualit\u00e4t, Au\u00dfenhandel, Gesch\u00e4ftsentwicklung, Betrieb, Projektkoordinator, Design, F&amp;E und Lizenzvergabe<br \/>bieten einen umfassenden Service f\u00fcr alle diese Prozesse.<\/p>\t\t\t\t\t\t\t\t<\/div>\n\t\t\t\t<\/div>\n\t\t\t\t\t<\/div>\n\t\t<\/div>\n\t\t\t\t\t<\/div>\n\t\t<\/section>\n\t\t\t\t<section class=\"elementor-section elementor-top-section elementor-element elementor-element-f14272a elementor-section-boxed elementor-section-height-default elementor-section-height-default\" data-id=\"f14272a\" data-element_type=\"section\">\n\t\t\t\t\t\t<div class=\"elementor-container elementor-column-gap-default\">\n\t\t\t\t\t<div class=\"elementor-column elementor-col-33 elementor-top-column elementor-element elementor-element-a676d1d\" data-id=\"a676d1d\" data-element_type=\"column\">\n\t\t\t<div class=\"elementor-widget-wrap elementor-element-populated\">\n\t\t\t\t\t\t<div class=\"elementor-element elementor-element-77e5364 elementor-widget elementor-widget-image\" data-id=\"77e5364\" data-element_type=\"widget\" data-widget_type=\"image.default\">\n\t\t\t\t<div class=\"elementor-widget-container\">\n\t\t\t\t\t\t\t\t\t\t\t\t\t\t\t<img fetchpriority=\"high\" decoding=\"async\" width=\"800\" height=\"800\" src=\"https:\/\/pharmarosso.com\/wp-content\/uploads\/2026\/01\/refs-10.webp\" class=\"attachment-large size-large wp-image-3430\" alt=\"\" srcset=\"https:\/\/pharmarosso.com\/wp-content\/uploads\/2026\/01\/refs-10.webp 800w, https:\/\/pharmarosso.com\/wp-content\/uploads\/2026\/01\/refs-10-300x300.webp 300w, https:\/\/pharmarosso.com\/wp-content\/uploads\/2026\/01\/refs-10-150x150.webp 150w, https:\/\/pharmarosso.com\/wp-content\/uploads\/2026\/01\/refs-10-768x768.webp 768w\" sizes=\"(max-width: 800px) 100vw, 800px\" \/>\t\t\t\t\t\t\t\t\t\t\t\t\t\t\t<\/div>\n\t\t\t\t<\/div>\n\t\t\t\t\t<\/div>\n\t\t<\/div>\n\t\t\t\t<div class=\"elementor-column elementor-col-33 elementor-top-column elementor-element elementor-element-bdbd2ed\" data-id=\"bdbd2ed\" data-element_type=\"column\">\n\t\t\t<div class=\"elementor-widget-wrap elementor-element-populated\">\n\t\t\t\t\t\t<div class=\"elementor-element elementor-element-313c61f elementor-widget elementor-widget-image\" data-id=\"313c61f\" data-element_type=\"widget\" data-widget_type=\"image.default\">\n\t\t\t\t<div class=\"elementor-widget-container\">\n\t\t\t\t\t\t\t\t\t\t\t\t\t\t\t<img decoding=\"async\" width=\"1240\" height=\"1755\" src=\"https:\/\/pharmarosso.com\/wp-content\/uploads\/2025\/11\/ISO-22000-SERTIFIKA-1_pages-to-jpg-0001.webp\" class=\"attachment-full size-full wp-image-3398\" alt=\"\" srcset=\"https:\/\/pharmarosso.com\/wp-content\/uploads\/2025\/11\/ISO-22000-SERTIFIKA-1_pages-to-jpg-0001.webp 1240w, https:\/\/pharmarosso.com\/wp-content\/uploads\/2025\/11\/ISO-22000-SERTIFIKA-1_pages-to-jpg-0001-212x300.webp 212w, https:\/\/pharmarosso.com\/wp-content\/uploads\/2025\/11\/ISO-22000-SERTIFIKA-1_pages-to-jpg-0001-724x1024.webp 724w, https:\/\/pharmarosso.com\/wp-content\/uploads\/2025\/11\/ISO-22000-SERTIFIKA-1_pages-to-jpg-0001-768x1087.webp 768w, https:\/\/pharmarosso.com\/wp-content\/uploads\/2025\/11\/ISO-22000-SERTIFIKA-1_pages-to-jpg-0001-1085x1536.webp 1085w\" sizes=\"(max-width: 1240px) 100vw, 1240px\" \/>\t\t\t\t\t\t\t\t\t\t\t\t\t\t\t<\/div>\n\t\t\t\t<\/div>\n\t\t\t\t\t<\/div>\n\t\t<\/div>\n\t\t\t\t<div class=\"elementor-column elementor-col-33 elementor-top-column elementor-element elementor-element-90c6203\" data-id=\"90c6203\" data-element_type=\"column\">\n\t\t\t<div class=\"elementor-widget-wrap elementor-element-populated\">\n\t\t\t\t\t\t<div class=\"elementor-element elementor-element-5d7be5f elementor-widget elementor-widget-image\" data-id=\"5d7be5f\" data-element_type=\"widget\" data-widget_type=\"image.default\">\n\t\t\t\t<div class=\"elementor-widget-container\">\n\t\t\t\t\t\t\t\t\t\t\t\t\t\t\t<img decoding=\"async\" width=\"1240\" height=\"1755\" src=\"https:\/\/pharmarosso.com\/wp-content\/uploads\/2025\/11\/ISO-9001-SERTIFIKA-1_pages-to-jpg-0001.webp\" class=\"attachment-full size-full wp-image-3403\" alt=\"\" srcset=\"https:\/\/pharmarosso.com\/wp-content\/uploads\/2025\/11\/ISO-9001-SERTIFIKA-1_pages-to-jpg-0001.webp 1240w, https:\/\/pharmarosso.com\/wp-content\/uploads\/2025\/11\/ISO-9001-SERTIFIKA-1_pages-to-jpg-0001-212x300.webp 212w, https:\/\/pharmarosso.com\/wp-content\/uploads\/2025\/11\/ISO-9001-SERTIFIKA-1_pages-to-jpg-0001-724x1024.webp 724w, https:\/\/pharmarosso.com\/wp-content\/uploads\/2025\/11\/ISO-9001-SERTIFIKA-1_pages-to-jpg-0001-768x1087.webp 768w, https:\/\/pharmarosso.com\/wp-content\/uploads\/2025\/11\/ISO-9001-SERTIFIKA-1_pages-to-jpg-0001-1085x1536.webp 1085w\" sizes=\"(max-width: 1240px) 100vw, 1240px\" \/>\t\t\t\t\t\t\t\t\t\t\t\t\t\t\t<\/div>\n\t\t\t\t<\/div>\n\t\t\t\t\t<\/div>\n\t\t<\/div>\n\t\t\t\t\t<\/div>\n\t\t<\/section>\n\t\t\t\t<section class=\"elementor-section elementor-top-section elementor-element elementor-element-6d6823f elementor-section-boxed elementor-section-height-default elementor-section-height-default\" data-id=\"6d6823f\" data-element_type=\"section\">\n\t\t\t\t\t\t<div class=\"elementor-container elementor-column-gap-default\">\n\t\t\t\t\t<div class=\"elementor-column elementor-col-33 elementor-top-column elementor-element elementor-element-50f38be\" data-id=\"50f38be\" data-element_type=\"column\">\n\t\t\t<div class=\"elementor-widget-wrap elementor-element-populated\">\n\t\t\t\t\t\t<div class=\"elementor-element elementor-element-a1dc013 elementor-widget elementor-widget-image\" data-id=\"a1dc013\" data-element_type=\"widget\" data-widget_type=\"image.default\">\n\t\t\t\t<div class=\"elementor-widget-container\">\n\t\t\t\t\t\t\t\t\t\t\t\t\t\t\t<img loading=\"lazy\" decoding=\"async\" width=\"800\" height=\"800\" src=\"https:\/\/pharmarosso.com\/wp-content\/uploads\/2025\/06\/Isletme-Kayit-Belgesi.png\" class=\"attachment-large size-large wp-image-1887\" alt=\"\" srcset=\"https:\/\/pharmarosso.com\/wp-content\/uploads\/2025\/06\/Isletme-Kayit-Belgesi.png 800w, https:\/\/pharmarosso.com\/wp-content\/uploads\/2025\/06\/Isletme-Kayit-Belgesi-300x300.png 300w, https:\/\/pharmarosso.com\/wp-content\/uploads\/2025\/06\/Isletme-Kayit-Belgesi-150x150.png 150w, https:\/\/pharmarosso.com\/wp-content\/uploads\/2025\/06\/Isletme-Kayit-Belgesi-768x768.png 768w\" sizes=\"(max-width: 800px) 100vw, 800px\" \/>\t\t\t\t\t\t\t\t\t\t\t\t\t\t\t<\/div>\n\t\t\t\t<\/div>\n\t\t\t\t\t<\/div>\n\t\t<\/div>\n\t\t\t\t<div class=\"elementor-column elementor-col-33 elementor-top-column elementor-element elementor-element-f0d1e40\" data-id=\"f0d1e40\" data-element_type=\"column\">\n\t\t\t<div class=\"elementor-widget-wrap elementor-element-populated\">\n\t\t\t\t\t\t<div class=\"elementor-element elementor-element-2b26f0f elementor-widget elementor-widget-image\" data-id=\"2b26f0f\" data-element_type=\"widget\" data-widget_type=\"image.default\">\n\t\t\t\t<div class=\"elementor-widget-container\">\n\t\t\t\t\t\t\t\t\t\t\t\t\t\t\t<img loading=\"lazy\" decoding=\"async\" width=\"724\" height=\"1024\" src=\"https:\/\/pharmarosso.com\/wp-content\/uploads\/2025\/11\/GMP_pages-to-jpg-0001-724x1024.webp\" class=\"attachment-large size-large wp-image-3408\" alt=\"\" srcset=\"https:\/\/pharmarosso.com\/wp-content\/uploads\/2025\/11\/GMP_pages-to-jpg-0001-724x1024.webp 724w, https:\/\/pharmarosso.com\/wp-content\/uploads\/2025\/11\/GMP_pages-to-jpg-0001-212x300.webp 212w, https:\/\/pharmarosso.com\/wp-content\/uploads\/2025\/11\/GMP_pages-to-jpg-0001-768x1087.webp 768w, https:\/\/pharmarosso.com\/wp-content\/uploads\/2025\/11\/GMP_pages-to-jpg-0001-1085x1536.webp 1085w, https:\/\/pharmarosso.com\/wp-content\/uploads\/2025\/11\/GMP_pages-to-jpg-0001.webp 1240w\" sizes=\"(max-width: 724px) 100vw, 724px\" \/>\t\t\t\t\t\t\t\t\t\t\t\t\t\t\t<\/div>\n\t\t\t\t<\/div>\n\t\t\t\t\t<\/div>\n\t\t<\/div>\n\t\t\t\t<div class=\"elementor-column elementor-col-33 elementor-top-column elementor-element elementor-element-050c0db\" data-id=\"050c0db\" data-element_type=\"column\">\n\t\t\t<div class=\"elementor-widget-wrap elementor-element-populated\">\n\t\t\t\t\t\t<div class=\"elementor-element elementor-element-8e86354 elementor-widget elementor-widget-image\" data-id=\"8e86354\" data-element_type=\"widget\" data-widget_type=\"image.default\">\n\t\t\t\t<div class=\"elementor-widget-container\">\n\t\t\t\t\t\t\t\t\t\t\t\t\t\t\t<img loading=\"lazy\" decoding=\"async\" width=\"800\" height=\"800\" src=\"https:\/\/pharmarosso.com\/wp-content\/uploads\/2025\/06\/HELAL-SERTIFIKA-PHARMA-ROSSO.png.png\" class=\"attachment-large size-large wp-image-1883\" alt=\"\" srcset=\"https:\/\/pharmarosso.com\/wp-content\/uploads\/2025\/06\/HELAL-SERTIFIKA-PHARMA-ROSSO.png.png 800w, https:\/\/pharmarosso.com\/wp-content\/uploads\/2025\/06\/HELAL-SERTIFIKA-PHARMA-ROSSO.png-300x300.png 300w, https:\/\/pharmarosso.com\/wp-content\/uploads\/2025\/06\/HELAL-SERTIFIKA-PHARMA-ROSSO.png-150x150.png 150w, https:\/\/pharmarosso.com\/wp-content\/uploads\/2025\/06\/HELAL-SERTIFIKA-PHARMA-ROSSO.png-768x768.png 768w\" sizes=\"(max-width: 800px) 100vw, 800px\" \/>\t\t\t\t\t\t\t\t\t\t\t\t\t\t\t<\/div>\n\t\t\t\t<\/div>\n\t\t\t\t\t<\/div>\n\t\t<\/div>\n\t\t\t\t\t<\/div>\n\t\t<\/section>\n\t\t\t\t<\/div>\n\t\t","protected":false},"excerpt":{"rendered":"<p>Unsere Zertifikate Pharmarosso Lebensmittel Pharmazeutische Kosmetika Medizinische San. D\u0131\u015f. Tic. Ltd. \u015eti. arbeitet weiter daran, das beste und zuverl\u00e4ssigste Unternehmen des Sektors in der Auftragsherstellung zu werden. Standardisierte Produktionsverfahren erm\u00f6glichen es, in allen Produktionsprozessen die gleiche Qualit\u00e4t zu erreichen. Die Abteilungen Produktion, Qualit\u00e4t, Au\u00dfenhandel, Gesch\u00e4ftsentwicklung, Betrieb, Projektkoordinator, Design, F&amp;E und Lizenzvergabebieten einen umfassenden Service f\u00fcr [&hellip;]<\/p>\n","protected":false},"author":1,"featured_media":0,"parent":0,"menu_order":0,"comment_status":"closed","ping_status":"closed","template":"elementor_header_footer","meta":{"footnotes":""},"class_list":["post-1664","page","type-page","status-publish","hentry"],"yoast_head":"<!-- This site is optimized with the Yoast SEO plugin v27.3 - https:\/\/yoast.com\/product\/yoast-seo-wordpress\/ -->\n<title>Unsere Zertifikate - Pharma Rosso<\/title>\n<meta name=\"robots\" content=\"index, follow, max-snippet:-1, max-image-preview:large, max-video-preview:-1\" \/>\n<link rel=\"canonical\" href=\"https:\/\/pharmarosso.com\/sertifikalarimiz\/\" \/>\n<meta property=\"og:locale\" content=\"de_DE\" \/>\n<meta property=\"og:type\" content=\"article\" \/>\n<meta property=\"og:title\" content=\"Unsere Zertifikate - Pharma Rosso\" \/>\n<meta property=\"og:description\" content=\"Unsere Zertifikate Pharmarosso Lebensmittel Pharmazeutische Kosmetika Medizinische San. D\u0131\u015f. Tic. Ltd. \u015eti. arbeitet weiter daran, das beste und zuverl\u00e4ssigste Unternehmen des Sektors in der Auftragsherstellung zu werden. Standardisierte Produktionsverfahren erm\u00f6glichen es, in allen Produktionsprozessen die gleiche Qualit\u00e4t zu erreichen. Die Abteilungen Produktion, Qualit\u00e4t, Au\u00dfenhandel, Gesch\u00e4ftsentwicklung, Betrieb, Projektkoordinator, Design, F&amp;E und Lizenzvergabebieten einen umfassenden Service f\u00fcr [&hellip;]\" \/>\n<meta property=\"og:url\" content=\"https:\/\/pharmarosso.com\/sertifikalarimiz\/\" \/>\n<meta property=\"og:site_name\" content=\"Pharma Rosso\" \/>\n<meta property=\"article:modified_time\" content=\"2026-01-05T12:29:26+00:00\" \/>\n<meta property=\"og:image\" content=\"https:\/\/pharmarosso.com\/wp-content\/uploads\/2026\/01\/refs-10.webp\" \/>\n<meta name=\"twitter:card\" content=\"summary_large_image\" \/>\n<meta name=\"twitter:label1\" content=\"Gesch\u00e4tzte Lesezeit\" \/>\n\t<meta name=\"twitter:data1\" content=\"2\u00a0Minuten\" \/>\n<script type=\"application\/ld+json\" class=\"yoast-schema-graph\">{\"@context\":\"https:\\\/\\\/schema.org\",\"@graph\":[{\"@type\":\"WebPage\",\"@id\":\"https:\\\/\\\/pharmarosso.com\\\/sertifikalarimiz\\\/\",\"url\":\"https:\\\/\\\/pharmarosso.com\\\/sertifikalarimiz\\\/\",\"name\":\"Unsere Zertifikate - Pharma Rosso\",\"isPartOf\":{\"@id\":\"https:\\\/\\\/pharmarosso.com\\\/#website\"},\"primaryImageOfPage\":{\"@id\":\"https:\\\/\\\/pharmarosso.com\\\/sertifikalarimiz\\\/#primaryimage\"},\"image\":{\"@id\":\"https:\\\/\\\/pharmarosso.com\\\/sertifikalarimiz\\\/#primaryimage\"},\"thumbnailUrl\":\"https:\\\/\\\/pharmarosso.com\\\/wp-content\\\/uploads\\\/2026\\\/01\\\/refs-10.webp\",\"datePublished\":\"2025-06-23T08:28:47+00:00\",\"dateModified\":\"2026-01-05T12:29:26+00:00\",\"breadcrumb\":{\"@id\":\"https:\\\/\\\/pharmarosso.com\\\/sertifikalarimiz\\\/#breadcrumb\"},\"inLanguage\":\"de\",\"potentialAction\":[{\"@type\":\"ReadAction\",\"target\":[\"https:\\\/\\\/pharmarosso.com\\\/sertifikalarimiz\\\/\"]}]},{\"@type\":\"ImageObject\",\"inLanguage\":\"de\",\"@id\":\"https:\\\/\\\/pharmarosso.com\\\/sertifikalarimiz\\\/#primaryimage\",\"url\":\"https:\\\/\\\/pharmarosso.com\\\/wp-content\\\/uploads\\\/2026\\\/01\\\/refs-10.webp\",\"contentUrl\":\"https:\\\/\\\/pharmarosso.com\\\/wp-content\\\/uploads\\\/2026\\\/01\\\/refs-10.webp\"},{\"@type\":\"BreadcrumbList\",\"@id\":\"https:\\\/\\\/pharmarosso.com\\\/sertifikalarimiz\\\/#breadcrumb\",\"itemListElement\":[{\"@type\":\"ListItem\",\"position\":1,\"name\":\"Anasayfa\",\"item\":\"https:\\\/\\\/pharmarosso.com\\\/\"},{\"@type\":\"ListItem\",\"position\":2,\"name\":\"Unsere Zertifikate\"}]},{\"@type\":\"WebSite\",\"@id\":\"https:\\\/\\\/pharmarosso.com\\\/#website\",\"url\":\"https:\\\/\\\/pharmarosso.com\\\/\",\"name\":\"Pharma Rosso\",\"description\":\"\",\"potentialAction\":[{\"@type\":\"SearchAction\",\"target\":{\"@type\":\"EntryPoint\",\"urlTemplate\":\"https:\\\/\\\/pharmarosso.com\\\/?s={search_term_string}\"},\"query-input\":{\"@type\":\"PropertyValueSpecification\",\"valueRequired\":true,\"valueName\":\"search_term_string\"}}],\"inLanguage\":\"de\"}]}<\/script>\n<!-- \/ Yoast SEO plugin. -->","yoast_head_json":{"title":"Unsere Zertifikate - Pharma Rosso","robots":{"index":"index","follow":"follow","max-snippet":"max-snippet:-1","max-image-preview":"max-image-preview:large","max-video-preview":"max-video-preview:-1"},"canonical":"https:\/\/pharmarosso.com\/sertifikalarimiz\/","og_locale":"de_DE","og_type":"article","og_title":"Unsere Zertifikate - Pharma Rosso","og_description":"Unsere Zertifikate Pharmarosso Lebensmittel Pharmazeutische Kosmetika Medizinische San. D\u0131\u015f. Tic. Ltd. \u015eti. arbeitet weiter daran, das beste und zuverl\u00e4ssigste Unternehmen des Sektors in der Auftragsherstellung zu werden. Standardisierte Produktionsverfahren erm\u00f6glichen es, in allen Produktionsprozessen die gleiche Qualit\u00e4t zu erreichen. Die Abteilungen Produktion, Qualit\u00e4t, Au\u00dfenhandel, Gesch\u00e4ftsentwicklung, Betrieb, Projektkoordinator, Design, F&amp;E und Lizenzvergabebieten einen umfassenden Service f\u00fcr [&hellip;]","og_url":"https:\/\/pharmarosso.com\/sertifikalarimiz\/","og_site_name":"Pharma Rosso","article_modified_time":"2026-01-05T12:29:26+00:00","og_image":[{"url":"https:\/\/pharmarosso.com\/wp-content\/uploads\/2026\/01\/refs-10.webp","type":"","width":"","height":""}],"twitter_card":"summary_large_image","twitter_misc":{"Gesch\u00e4tzte Lesezeit":"2\u00a0Minuten"},"schema":{"@context":"https:\/\/schema.org","@graph":[{"@type":"WebPage","@id":"https:\/\/pharmarosso.com\/sertifikalarimiz\/","url":"https:\/\/pharmarosso.com\/sertifikalarimiz\/","name":"Unsere Zertifikate - Pharma Rosso","isPartOf":{"@id":"https:\/\/pharmarosso.com\/#website"},"primaryImageOfPage":{"@id":"https:\/\/pharmarosso.com\/sertifikalarimiz\/#primaryimage"},"image":{"@id":"https:\/\/pharmarosso.com\/sertifikalarimiz\/#primaryimage"},"thumbnailUrl":"https:\/\/pharmarosso.com\/wp-content\/uploads\/2026\/01\/refs-10.webp","datePublished":"2025-06-23T08:28:47+00:00","dateModified":"2026-01-05T12:29:26+00:00","breadcrumb":{"@id":"https:\/\/pharmarosso.com\/sertifikalarimiz\/#breadcrumb"},"inLanguage":"de","potentialAction":[{"@type":"ReadAction","target":["https:\/\/pharmarosso.com\/sertifikalarimiz\/"]}]},{"@type":"ImageObject","inLanguage":"de","@id":"https:\/\/pharmarosso.com\/sertifikalarimiz\/#primaryimage","url":"https:\/\/pharmarosso.com\/wp-content\/uploads\/2026\/01\/refs-10.webp","contentUrl":"https:\/\/pharmarosso.com\/wp-content\/uploads\/2026\/01\/refs-10.webp"},{"@type":"BreadcrumbList","@id":"https:\/\/pharmarosso.com\/sertifikalarimiz\/#breadcrumb","itemListElement":[{"@type":"ListItem","position":1,"name":"Anasayfa","item":"https:\/\/pharmarosso.com\/"},{"@type":"ListItem","position":2,"name":"Unsere Zertifikate"}]},{"@type":"WebSite","@id":"https:\/\/pharmarosso.com\/#website","url":"https:\/\/pharmarosso.com\/","name":"Pharma Rosso","description":"","potentialAction":[{"@type":"SearchAction","target":{"@type":"EntryPoint","urlTemplate":"https:\/\/pharmarosso.com\/?s={search_term_string}"},"query-input":{"@type":"PropertyValueSpecification","valueRequired":true,"valueName":"search_term_string"}}],"inLanguage":"de"}]}},"_links":{"self":[{"href":"https:\/\/pharmarosso.com\/de\/wp-json\/wp\/v2\/pages\/1664","targetHints":{"allow":["GET"]}}],"collection":[{"href":"https:\/\/pharmarosso.com\/de\/wp-json\/wp\/v2\/pages"}],"about":[{"href":"https:\/\/pharmarosso.com\/de\/wp-json\/wp\/v2\/types\/page"}],"author":[{"embeddable":true,"href":"https:\/\/pharmarosso.com\/de\/wp-json\/wp\/v2\/users\/1"}],"replies":[{"embeddable":true,"href":"https:\/\/pharmarosso.com\/de\/wp-json\/wp\/v2\/comments?post=1664"}],"version-history":[{"count":10,"href":"https:\/\/pharmarosso.com\/de\/wp-json\/wp\/v2\/pages\/1664\/revisions"}],"predecessor-version":[{"id":3446,"href":"https:\/\/pharmarosso.com\/de\/wp-json\/wp\/v2\/pages\/1664\/revisions\/3446"}],"wp:attachment":[{"href":"https:\/\/pharmarosso.com\/de\/wp-json\/wp\/v2\/media?parent=1664"}],"curies":[{"name":"wp","href":"https:\/\/api.w.org\/{rel}","templated":true}]}}