{"id":1657,"date":"2025-07-03T09:37:25","date_gmt":"2025-07-03T09:37:25","guid":{"rendered":"https:\/\/pharmarosso.com\/sachet-ambalaj\/"},"modified":"2025-07-10T18:50:36","modified_gmt":"2025-07-10T18:50:36","slug":"sachet-verpackungen","status":"publish","type":"page","link":"https:\/\/pharmarosso.com\/de\/sachet-verpackungen\/","title":{"rendered":"Sachet-Verpackungen"},"content":{"rendered":"\t\t<div data-elementor-type=\"wp-page\" data-elementor-id=\"1657\" class=\"elementor elementor-1657 elementor-1002\" data-elementor-post-type=\"page\">\n\t\t\t\t\t\t<section class=\"elementor-section elementor-top-section elementor-element elementor-element-f92ac59 elementor-section-boxed elementor-section-height-default elementor-section-height-default\" data-id=\"f92ac59\" data-element_type=\"section\" data-settings=\"{&quot;background_background&quot;:&quot;classic&quot;}\">\n\t\t\t\t\t\t\t<div class=\"elementor-background-overlay\"><\/div>\n\t\t\t\t\t\t\t<div class=\"elementor-container elementor-column-gap-no\">\n\t\t\t\t\t<div class=\"elementor-column elementor-col-100 elementor-top-column elementor-element elementor-element-6bac306\" data-id=\"6bac306\" data-element_type=\"column\">\n\t\t\t<div class=\"elementor-widget-wrap elementor-element-populated\">\n\t\t\t\t\t\t<div class=\"elementor-element elementor-element-08e7693 elementor-widget elementor-widget-heading\" data-id=\"08e7693\" data-element_type=\"widget\" data-widget_type=\"heading.default\">\n\t\t\t\t<div class=\"elementor-widget-container\">\n\t\t\t\t\t<h2 class=\"elementor-heading-title elementor-size-default\">Sachet-Verpackungen<\/h2>\t\t\t\t<\/div>\n\t\t\t\t<\/div>\n\t\t\t\t<div class=\"elementor-element elementor-element-6176998 elementor-view-default elementor-widget elementor-widget-icon\" data-id=\"6176998\" data-element_type=\"widget\" data-widget_type=\"icon.default\">\n\t\t\t\t<div class=\"elementor-widget-container\">\n\t\t\t\t\t\t\t<div class=\"elementor-icon-wrapper\">\n\t\t\t<div class=\"elementor-icon\">\n\t\t\t<i aria-hidden=\"true\" class=\"icon icon-arrow-down-circle\"><\/i>\t\t\t<\/div>\n\t\t<\/div>\n\t\t\t\t\t\t<\/div>\n\t\t\t\t<\/div>\n\t\t\t\t\t<\/div>\n\t\t<\/div>\n\t\t\t\t\t<\/div>\n\t\t<\/section>\n\t\t\t\t<section class=\"elementor-section elementor-top-section elementor-element elementor-element-0c351af elementor-section-boxed elementor-section-height-default elementor-section-height-default\" data-id=\"0c351af\" data-element_type=\"section\">\n\t\t\t\t\t\t<div class=\"elementor-container elementor-column-gap-default\">\n\t\t\t\t\t<div class=\"elementor-column elementor-col-100 elementor-top-column elementor-element elementor-element-b8c52d8\" data-id=\"b8c52d8\" data-element_type=\"column\">\n\t\t\t<div class=\"elementor-widget-wrap elementor-element-populated\">\n\t\t\t\t\t\t<div class=\"elementor-element elementor-element-8c7747d elementor-widget elementor-widget-text-editor\" data-id=\"8c7747d\" data-element_type=\"widget\" data-widget_type=\"text-editor.default\">\n\t\t\t\t<div class=\"elementor-widget-container\">\n\t\t\t\t\t\t\t\t\t<p>Sachet-Verpackungen sind eine Verpackungsart, die im Allgemeinen f\u00fcr die Verpackung von Einwegprodukten wie Testern verwendet wird.<\/p><p>Sie werden aus flexiblen Au\u00dfenverpackungsmaterialien hergestellt, die aus beschichteten, Aluminium-, Pe-Polyester-, metallisierten oder Pe-Schichten bestehen, je nach der Struktur des Materials, das in die Verpackung gef\u00fcllt werden soll.<\/p><p>Sachet-Verpackungen k\u00f6nnen in verschiedenen Gr\u00f6\u00dfen, Formen, Abmessungen und Farben hergestellt werden.<\/p><h2><strong>Produktionsanlagen<\/strong><\/h2><p>Pharmarosso betreibt Forschung und Entwicklung sowie Produktion nach europ\u00e4ischen Standards in seinen hochtechnologisch ausgestatteten Labors und Anlagen. Als Pharmarosso verf\u00fcgen wir \u00fcber eine t\u00e4gliche Sachet-Verpackungskapazit\u00e4t von 100 Tausend St\u00fcck.<\/p>\t\t\t\t\t\t\t\t<\/div>\n\t\t\t\t<\/div>\n\t\t\t\t\t<\/div>\n\t\t<\/div>\n\t\t\t\t\t<\/div>\n\t\t<\/section>\n\t\t\t\t<\/div>\n\t\t","protected":false},"excerpt":{"rendered":"<p>Sachet-Verpackungen Sachet-Verpackungen sind eine Verpackungsart, die im Allgemeinen f\u00fcr die Verpackung von Einwegprodukten wie Testern verwendet wird. Sie werden aus flexiblen Au\u00dfenverpackungsmaterialien hergestellt, die aus beschichteten, Aluminium-, Pe-Polyester-, metallisierten oder Pe-Schichten bestehen, je nach der Struktur des Materials, das in die Verpackung gef\u00fcllt werden soll. Sachet-Verpackungen k\u00f6nnen in verschiedenen Gr\u00f6\u00dfen, Formen, Abmessungen und Farben hergestellt [&hellip;]<\/p>\n","protected":false},"author":1,"featured_media":0,"parent":0,"menu_order":0,"comment_status":"closed","ping_status":"closed","template":"elementor_header_footer","meta":{"footnotes":""},"class_list":["post-1657","page","type-page","status-publish","hentry"],"yoast_head":"<!-- This site is optimized with the Yoast SEO plugin v27.3 - https:\/\/yoast.com\/product\/yoast-seo-wordpress\/ -->\n<title>Sachet-Verpackungen - Pharma Rosso<\/title>\n<meta name=\"robots\" content=\"index, follow, max-snippet:-1, max-image-preview:large, max-video-preview:-1\" \/>\n<link rel=\"canonical\" href=\"https:\/\/pharmarosso.com\/de\/sachet-verpackungen\/\" \/>\n<meta property=\"og:locale\" content=\"de_DE\" \/>\n<meta property=\"og:type\" content=\"article\" \/>\n<meta property=\"og:title\" content=\"Sachet-Verpackungen - Pharma Rosso\" \/>\n<meta property=\"og:description\" content=\"Sachet-Verpackungen Sachet-Verpackungen sind eine Verpackungsart, die im Allgemeinen f\u00fcr die Verpackung von Einwegprodukten wie Testern verwendet wird. Sie werden aus flexiblen Au\u00dfenverpackungsmaterialien hergestellt, die aus beschichteten, Aluminium-, Pe-Polyester-, metallisierten oder Pe-Schichten bestehen, je nach der Struktur des Materials, das in die Verpackung gef\u00fcllt werden soll. Sachet-Verpackungen k\u00f6nnen in verschiedenen Gr\u00f6\u00dfen, Formen, Abmessungen und Farben hergestellt [&hellip;]\" \/>\n<meta property=\"og:url\" content=\"https:\/\/pharmarosso.com\/de\/sachet-verpackungen\/\" \/>\n<meta property=\"og:site_name\" content=\"Pharma Rosso\" \/>\n<meta property=\"article:modified_time\" content=\"2025-07-10T18:50:36+00:00\" \/>\n<meta name=\"twitter:card\" content=\"summary_large_image\" \/>\n<meta name=\"twitter:label1\" content=\"Gesch\u00e4tzte Lesezeit\" \/>\n\t<meta name=\"twitter:data1\" content=\"1\u00a0Minute\" \/>\n<script type=\"application\/ld+json\" class=\"yoast-schema-graph\">{\"@context\":\"https:\\\/\\\/schema.org\",\"@graph\":[{\"@type\":\"WebPage\",\"@id\":\"https:\\\/\\\/pharmarosso.com\\\/de\\\/sachet-verpackungen\\\/\",\"url\":\"https:\\\/\\\/pharmarosso.com\\\/de\\\/sachet-verpackungen\\\/\",\"name\":\"Sachet-Verpackungen - Pharma Rosso\",\"isPartOf\":{\"@id\":\"https:\\\/\\\/pharmarosso.com\\\/#website\"},\"datePublished\":\"2025-07-03T09:37:25+00:00\",\"dateModified\":\"2025-07-10T18:50:36+00:00\",\"breadcrumb\":{\"@id\":\"https:\\\/\\\/pharmarosso.com\\\/de\\\/sachet-verpackungen\\\/#breadcrumb\"},\"inLanguage\":\"de\",\"potentialAction\":[{\"@type\":\"ReadAction\",\"target\":[\"https:\\\/\\\/pharmarosso.com\\\/de\\\/sachet-verpackungen\\\/\"]}]},{\"@type\":\"BreadcrumbList\",\"@id\":\"https:\\\/\\\/pharmarosso.com\\\/de\\\/sachet-verpackungen\\\/#breadcrumb\",\"itemListElement\":[{\"@type\":\"ListItem\",\"position\":1,\"name\":\"Anasayfa\",\"item\":\"https:\\\/\\\/pharmarosso.com\\\/\"},{\"@type\":\"ListItem\",\"position\":2,\"name\":\"Sachet-Verpackungen\"}]},{\"@type\":\"WebSite\",\"@id\":\"https:\\\/\\\/pharmarosso.com\\\/#website\",\"url\":\"https:\\\/\\\/pharmarosso.com\\\/\",\"name\":\"Pharma Rosso\",\"description\":\"\",\"potentialAction\":[{\"@type\":\"SearchAction\",\"target\":{\"@type\":\"EntryPoint\",\"urlTemplate\":\"https:\\\/\\\/pharmarosso.com\\\/?s={search_term_string}\"},\"query-input\":{\"@type\":\"PropertyValueSpecification\",\"valueRequired\":true,\"valueName\":\"search_term_string\"}}],\"inLanguage\":\"de\"}]}<\/script>\n<!-- \/ Yoast SEO plugin. -->","yoast_head_json":{"title":"Sachet-Verpackungen - Pharma Rosso","robots":{"index":"index","follow":"follow","max-snippet":"max-snippet:-1","max-image-preview":"max-image-preview:large","max-video-preview":"max-video-preview:-1"},"canonical":"https:\/\/pharmarosso.com\/de\/sachet-verpackungen\/","og_locale":"de_DE","og_type":"article","og_title":"Sachet-Verpackungen - Pharma Rosso","og_description":"Sachet-Verpackungen Sachet-Verpackungen sind eine Verpackungsart, die im Allgemeinen f\u00fcr die Verpackung von Einwegprodukten wie Testern verwendet wird. Sie werden aus flexiblen Au\u00dfenverpackungsmaterialien hergestellt, die aus beschichteten, Aluminium-, Pe-Polyester-, metallisierten oder Pe-Schichten bestehen, je nach der Struktur des Materials, das in die Verpackung gef\u00fcllt werden soll. Sachet-Verpackungen k\u00f6nnen in verschiedenen Gr\u00f6\u00dfen, Formen, Abmessungen und Farben hergestellt [&hellip;]","og_url":"https:\/\/pharmarosso.com\/de\/sachet-verpackungen\/","og_site_name":"Pharma Rosso","article_modified_time":"2025-07-10T18:50:36+00:00","twitter_card":"summary_large_image","twitter_misc":{"Gesch\u00e4tzte Lesezeit":"1\u00a0Minute"},"schema":{"@context":"https:\/\/schema.org","@graph":[{"@type":"WebPage","@id":"https:\/\/pharmarosso.com\/de\/sachet-verpackungen\/","url":"https:\/\/pharmarosso.com\/de\/sachet-verpackungen\/","name":"Sachet-Verpackungen - Pharma Rosso","isPartOf":{"@id":"https:\/\/pharmarosso.com\/#website"},"datePublished":"2025-07-03T09:37:25+00:00","dateModified":"2025-07-10T18:50:36+00:00","breadcrumb":{"@id":"https:\/\/pharmarosso.com\/de\/sachet-verpackungen\/#breadcrumb"},"inLanguage":"de","potentialAction":[{"@type":"ReadAction","target":["https:\/\/pharmarosso.com\/de\/sachet-verpackungen\/"]}]},{"@type":"BreadcrumbList","@id":"https:\/\/pharmarosso.com\/de\/sachet-verpackungen\/#breadcrumb","itemListElement":[{"@type":"ListItem","position":1,"name":"Anasayfa","item":"https:\/\/pharmarosso.com\/"},{"@type":"ListItem","position":2,"name":"Sachet-Verpackungen"}]},{"@type":"WebSite","@id":"https:\/\/pharmarosso.com\/#website","url":"https:\/\/pharmarosso.com\/","name":"Pharma Rosso","description":"","potentialAction":[{"@type":"SearchAction","target":{"@type":"EntryPoint","urlTemplate":"https:\/\/pharmarosso.com\/?s={search_term_string}"},"query-input":{"@type":"PropertyValueSpecification","valueRequired":true,"valueName":"search_term_string"}}],"inLanguage":"de"}]}},"_links":{"self":[{"href":"https:\/\/pharmarosso.com\/de\/wp-json\/wp\/v2\/pages\/1657","targetHints":{"allow":["GET"]}}],"collection":[{"href":"https:\/\/pharmarosso.com\/de\/wp-json\/wp\/v2\/pages"}],"about":[{"href":"https:\/\/pharmarosso.com\/de\/wp-json\/wp\/v2\/types\/page"}],"author":[{"embeddable":true,"href":"https:\/\/pharmarosso.com\/de\/wp-json\/wp\/v2\/users\/1"}],"replies":[{"embeddable":true,"href":"https:\/\/pharmarosso.com\/de\/wp-json\/wp\/v2\/comments?post=1657"}],"version-history":[{"count":4,"href":"https:\/\/pharmarosso.com\/de\/wp-json\/wp\/v2\/pages\/1657\/revisions"}],"predecessor-version":[{"id":1875,"href":"https:\/\/pharmarosso.com\/de\/wp-json\/wp\/v2\/pages\/1657\/revisions\/1875"}],"wp:attachment":[{"href":"https:\/\/pharmarosso.com\/de\/wp-json\/wp\/v2\/media?parent=1657"}],"curies":[{"name":"wp","href":"https:\/\/api.w.org\/{rel}","templated":true}]}}