{"id":1639,"date":"2025-07-03T09:28:11","date_gmt":"2025-07-03T09:28:11","guid":{"rendered":"https:\/\/pharmarosso.com\/macun-bal-pekmez-dolum\/"},"modified":"2025-07-10T18:36:31","modified_gmt":"2025-07-10T18:36:31","slug":"paste-honig-melasse-fuellung","status":"publish","type":"page","link":"https:\/\/pharmarosso.com\/de\/paste-honig-melasse-fuellung\/","title":{"rendered":"Paste, Honig, Melasse F\u00fcllung"},"content":{"rendered":"\t\t<div data-elementor-type=\"wp-page\" data-elementor-id=\"1639\" class=\"elementor elementor-1639 elementor-983\" data-elementor-post-type=\"page\">\n\t\t\t\t\t\t<section class=\"elementor-section elementor-top-section elementor-element elementor-element-f92ac59 elementor-section-boxed elementor-section-height-default elementor-section-height-default\" data-id=\"f92ac59\" data-element_type=\"section\" data-settings=\"{&quot;background_background&quot;:&quot;classic&quot;}\">\n\t\t\t\t\t\t\t<div class=\"elementor-background-overlay\"><\/div>\n\t\t\t\t\t\t\t<div class=\"elementor-container elementor-column-gap-no\">\n\t\t\t\t\t<div class=\"elementor-column elementor-col-100 elementor-top-column elementor-element elementor-element-6bac306\" data-id=\"6bac306\" data-element_type=\"column\">\n\t\t\t<div class=\"elementor-widget-wrap elementor-element-populated\">\n\t\t\t\t\t\t<div class=\"elementor-element elementor-element-08e7693 elementor-widget elementor-widget-heading\" data-id=\"08e7693\" data-element_type=\"widget\" data-widget_type=\"heading.default\">\n\t\t\t\t<div class=\"elementor-widget-container\">\n\t\t\t\t\t<h2 class=\"elementor-heading-title elementor-size-default\">Paste, Honig, Melasse F\u00fcllung<\/h2>\t\t\t\t<\/div>\n\t\t\t\t<\/div>\n\t\t\t\t<div class=\"elementor-element elementor-element-6176998 elementor-view-default elementor-widget elementor-widget-icon\" data-id=\"6176998\" data-element_type=\"widget\" data-widget_type=\"icon.default\">\n\t\t\t\t<div class=\"elementor-widget-container\">\n\t\t\t\t\t\t\t<div class=\"elementor-icon-wrapper\">\n\t\t\t<div class=\"elementor-icon\">\n\t\t\t<i aria-hidden=\"true\" class=\"icon icon-arrow-down-circle\"><\/i>\t\t\t<\/div>\n\t\t<\/div>\n\t\t\t\t\t\t<\/div>\n\t\t\t\t<\/div>\n\t\t\t\t\t<\/div>\n\t\t<\/div>\n\t\t\t\t\t<\/div>\n\t\t<\/section>\n\t\t\t\t<section class=\"elementor-section elementor-top-section elementor-element elementor-element-0c351af elementor-section-boxed elementor-section-height-default elementor-section-height-default\" data-id=\"0c351af\" data-element_type=\"section\">\n\t\t\t\t\t\t<div class=\"elementor-container elementor-column-gap-default\">\n\t\t\t\t\t<div class=\"elementor-column elementor-col-100 elementor-top-column elementor-element elementor-element-b8c52d8\" data-id=\"b8c52d8\" data-element_type=\"column\">\n\t\t\t<div class=\"elementor-widget-wrap elementor-element-populated\">\n\t\t\t\t\t\t<div class=\"elementor-element elementor-element-8c7747d elementor-widget elementor-widget-text-editor\" data-id=\"8c7747d\" data-element_type=\"widget\" data-widget_type=\"text-editor.default\">\n\t\t\t\t<div class=\"elementor-widget-container\">\n\t\t\t\t\t\t\t\t\t<h3><strong>Paste, Honig, Melasse F\u00fcllung<\/strong><\/h3><p>Bei der Pasten-, Honig- und Melasseabf\u00fcllung werden diese Arten von Produkten entsprechend ihrem Gewicht verpackt. Die Abf\u00fcllung von Produkten mit geringer, mittlerer und hoher Dichte wird durchgef\u00fchrt. Bei diesem Verfahren werden Produkte beliebiger Dichte volumetrisch abgef\u00fcllt.<\/p><p>Die Abf\u00fcllung von Paste, Honig und Melasse erfolgt auf sensible und hygienische Art und Weise. Mit diesem Abf\u00fcllverfahren k\u00f6nnen Fl\u00fcssigkeiten mit unterschiedlicher Dichte in kurzer Zeit abgef\u00fcllt und verpackt werden.<\/p><h2><strong>Produktionsanlagen<\/strong><\/h2><p>Pharmarosso betreibt F&amp;E und Produktion nach europ\u00e4ischen Standards in seinen hochtechnologisch ausgestatteten Labors und Anlagen. Als Pharmarosso haben wir eine t\u00e4gliche Produktionskapazit\u00e4t von 100 Tausend Pasten-, Honig- und Melasseabf\u00fcllungen.<\/p>\t\t\t\t\t\t\t\t<\/div>\n\t\t\t\t<\/div>\n\t\t\t\t\t<\/div>\n\t\t<\/div>\n\t\t\t\t\t<\/div>\n\t\t<\/section>\n\t\t\t\t<\/div>\n\t\t","protected":false},"excerpt":{"rendered":"<p>Paste, Honig, Melasse F\u00fcllung Paste, Honig, Melasse F\u00fcllung Bei der Pasten-, Honig- und Melasseabf\u00fcllung werden diese Arten von Produkten entsprechend ihrem Gewicht verpackt. Die Abf\u00fcllung von Produkten mit geringer, mittlerer und hoher Dichte wird durchgef\u00fchrt. Bei diesem Verfahren werden Produkte beliebiger Dichte volumetrisch abgef\u00fcllt. Die Abf\u00fcllung von Paste, Honig und Melasse erfolgt auf sensible und [&hellip;]<\/p>\n","protected":false},"author":1,"featured_media":0,"parent":0,"menu_order":0,"comment_status":"closed","ping_status":"closed","template":"elementor_header_footer","meta":{"footnotes":""},"class_list":["post-1639","page","type-page","status-publish","hentry"],"yoast_head":"<!-- This site is optimized with the Yoast SEO plugin v27.3 - https:\/\/yoast.com\/product\/yoast-seo-wordpress\/ -->\n<title>Paste, Honig, Melasse F\u00fcllung - Pharma Rosso<\/title>\n<meta name=\"robots\" content=\"index, follow, max-snippet:-1, max-image-preview:large, max-video-preview:-1\" \/>\n<link rel=\"canonical\" href=\"https:\/\/pharmarosso.com\/de\/paste-honig-melasse-fuellung\/\" \/>\n<meta property=\"og:locale\" content=\"de_DE\" \/>\n<meta property=\"og:type\" content=\"article\" \/>\n<meta property=\"og:title\" content=\"Paste, Honig, Melasse F\u00fcllung - Pharma Rosso\" \/>\n<meta property=\"og:description\" content=\"Paste, Honig, Melasse F\u00fcllung Paste, Honig, Melasse F\u00fcllung Bei der Pasten-, Honig- und Melasseabf\u00fcllung werden diese Arten von Produkten entsprechend ihrem Gewicht verpackt. Die Abf\u00fcllung von Produkten mit geringer, mittlerer und hoher Dichte wird durchgef\u00fchrt. Bei diesem Verfahren werden Produkte beliebiger Dichte volumetrisch abgef\u00fcllt. Die Abf\u00fcllung von Paste, Honig und Melasse erfolgt auf sensible und [&hellip;]\" \/>\n<meta property=\"og:url\" content=\"https:\/\/pharmarosso.com\/de\/paste-honig-melasse-fuellung\/\" \/>\n<meta property=\"og:site_name\" content=\"Pharma Rosso\" \/>\n<meta property=\"article:modified_time\" content=\"2025-07-10T18:36:31+00:00\" \/>\n<meta name=\"twitter:card\" content=\"summary_large_image\" \/>\n<meta name=\"twitter:label1\" content=\"Gesch\u00e4tzte Lesezeit\" \/>\n\t<meta name=\"twitter:data1\" content=\"1\u00a0Minute\" \/>\n<script type=\"application\/ld+json\" class=\"yoast-schema-graph\">{\"@context\":\"https:\\\/\\\/schema.org\",\"@graph\":[{\"@type\":\"WebPage\",\"@id\":\"https:\\\/\\\/pharmarosso.com\\\/de\\\/paste-honig-melasse-fuellung\\\/\",\"url\":\"https:\\\/\\\/pharmarosso.com\\\/de\\\/paste-honig-melasse-fuellung\\\/\",\"name\":\"Paste, Honig, Melasse F\u00fcllung - Pharma Rosso\",\"isPartOf\":{\"@id\":\"https:\\\/\\\/pharmarosso.com\\\/#website\"},\"datePublished\":\"2025-07-03T09:28:11+00:00\",\"dateModified\":\"2025-07-10T18:36:31+00:00\",\"breadcrumb\":{\"@id\":\"https:\\\/\\\/pharmarosso.com\\\/de\\\/paste-honig-melasse-fuellung\\\/#breadcrumb\"},\"inLanguage\":\"de\",\"potentialAction\":[{\"@type\":\"ReadAction\",\"target\":[\"https:\\\/\\\/pharmarosso.com\\\/de\\\/paste-honig-melasse-fuellung\\\/\"]}]},{\"@type\":\"BreadcrumbList\",\"@id\":\"https:\\\/\\\/pharmarosso.com\\\/de\\\/paste-honig-melasse-fuellung\\\/#breadcrumb\",\"itemListElement\":[{\"@type\":\"ListItem\",\"position\":1,\"name\":\"Anasayfa\",\"item\":\"https:\\\/\\\/pharmarosso.com\\\/\"},{\"@type\":\"ListItem\",\"position\":2,\"name\":\"Paste, Honig, Melasse F\u00fcllung\"}]},{\"@type\":\"WebSite\",\"@id\":\"https:\\\/\\\/pharmarosso.com\\\/#website\",\"url\":\"https:\\\/\\\/pharmarosso.com\\\/\",\"name\":\"Pharma Rosso\",\"description\":\"\",\"potentialAction\":[{\"@type\":\"SearchAction\",\"target\":{\"@type\":\"EntryPoint\",\"urlTemplate\":\"https:\\\/\\\/pharmarosso.com\\\/?s={search_term_string}\"},\"query-input\":{\"@type\":\"PropertyValueSpecification\",\"valueRequired\":true,\"valueName\":\"search_term_string\"}}],\"inLanguage\":\"de\"}]}<\/script>\n<!-- \/ Yoast SEO plugin. -->","yoast_head_json":{"title":"Paste, Honig, Melasse F\u00fcllung - Pharma Rosso","robots":{"index":"index","follow":"follow","max-snippet":"max-snippet:-1","max-image-preview":"max-image-preview:large","max-video-preview":"max-video-preview:-1"},"canonical":"https:\/\/pharmarosso.com\/de\/paste-honig-melasse-fuellung\/","og_locale":"de_DE","og_type":"article","og_title":"Paste, Honig, Melasse F\u00fcllung - Pharma Rosso","og_description":"Paste, Honig, Melasse F\u00fcllung Paste, Honig, Melasse F\u00fcllung Bei der Pasten-, Honig- und Melasseabf\u00fcllung werden diese Arten von Produkten entsprechend ihrem Gewicht verpackt. Die Abf\u00fcllung von Produkten mit geringer, mittlerer und hoher Dichte wird durchgef\u00fchrt. Bei diesem Verfahren werden Produkte beliebiger Dichte volumetrisch abgef\u00fcllt. Die Abf\u00fcllung von Paste, Honig und Melasse erfolgt auf sensible und [&hellip;]","og_url":"https:\/\/pharmarosso.com\/de\/paste-honig-melasse-fuellung\/","og_site_name":"Pharma Rosso","article_modified_time":"2025-07-10T18:36:31+00:00","twitter_card":"summary_large_image","twitter_misc":{"Gesch\u00e4tzte Lesezeit":"1\u00a0Minute"},"schema":{"@context":"https:\/\/schema.org","@graph":[{"@type":"WebPage","@id":"https:\/\/pharmarosso.com\/de\/paste-honig-melasse-fuellung\/","url":"https:\/\/pharmarosso.com\/de\/paste-honig-melasse-fuellung\/","name":"Paste, Honig, Melasse F\u00fcllung - Pharma Rosso","isPartOf":{"@id":"https:\/\/pharmarosso.com\/#website"},"datePublished":"2025-07-03T09:28:11+00:00","dateModified":"2025-07-10T18:36:31+00:00","breadcrumb":{"@id":"https:\/\/pharmarosso.com\/de\/paste-honig-melasse-fuellung\/#breadcrumb"},"inLanguage":"de","potentialAction":[{"@type":"ReadAction","target":["https:\/\/pharmarosso.com\/de\/paste-honig-melasse-fuellung\/"]}]},{"@type":"BreadcrumbList","@id":"https:\/\/pharmarosso.com\/de\/paste-honig-melasse-fuellung\/#breadcrumb","itemListElement":[{"@type":"ListItem","position":1,"name":"Anasayfa","item":"https:\/\/pharmarosso.com\/"},{"@type":"ListItem","position":2,"name":"Paste, Honig, Melasse F\u00fcllung"}]},{"@type":"WebSite","@id":"https:\/\/pharmarosso.com\/#website","url":"https:\/\/pharmarosso.com\/","name":"Pharma Rosso","description":"","potentialAction":[{"@type":"SearchAction","target":{"@type":"EntryPoint","urlTemplate":"https:\/\/pharmarosso.com\/?s={search_term_string}"},"query-input":{"@type":"PropertyValueSpecification","valueRequired":true,"valueName":"search_term_string"}}],"inLanguage":"de"}]}},"_links":{"self":[{"href":"https:\/\/pharmarosso.com\/de\/wp-json\/wp\/v2\/pages\/1639","targetHints":{"allow":["GET"]}}],"collection":[{"href":"https:\/\/pharmarosso.com\/de\/wp-json\/wp\/v2\/pages"}],"about":[{"href":"https:\/\/pharmarosso.com\/de\/wp-json\/wp\/v2\/types\/page"}],"author":[{"embeddable":true,"href":"https:\/\/pharmarosso.com\/de\/wp-json\/wp\/v2\/users\/1"}],"replies":[{"embeddable":true,"href":"https:\/\/pharmarosso.com\/de\/wp-json\/wp\/v2\/comments?post=1639"}],"version-history":[{"count":4,"href":"https:\/\/pharmarosso.com\/de\/wp-json\/wp\/v2\/pages\/1639\/revisions"}],"predecessor-version":[{"id":1852,"href":"https:\/\/pharmarosso.com\/de\/wp-json\/wp\/v2\/pages\/1639\/revisions\/1852"}],"wp:attachment":[{"href":"https:\/\/pharmarosso.com\/de\/wp-json\/wp\/v2\/media?parent=1639"}],"curies":[{"name":"wp","href":"https:\/\/api.w.org\/{rel}","templated":true}]}}