{"id":1628,"date":"2025-06-23T08:49:08","date_gmt":"2025-06-23T08:49:08","guid":{"rendered":"https:\/\/pharmarosso.com\/kendi-markanizi-olusturun\/"},"modified":"2025-07-10T18:23:07","modified_gmt":"2025-07-10T18:23:07","slug":"schaffen-sie-ihre-eigene-marke","status":"publish","type":"page","link":"https:\/\/pharmarosso.com\/de\/schaffen-sie-ihre-eigene-marke\/","title":{"rendered":"Schaffen Sie Ihre eigene Marke!"},"content":{"rendered":"\t\t<div data-elementor-type=\"wp-page\" data-elementor-id=\"1628\" class=\"elementor elementor-1628 elementor-324\" data-elementor-post-type=\"page\">\n\t\t\t\t\t\t<section class=\"elementor-section elementor-top-section elementor-element elementor-element-dd6b411 elementor-section-boxed elementor-section-height-default elementor-section-height-default\" data-id=\"dd6b411\" data-element_type=\"section\" data-settings=\"{&quot;background_background&quot;:&quot;classic&quot;}\">\n\t\t\t\t\t\t\t<div class=\"elementor-background-overlay\"><\/div>\n\t\t\t\t\t\t\t<div class=\"elementor-container elementor-column-gap-no\">\n\t\t\t\t\t<div class=\"elementor-column elementor-col-100 elementor-top-column elementor-element elementor-element-b03d10b\" data-id=\"b03d10b\" data-element_type=\"column\">\n\t\t\t<div class=\"elementor-widget-wrap elementor-element-populated\">\n\t\t\t\t\t\t<div class=\"elementor-element elementor-element-ae34cb8 elementor-widget elementor-widget-heading\" data-id=\"ae34cb8\" data-element_type=\"widget\" data-widget_type=\"heading.default\">\n\t\t\t\t<div class=\"elementor-widget-container\">\n\t\t\t\t\t<h2 class=\"elementor-heading-title elementor-size-default\">Schaffen Sie Ihre eigene Marke!<\/h2>\t\t\t\t<\/div>\n\t\t\t\t<\/div>\n\t\t\t\t<div class=\"elementor-element elementor-element-cf85eba elementor-widget elementor-widget-text-editor\" data-id=\"cf85eba\" data-element_type=\"widget\" data-widget_type=\"text-editor.default\">\n\t\t\t\t<div class=\"elementor-widget-container\">\n\t\t\t\t\t\t\t\t\t<p>Unsere Design- und internationalen Kompetenzen erm\u00f6glichen es Ihnen, Ihre Unternehmensziele zu \u00fcbertreffen.<br \/>Wir helfen Ihnen gerne mit zukunftsorientierten Systemen und professionellen Beratern.<\/p>\t\t\t\t\t\t\t\t<\/div>\n\t\t\t\t<\/div>\n\t\t\t\t<div class=\"elementor-element elementor-element-e7f74d0 elementor-view-default elementor-widget elementor-widget-icon\" data-id=\"e7f74d0\" data-element_type=\"widget\" data-widget_type=\"icon.default\">\n\t\t\t\t<div class=\"elementor-widget-container\">\n\t\t\t\t\t\t\t<div class=\"elementor-icon-wrapper\">\n\t\t\t<div class=\"elementor-icon\">\n\t\t\t<i aria-hidden=\"true\" class=\"icon icon-arrow-down-circle\"><\/i>\t\t\t<\/div>\n\t\t<\/div>\n\t\t\t\t\t\t<\/div>\n\t\t\t\t<\/div>\n\t\t\t\t\t<\/div>\n\t\t<\/div>\n\t\t\t\t\t<\/div>\n\t\t<\/section>\n\t\t\t\t<section class=\"elementor-section elementor-top-section elementor-element elementor-element-1518abf3 elementor-section-content-middle elementor-section-boxed elementor-section-height-default elementor-section-height-default\" data-id=\"1518abf3\" data-element_type=\"section\">\n\t\t\t\t\t\t<div class=\"elementor-container elementor-column-gap-default\">\n\t\t\t\t\t<div class=\"elementor-column elementor-col-50 elementor-top-column elementor-element elementor-element-2909f057 elementor-hidden-phone\" data-id=\"2909f057\" data-element_type=\"column\">\n\t\t\t<div class=\"elementor-widget-wrap elementor-element-populated\">\n\t\t\t\t\t\t<div class=\"elementor-element elementor-element-25c0530a elementor-widget elementor-widget-image\" data-id=\"25c0530a\" data-element_type=\"widget\" data-widget_type=\"image.default\">\n\t\t\t\t<div class=\"elementor-widget-container\">\n\t\t\t\t\t\t\t\t\t\t\t\t\t\t\t<img fetchpriority=\"high\" decoding=\"async\" width=\"570\" height=\"660\" src=\"https:\/\/pharmarosso.com\/wp-content\/uploads\/2025\/06\/arge-service.jpg\" class=\"attachment-full size-full wp-image-1834\" alt=\"\" srcset=\"https:\/\/pharmarosso.com\/wp-content\/uploads\/2025\/06\/arge-service.jpg 570w, https:\/\/pharmarosso.com\/wp-content\/uploads\/2025\/06\/arge-service-259x300.jpg 259w\" sizes=\"(max-width: 570px) 100vw, 570px\" \/>\t\t\t\t\t\t\t\t\t\t\t\t\t\t\t<\/div>\n\t\t\t\t<\/div>\n\t\t\t\t\t<\/div>\n\t\t<\/div>\n\t\t\t\t<div class=\"elementor-column elementor-col-50 elementor-top-column elementor-element elementor-element-523a3fc6\" data-id=\"523a3fc6\" data-element_type=\"column\">\n\t\t\t<div class=\"elementor-widget-wrap elementor-element-populated\">\n\t\t\t\t\t\t<div class=\"elementor-element elementor-element-b1666bb elementor-widget elementor-widget-text-editor\" data-id=\"b1666bb\" data-element_type=\"widget\" data-widget_type=\"text-editor.default\">\n\t\t\t\t<div class=\"elementor-widget-container\">\n\t\t\t\t\t\t\t\t\t<p>F\u00fcr alle bei Pharma Rosso hergestellten Produkte wird in unserem F&amp;E- und P&amp;D-Labor ein umfassender Service im Rahmen der Entwicklung neuer Produkte und der Produktverbesserung angeboten.<\/p><p>Unser Labor, das in der Lage ist, Produkte in fl\u00fcssiger, Kapsel-, Weichkapsel-, Beutel-, Tabletten-, Brausetabletten-, Sublingualtabletten-, Kautabletten- und Pulverform zu entwickeln, bietet Dienstleistungen f\u00fcr Scale-up- und Prozessentwicklungsstudien mit den Bereichen Vorformulierung, Pilotproduktionslabor, Stabilit\u00e4tskammern und analytisches Entwicklungslabor.<\/p>\t\t\t\t\t\t\t\t<\/div>\n\t\t\t\t<\/div>\n\t\t\t\t\t<\/div>\n\t\t<\/div>\n\t\t\t\t\t<\/div>\n\t\t<\/section>\n\t\t\t\t<section class=\"elementor-section elementor-top-section elementor-element elementor-element-7c27da0 elementor-section-boxed elementor-section-height-default elementor-section-height-default\" data-id=\"7c27da0\" data-element_type=\"section\">\n\t\t\t\t\t\t<div class=\"elementor-container elementor-column-gap-default\">\n\t\t\t\t\t<div class=\"elementor-column elementor-col-100 elementor-top-column elementor-element elementor-element-5ab70f4\" data-id=\"5ab70f4\" data-element_type=\"column\">\n\t\t\t<div class=\"elementor-widget-wrap elementor-element-populated\">\n\t\t\t\t\t\t<div class=\"elementor-element elementor-element-5ed8e0f elementor-widget elementor-widget-heading\" data-id=\"5ed8e0f\" data-element_type=\"widget\" data-widget_type=\"heading.default\">\n\t\t\t\t<div class=\"elementor-widget-container\">\n\t\t\t\t\t<h2 class=\"elementor-heading-title elementor-size-default\">Sie wissen nicht, wo Sie anfangen sollen?<\/h2>\t\t\t\t<\/div>\n\t\t\t\t<\/div>\n\t\t\t\t<div class=\"elementor-element elementor-element-585254b elementor-widget elementor-widget-text-editor\" data-id=\"585254b\" data-element_type=\"widget\" data-widget_type=\"text-editor.default\">\n\t\t\t\t<div class=\"elementor-widget-container\">\n\t\t\t\t\t\t\t\t\t<p>Dazu gen\u00fcgt es, Ihre Marke, die Eigenschaften oder die Formel des Produkts, das Sie herstellen wollen, bei Pharmarosso einzureichen.<\/p>\t\t\t\t\t\t\t\t<\/div>\n\t\t\t\t<\/div>\n\t\t\t\t\t<\/div>\n\t\t<\/div>\n\t\t\t\t\t<\/div>\n\t\t<\/section>\n\t\t\t\t<section class=\"elementor-section elementor-top-section elementor-element elementor-element-4074549 elementor-section-boxed elementor-section-height-default elementor-section-height-default\" data-id=\"4074549\" data-element_type=\"section\" data-settings=\"{&quot;background_background&quot;:&quot;classic&quot;}\">\n\t\t\t\t\t\t<div class=\"elementor-container elementor-column-gap-default\">\n\t\t\t\t\t<div class=\"elementor-column elementor-col-25 elementor-top-column elementor-element elementor-element-5aa6c09\" data-id=\"5aa6c09\" data-element_type=\"column\">\n\t\t\t<div class=\"elementor-widget-wrap elementor-element-populated\">\n\t\t\t\t\t\t<div class=\"elementor-element elementor-element-f44dc7d elementor-position-top elementor-widget elementor-widget-image-box\" data-id=\"f44dc7d\" data-element_type=\"widget\" data-widget_type=\"image-box.default\">\n\t\t\t\t<div class=\"elementor-widget-container\">\n\t\t\t\t\t<div class=\"elementor-image-box-wrapper\"><figure class=\"elementor-image-box-img\"><img decoding=\"async\" width=\"1080\" height=\"1080\" src=\"https:\/\/pharmarosso.com\/wp-content\/uploads\/2025\/06\/Yeni-Proje-1.webp\" class=\"attachment-full size-full wp-image-133\" alt=\"\" srcset=\"https:\/\/pharmarosso.com\/wp-content\/uploads\/2025\/06\/Yeni-Proje-1.webp 1080w, https:\/\/pharmarosso.com\/wp-content\/uploads\/2025\/06\/Yeni-Proje-1-300x300.webp 300w, https:\/\/pharmarosso.com\/wp-content\/uploads\/2025\/06\/Yeni-Proje-1-1024x1024.webp 1024w, https:\/\/pharmarosso.com\/wp-content\/uploads\/2025\/06\/Yeni-Proje-1-150x150.webp 150w, https:\/\/pharmarosso.com\/wp-content\/uploads\/2025\/06\/Yeni-Proje-1-768x768.webp 768w\" sizes=\"(max-width: 1080px) 100vw, 1080px\" \/><\/figure><div class=\"elementor-image-box-content\"><h3 class=\"elementor-image-box-title\">Kunden-Interviews<\/h3><p class=\"elementor-image-box-description\">Erkl\u00e4ren Sie unseren Experten Ihr Produkt und tauschen Sie Ideen aus.<\/p><\/div><\/div>\t\t\t\t<\/div>\n\t\t\t\t<\/div>\n\t\t\t\t\t<\/div>\n\t\t<\/div>\n\t\t\t\t<div class=\"elementor-column elementor-col-25 elementor-top-column elementor-element elementor-element-c5c84ed\" data-id=\"c5c84ed\" data-element_type=\"column\">\n\t\t\t<div class=\"elementor-widget-wrap elementor-element-populated\">\n\t\t\t\t\t\t<div class=\"elementor-element elementor-element-0641266 elementor-position-top elementor-widget elementor-widget-image-box\" data-id=\"0641266\" data-element_type=\"widget\" data-widget_type=\"image-box.default\">\n\t\t\t\t<div class=\"elementor-widget-container\">\n\t\t\t\t\t<div class=\"elementor-image-box-wrapper\"><figure class=\"elementor-image-box-img\"><img decoding=\"async\" width=\"1080\" height=\"1080\" src=\"https:\/\/pharmarosso.com\/wp-content\/uploads\/2025\/06\/Yeni-Proje-2.webp\" class=\"attachment-full size-full wp-image-132\" alt=\"\" srcset=\"https:\/\/pharmarosso.com\/wp-content\/uploads\/2025\/06\/Yeni-Proje-2.webp 1080w, https:\/\/pharmarosso.com\/wp-content\/uploads\/2025\/06\/Yeni-Proje-2-300x300.webp 300w, https:\/\/pharmarosso.com\/wp-content\/uploads\/2025\/06\/Yeni-Proje-2-1024x1024.webp 1024w, https:\/\/pharmarosso.com\/wp-content\/uploads\/2025\/06\/Yeni-Proje-2-150x150.webp 150w, https:\/\/pharmarosso.com\/wp-content\/uploads\/2025\/06\/Yeni-Proje-2-768x768.webp 768w\" sizes=\"(max-width: 1080px) 100vw, 1080px\" \/><\/figure><div class=\"elementor-image-box-content\"><h3 class=\"elementor-image-box-title\">F&amp;E und Formulierung<\/h3><p class=\"elementor-image-box-description\">Lassen Sie sich von unseren Experten F&amp;E-Studien erstellen und vorlegen.<\/p><\/div><\/div>\t\t\t\t<\/div>\n\t\t\t\t<\/div>\n\t\t\t\t\t<\/div>\n\t\t<\/div>\n\t\t\t\t<div class=\"elementor-column elementor-col-25 elementor-top-column elementor-element elementor-element-26d81bc\" data-id=\"26d81bc\" data-element_type=\"column\">\n\t\t\t<div class=\"elementor-widget-wrap elementor-element-populated\">\n\t\t\t\t\t\t<div class=\"elementor-element elementor-element-fdd833b elementor-position-top elementor-widget elementor-widget-image-box\" data-id=\"fdd833b\" data-element_type=\"widget\" data-widget_type=\"image-box.default\">\n\t\t\t\t<div class=\"elementor-widget-container\">\n\t\t\t\t\t<div class=\"elementor-image-box-wrapper\"><figure class=\"elementor-image-box-img\"><img loading=\"lazy\" decoding=\"async\" width=\"1080\" height=\"1080\" src=\"https:\/\/pharmarosso.com\/wp-content\/uploads\/2025\/06\/Yeni-Proje-3.webp\" class=\"attachment-full size-full wp-image-131\" alt=\"\" srcset=\"https:\/\/pharmarosso.com\/wp-content\/uploads\/2025\/06\/Yeni-Proje-3.webp 1080w, https:\/\/pharmarosso.com\/wp-content\/uploads\/2025\/06\/Yeni-Proje-3-300x300.webp 300w, https:\/\/pharmarosso.com\/wp-content\/uploads\/2025\/06\/Yeni-Proje-3-1024x1024.webp 1024w, https:\/\/pharmarosso.com\/wp-content\/uploads\/2025\/06\/Yeni-Proje-3-150x150.webp 150w, https:\/\/pharmarosso.com\/wp-content\/uploads\/2025\/06\/Yeni-Proje-3-768x768.webp 768w\" sizes=\"(max-width: 1080px) 100vw, 1080px\" \/><\/figure><div class=\"elementor-image-box-content\"><h3 class=\"elementor-image-box-title\">Produktion<\/h3><p class=\"elementor-image-box-description\">Lassen Sie Ihr Produkt mit vollautomatischen, hochmodernen Maschinen nach europ\u00e4ischem Standard produzieren.<\/p><\/div><\/div>\t\t\t\t<\/div>\n\t\t\t\t<\/div>\n\t\t\t\t\t<\/div>\n\t\t<\/div>\n\t\t\t\t<div class=\"elementor-column elementor-col-25 elementor-top-column elementor-element elementor-element-9ff47c8\" data-id=\"9ff47c8\" data-element_type=\"column\">\n\t\t\t<div class=\"elementor-widget-wrap elementor-element-populated\">\n\t\t\t\t\t\t<div class=\"elementor-element elementor-element-70e6562 elementor-position-top elementor-widget elementor-widget-image-box\" data-id=\"70e6562\" data-element_type=\"widget\" data-widget_type=\"image-box.default\">\n\t\t\t\t<div class=\"elementor-widget-container\">\n\t\t\t\t\t<div class=\"elementor-image-box-wrapper\"><figure class=\"elementor-image-box-img\"><img loading=\"lazy\" decoding=\"async\" width=\"1080\" height=\"1080\" src=\"https:\/\/pharmarosso.com\/wp-content\/uploads\/2025\/06\/Yeni-Proje-4.webp\" class=\"attachment-full size-full wp-image-130\" alt=\"\" srcset=\"https:\/\/pharmarosso.com\/wp-content\/uploads\/2025\/06\/Yeni-Proje-4.webp 1080w, https:\/\/pharmarosso.com\/wp-content\/uploads\/2025\/06\/Yeni-Proje-4-300x300.webp 300w, https:\/\/pharmarosso.com\/wp-content\/uploads\/2025\/06\/Yeni-Proje-4-1024x1024.webp 1024w, https:\/\/pharmarosso.com\/wp-content\/uploads\/2025\/06\/Yeni-Proje-4-150x150.webp 150w, https:\/\/pharmarosso.com\/wp-content\/uploads\/2025\/06\/Yeni-Proje-4-768x768.webp 768w\" sizes=\"(max-width: 1080px) 100vw, 1080px\" \/><\/figure><div class=\"elementor-image-box-content\"><h3 class=\"elementor-image-box-title\">Verpackung und Lieferung<\/h3><p class=\"elementor-image-box-description\">Bereiten Sie Ihr Produkt mit unserem Verpackungsdesign und unseren Verpackungsdienstleistungen f\u00fcr die Auslieferung vor.<\/p><\/div><\/div>\t\t\t\t<\/div>\n\t\t\t\t<\/div>\n\t\t\t\t\t<\/div>\n\t\t<\/div>\n\t\t\t\t\t<\/div>\n\t\t<\/section>\n\t\t\t\t<section class=\"elementor-section elementor-top-section elementor-element elementor-element-0b6c09e elementor-section-boxed elementor-section-height-default elementor-section-height-default\" data-id=\"0b6c09e\" data-element_type=\"section\">\n\t\t\t\t\t\t<div class=\"elementor-container elementor-column-gap-default\">\n\t\t\t\t\t<div class=\"elementor-column elementor-col-100 elementor-top-column elementor-element elementor-element-07d1110\" data-id=\"07d1110\" data-element_type=\"column\">\n\t\t\t<div class=\"elementor-widget-wrap elementor-element-populated\">\n\t\t\t\t\t\t<div class=\"elementor-element elementor-element-06d4aa1 elementor-widget-elementskit-dual-button-center elementor-widget elementor-widget-elementskit-dual-button\" data-id=\"06d4aa1\" data-element_type=\"widget\" data-widget_type=\"elementskit-dual-button.default\">\n\t\t\t\t<div class=\"elementor-widget-container\">\n\t\t\t\t\t<div class=\"ekit-wid-con\" >\n                <div class=\"ekit-element-align-wrapper\">\n                    <div class=\"ekit_double_button\">                <a class=\"ekit-double-btn ekit-double-btn-one\" href=\"https:\/\/pharmarosso.com\/de\/kontakt\/\">\n                    <i aria-hidden=\"true\" class=\"icon icon-phone-call1\"><\/i>Rufen Sie uns jetzt an                <\/a>\n            \n            <a class=\"ekit-double-btn ekit-double-btn-two\" href=\"https:\/\/pharmarosso.com\/de\/kontakt\/\">\n                    <i aria-hidden=\"true\" class=\"icon icon-phone-call2\"><\/i>Wir rufen Sie an                <\/a>\n                  <\/div>\n                <\/div>\n            <\/div>\t\t\t\t<\/div>\n\t\t\t\t<\/div>\n\t\t\t\t\t<\/div>\n\t\t<\/div>\n\t\t\t\t\t<\/div>\n\t\t<\/section>\n\t\t\t\t<\/div>\n\t\t","protected":false},"excerpt":{"rendered":"<p>Schaffen Sie Ihre eigene Marke! Unsere Design- und internationalen Kompetenzen erm\u00f6glichen es Ihnen, Ihre Unternehmensziele zu \u00fcbertreffen.Wir helfen Ihnen gerne mit zukunftsorientierten Systemen und professionellen Beratern. F\u00fcr alle bei Pharma Rosso hergestellten Produkte wird in unserem F&amp;E- und P&amp;D-Labor ein umfassender Service im Rahmen der Entwicklung neuer Produkte und der Produktverbesserung angeboten. Unser Labor, das [&hellip;]<\/p>\n","protected":false},"author":1,"featured_media":0,"parent":0,"menu_order":0,"comment_status":"closed","ping_status":"closed","template":"elementor_header_footer","meta":{"footnotes":""},"class_list":["post-1628","page","type-page","status-publish","hentry"],"yoast_head":"<!-- This site is optimized with the Yoast SEO plugin v27.3 - https:\/\/yoast.com\/product\/yoast-seo-wordpress\/ -->\n<title>Schaffen Sie Ihre eigene Marke! - Pharma Rosso<\/title>\n<meta name=\"robots\" content=\"index, follow, max-snippet:-1, max-image-preview:large, max-video-preview:-1\" \/>\n<link rel=\"canonical\" href=\"https:\/\/pharmarosso.com\/de\/schaffen-sie-ihre-eigene-marke\/\" \/>\n<meta property=\"og:locale\" content=\"de_DE\" \/>\n<meta property=\"og:type\" content=\"article\" \/>\n<meta property=\"og:title\" content=\"Schaffen Sie Ihre eigene Marke! - Pharma Rosso\" \/>\n<meta property=\"og:description\" content=\"Schaffen Sie Ihre eigene Marke! Unsere Design- und internationalen Kompetenzen erm\u00f6glichen es Ihnen, Ihre Unternehmensziele zu \u00fcbertreffen.Wir helfen Ihnen gerne mit zukunftsorientierten Systemen und professionellen Beratern. F\u00fcr alle bei Pharma Rosso hergestellten Produkte wird in unserem F&amp;E- und P&amp;D-Labor ein umfassender Service im Rahmen der Entwicklung neuer Produkte und der Produktverbesserung angeboten. Unser Labor, das [&hellip;]\" \/>\n<meta property=\"og:url\" content=\"https:\/\/pharmarosso.com\/de\/schaffen-sie-ihre-eigene-marke\/\" \/>\n<meta property=\"og:site_name\" content=\"Pharma Rosso\" \/>\n<meta property=\"article:modified_time\" content=\"2025-07-10T18:23:07+00:00\" \/>\n<meta property=\"og:image\" content=\"https:\/\/pharmarosso.com\/wp-content\/uploads\/2025\/06\/arge-service.jpg\" \/>\n\t<meta property=\"og:image:width\" content=\"570\" \/>\n\t<meta property=\"og:image:height\" content=\"660\" \/>\n\t<meta property=\"og:image:type\" content=\"image\/jpeg\" \/>\n<meta name=\"twitter:card\" content=\"summary_large_image\" \/>\n<meta name=\"twitter:label1\" content=\"Gesch\u00e4tzte Lesezeit\" \/>\n\t<meta name=\"twitter:data1\" content=\"3\u00a0Minuten\" \/>\n<script type=\"application\/ld+json\" class=\"yoast-schema-graph\">{\"@context\":\"https:\\\/\\\/schema.org\",\"@graph\":[{\"@type\":\"WebPage\",\"@id\":\"https:\\\/\\\/pharmarosso.com\\\/de\\\/schaffen-sie-ihre-eigene-marke\\\/\",\"url\":\"https:\\\/\\\/pharmarosso.com\\\/de\\\/schaffen-sie-ihre-eigene-marke\\\/\",\"name\":\"Schaffen Sie Ihre eigene Marke! - Pharma Rosso\",\"isPartOf\":{\"@id\":\"https:\\\/\\\/pharmarosso.com\\\/#website\"},\"primaryImageOfPage\":{\"@id\":\"https:\\\/\\\/pharmarosso.com\\\/de\\\/schaffen-sie-ihre-eigene-marke\\\/#primaryimage\"},\"image\":{\"@id\":\"https:\\\/\\\/pharmarosso.com\\\/de\\\/schaffen-sie-ihre-eigene-marke\\\/#primaryimage\"},\"thumbnailUrl\":\"https:\\\/\\\/pharmarosso.com\\\/wp-content\\\/uploads\\\/2025\\\/06\\\/arge-service.jpg\",\"datePublished\":\"2025-06-23T08:49:08+00:00\",\"dateModified\":\"2025-07-10T18:23:07+00:00\",\"breadcrumb\":{\"@id\":\"https:\\\/\\\/pharmarosso.com\\\/de\\\/schaffen-sie-ihre-eigene-marke\\\/#breadcrumb\"},\"inLanguage\":\"de\",\"potentialAction\":[{\"@type\":\"ReadAction\",\"target\":[\"https:\\\/\\\/pharmarosso.com\\\/de\\\/schaffen-sie-ihre-eigene-marke\\\/\"]}]},{\"@type\":\"ImageObject\",\"inLanguage\":\"de\",\"@id\":\"https:\\\/\\\/pharmarosso.com\\\/de\\\/schaffen-sie-ihre-eigene-marke\\\/#primaryimage\",\"url\":\"https:\\\/\\\/pharmarosso.com\\\/wp-content\\\/uploads\\\/2025\\\/06\\\/arge-service.jpg\",\"contentUrl\":\"https:\\\/\\\/pharmarosso.com\\\/wp-content\\\/uploads\\\/2025\\\/06\\\/arge-service.jpg\"},{\"@type\":\"BreadcrumbList\",\"@id\":\"https:\\\/\\\/pharmarosso.com\\\/de\\\/schaffen-sie-ihre-eigene-marke\\\/#breadcrumb\",\"itemListElement\":[{\"@type\":\"ListItem\",\"position\":1,\"name\":\"Anasayfa\",\"item\":\"https:\\\/\\\/pharmarosso.com\\\/\"},{\"@type\":\"ListItem\",\"position\":2,\"name\":\"Schaffen Sie Ihre eigene Marke!\"}]},{\"@type\":\"WebSite\",\"@id\":\"https:\\\/\\\/pharmarosso.com\\\/#website\",\"url\":\"https:\\\/\\\/pharmarosso.com\\\/\",\"name\":\"Pharma Rosso\",\"description\":\"\",\"potentialAction\":[{\"@type\":\"SearchAction\",\"target\":{\"@type\":\"EntryPoint\",\"urlTemplate\":\"https:\\\/\\\/pharmarosso.com\\\/?s={search_term_string}\"},\"query-input\":{\"@type\":\"PropertyValueSpecification\",\"valueRequired\":true,\"valueName\":\"search_term_string\"}}],\"inLanguage\":\"de\"}]}<\/script>\n<!-- \/ Yoast SEO plugin. -->","yoast_head_json":{"title":"Schaffen Sie Ihre eigene Marke! - Pharma Rosso","robots":{"index":"index","follow":"follow","max-snippet":"max-snippet:-1","max-image-preview":"max-image-preview:large","max-video-preview":"max-video-preview:-1"},"canonical":"https:\/\/pharmarosso.com\/de\/schaffen-sie-ihre-eigene-marke\/","og_locale":"de_DE","og_type":"article","og_title":"Schaffen Sie Ihre eigene Marke! - Pharma Rosso","og_description":"Schaffen Sie Ihre eigene Marke! Unsere Design- und internationalen Kompetenzen erm\u00f6glichen es Ihnen, Ihre Unternehmensziele zu \u00fcbertreffen.Wir helfen Ihnen gerne mit zukunftsorientierten Systemen und professionellen Beratern. F\u00fcr alle bei Pharma Rosso hergestellten Produkte wird in unserem F&amp;E- und P&amp;D-Labor ein umfassender Service im Rahmen der Entwicklung neuer Produkte und der Produktverbesserung angeboten. Unser Labor, das [&hellip;]","og_url":"https:\/\/pharmarosso.com\/de\/schaffen-sie-ihre-eigene-marke\/","og_site_name":"Pharma Rosso","article_modified_time":"2025-07-10T18:23:07+00:00","og_image":[{"width":570,"height":660,"url":"https:\/\/pharmarosso.com\/wp-content\/uploads\/2025\/06\/arge-service.jpg","type":"image\/jpeg"}],"twitter_card":"summary_large_image","twitter_misc":{"Gesch\u00e4tzte Lesezeit":"3\u00a0Minuten"},"schema":{"@context":"https:\/\/schema.org","@graph":[{"@type":"WebPage","@id":"https:\/\/pharmarosso.com\/de\/schaffen-sie-ihre-eigene-marke\/","url":"https:\/\/pharmarosso.com\/de\/schaffen-sie-ihre-eigene-marke\/","name":"Schaffen Sie Ihre eigene Marke! - Pharma Rosso","isPartOf":{"@id":"https:\/\/pharmarosso.com\/#website"},"primaryImageOfPage":{"@id":"https:\/\/pharmarosso.com\/de\/schaffen-sie-ihre-eigene-marke\/#primaryimage"},"image":{"@id":"https:\/\/pharmarosso.com\/de\/schaffen-sie-ihre-eigene-marke\/#primaryimage"},"thumbnailUrl":"https:\/\/pharmarosso.com\/wp-content\/uploads\/2025\/06\/arge-service.jpg","datePublished":"2025-06-23T08:49:08+00:00","dateModified":"2025-07-10T18:23:07+00:00","breadcrumb":{"@id":"https:\/\/pharmarosso.com\/de\/schaffen-sie-ihre-eigene-marke\/#breadcrumb"},"inLanguage":"de","potentialAction":[{"@type":"ReadAction","target":["https:\/\/pharmarosso.com\/de\/schaffen-sie-ihre-eigene-marke\/"]}]},{"@type":"ImageObject","inLanguage":"de","@id":"https:\/\/pharmarosso.com\/de\/schaffen-sie-ihre-eigene-marke\/#primaryimage","url":"https:\/\/pharmarosso.com\/wp-content\/uploads\/2025\/06\/arge-service.jpg","contentUrl":"https:\/\/pharmarosso.com\/wp-content\/uploads\/2025\/06\/arge-service.jpg"},{"@type":"BreadcrumbList","@id":"https:\/\/pharmarosso.com\/de\/schaffen-sie-ihre-eigene-marke\/#breadcrumb","itemListElement":[{"@type":"ListItem","position":1,"name":"Anasayfa","item":"https:\/\/pharmarosso.com\/"},{"@type":"ListItem","position":2,"name":"Schaffen Sie Ihre eigene Marke!"}]},{"@type":"WebSite","@id":"https:\/\/pharmarosso.com\/#website","url":"https:\/\/pharmarosso.com\/","name":"Pharma Rosso","description":"","potentialAction":[{"@type":"SearchAction","target":{"@type":"EntryPoint","urlTemplate":"https:\/\/pharmarosso.com\/?s={search_term_string}"},"query-input":{"@type":"PropertyValueSpecification","valueRequired":true,"valueName":"search_term_string"}}],"inLanguage":"de"}]}},"_links":{"self":[{"href":"https:\/\/pharmarosso.com\/de\/wp-json\/wp\/v2\/pages\/1628","targetHints":{"allow":["GET"]}}],"collection":[{"href":"https:\/\/pharmarosso.com\/de\/wp-json\/wp\/v2\/pages"}],"about":[{"href":"https:\/\/pharmarosso.com\/de\/wp-json\/wp\/v2\/types\/page"}],"author":[{"embeddable":true,"href":"https:\/\/pharmarosso.com\/de\/wp-json\/wp\/v2\/users\/1"}],"replies":[{"embeddable":true,"href":"https:\/\/pharmarosso.com\/de\/wp-json\/wp\/v2\/comments?post=1628"}],"version-history":[{"count":4,"href":"https:\/\/pharmarosso.com\/de\/wp-json\/wp\/v2\/pages\/1628\/revisions"}],"predecessor-version":[{"id":1838,"href":"https:\/\/pharmarosso.com\/de\/wp-json\/wp\/v2\/pages\/1628\/revisions\/1838"}],"wp:attachment":[{"href":"https:\/\/pharmarosso.com\/de\/wp-json\/wp\/v2\/media?parent=1628"}],"curies":[{"name":"wp","href":"https:\/\/api.w.org\/{rel}","templated":true}]}}