{"id":1613,"date":"2025-06-23T09:48:48","date_gmt":"2025-06-23T09:48:48","guid":{"rendered":"https:\/\/pharmarosso.com\/kalite-sistem-ve-guvence\/"},"modified":"2025-07-10T18:15:51","modified_gmt":"2025-07-10T18:15:51","slug":"qualitaetssystem-und-qualitaetssicherung","status":"publish","type":"page","link":"https:\/\/pharmarosso.com\/de\/qualitaetssystem-und-qualitaetssicherung\/","title":{"rendered":"Qualit\u00e4tssystem und Qualit\u00e4tssicherung"},"content":{"rendered":"\t\t<div data-elementor-type=\"wp-page\" data-elementor-id=\"1613\" class=\"elementor elementor-1613 elementor-411\" data-elementor-post-type=\"page\">\n\t\t\t\t\t\t<section class=\"elementor-section elementor-top-section elementor-element elementor-element-f92ac59 elementor-section-boxed elementor-section-height-default elementor-section-height-default\" data-id=\"f92ac59\" data-element_type=\"section\" data-settings=\"{&quot;background_background&quot;:&quot;classic&quot;}\">\n\t\t\t\t\t\t\t<div class=\"elementor-background-overlay\"><\/div>\n\t\t\t\t\t\t\t<div class=\"elementor-container elementor-column-gap-no\">\n\t\t\t\t\t<div class=\"elementor-column elementor-col-100 elementor-top-column elementor-element elementor-element-6bac306\" data-id=\"6bac306\" data-element_type=\"column\">\n\t\t\t<div class=\"elementor-widget-wrap elementor-element-populated\">\n\t\t\t\t\t\t<div class=\"elementor-element elementor-element-08e7693 elementor-widget elementor-widget-heading\" data-id=\"08e7693\" data-element_type=\"widget\" data-widget_type=\"heading.default\">\n\t\t\t\t<div class=\"elementor-widget-container\">\n\t\t\t\t\t<h2 class=\"elementor-heading-title elementor-size-default\">Qualit\u00e4tssystem und Qualit\u00e4tssicherung<\/h2>\t\t\t\t<\/div>\n\t\t\t\t<\/div>\n\t\t\t\t<div class=\"elementor-element elementor-element-6176998 elementor-view-default elementor-widget elementor-widget-icon\" data-id=\"6176998\" data-element_type=\"widget\" data-widget_type=\"icon.default\">\n\t\t\t\t<div class=\"elementor-widget-container\">\n\t\t\t\t\t\t\t<div class=\"elementor-icon-wrapper\">\n\t\t\t<div class=\"elementor-icon\">\n\t\t\t<i aria-hidden=\"true\" class=\"icon icon-arrow-down-circle\"><\/i>\t\t\t<\/div>\n\t\t<\/div>\n\t\t\t\t\t\t<\/div>\n\t\t\t\t<\/div>\n\t\t\t\t\t<\/div>\n\t\t<\/div>\n\t\t\t\t\t<\/div>\n\t\t<\/section>\n\t\t\t\t<section class=\"elementor-section elementor-top-section elementor-element elementor-element-c52bb4a elementor-section-content-middle elementor-section-boxed elementor-section-height-default elementor-section-height-default\" data-id=\"c52bb4a\" data-element_type=\"section\">\n\t\t\t\t\t\t<div class=\"elementor-container elementor-column-gap-default\">\n\t\t\t\t\t<div class=\"elementor-column elementor-col-50 elementor-top-column elementor-element elementor-element-b08c893\" data-id=\"b08c893\" data-element_type=\"column\">\n\t\t\t<div class=\"elementor-widget-wrap elementor-element-populated\">\n\t\t\t\t\t\t<div class=\"elementor-element elementor-element-e896e13 elementor-widget elementor-widget-heading\" data-id=\"e896e13\" data-element_type=\"widget\" data-widget_type=\"heading.default\">\n\t\t\t\t<div class=\"elementor-widget-container\">\n\t\t\t\t\t<h2 class=\"elementor-heading-title elementor-size-default\">Eine Premiere in der Branche! R\u00f6ntgenger\u00e4t in der Produkt-Endkontrolle<\/h2>\t\t\t\t<\/div>\n\t\t\t\t<\/div>\n\t\t\t\t<div class=\"elementor-element elementor-element-4ebaa82 elementor-widget elementor-widget-text-editor\" data-id=\"4ebaa82\" data-element_type=\"widget\" data-widget_type=\"text-editor.default\">\n\t\t\t\t<div class=\"elementor-widget-container\">\n\t\t\t\t\t\t\t\t\t<p>Unsere Qualit\u00e4tsabteilung verf\u00fcgt \u00fcber eine unabh\u00e4ngige Qualit\u00e4tssicherungseinheit und Labors f\u00fcr chemische, physikalische, mikrobiologische und Produktionskontrolle, die die S\u00e4ulen der Qualit\u00e4tskontrolle bilden. Mit ihren Abteilungen f\u00fcr Qualit\u00e4tssicherung, Qualit\u00e4tskontrolle, Zulassung, F&amp;E und Labordienstleistungen f\u00fchrt unsere Qualit\u00e4tsdirektion alle Aktivit\u00e4ten durch, die sicherstellen, dass die Verbraucher w\u00e4hrend und nach der Produktion Qualit\u00e4tsprodukte erhalten.<\/p><p>In unserer Qualit\u00e4tsabteilung werden alle Untersuchungen im Rahmen von Stabilit\u00e4ts-, Ausgangsmaterial- und Fertigproduktanalysen, Prozess- und Reinigungsvalidierungen mit einem vollst\u00e4ndigen GMP- und BRC-Food-Verst\u00e4ndnis durchgef\u00fchrt. Alle unsere Mitarbeiter werden von unseren Fachleuten in den erforderlichen Fortbildungen geschult.<\/p><p>Als erstes Unternehmen in der Branche setzt Pharma Rosso bei den Endkontrollen der Produkte, die den Verbraucher erreichen, ein R\u00f6ntgenger\u00e4t mit fortschrittlicher Technologie ein.<\/p>\t\t\t\t\t\t\t\t<\/div>\n\t\t\t\t<\/div>\n\t\t\t\t\t<\/div>\n\t\t<\/div>\n\t\t\t\t<div class=\"elementor-column elementor-col-50 elementor-top-column elementor-element elementor-element-5e1281f elementor-hidden-phone\" data-id=\"5e1281f\" data-element_type=\"column\">\n\t\t\t<div class=\"elementor-widget-wrap elementor-element-populated\">\n\t\t\t\t\t\t<div class=\"elementor-element elementor-element-eb5ea1f elementor-widget elementor-widget-image\" data-id=\"eb5ea1f\" data-element_type=\"widget\" data-widget_type=\"image.default\">\n\t\t\t\t<div class=\"elementor-widget-container\">\n\t\t\t\t\t\t\t\t\t\t\t\t\t\t\t<img fetchpriority=\"high\" decoding=\"async\" width=\"921\" height=\"1467\" src=\"https:\/\/pharmarosso.com\/wp-content\/uploads\/2025\/06\/image-25.webp\" class=\"attachment-full size-full wp-image-1614\" alt=\"\" srcset=\"https:\/\/pharmarosso.com\/wp-content\/uploads\/2025\/06\/image-25.webp 921w, https:\/\/pharmarosso.com\/wp-content\/uploads\/2025\/06\/image-25-188x300.webp 188w, https:\/\/pharmarosso.com\/wp-content\/uploads\/2025\/06\/image-25-643x1024.webp 643w, https:\/\/pharmarosso.com\/wp-content\/uploads\/2025\/06\/image-25-768x1223.webp 768w\" sizes=\"(max-width: 921px) 100vw, 921px\" \/>\t\t\t\t\t\t\t\t\t\t\t\t\t\t\t<\/div>\n\t\t\t\t<\/div>\n\t\t\t\t\t<\/div>\n\t\t<\/div>\n\t\t\t\t\t<\/div>\n\t\t<\/section>\n\t\t\t\t<\/div>\n\t\t","protected":false},"excerpt":{"rendered":"<p>Qualit\u00e4tssystem und Qualit\u00e4tssicherung Eine Premiere in der Branche! R\u00f6ntgenger\u00e4t in der Produkt-Endkontrolle Unsere Qualit\u00e4tsabteilung verf\u00fcgt \u00fcber eine unabh\u00e4ngige Qualit\u00e4tssicherungseinheit und Labors f\u00fcr chemische, physikalische, mikrobiologische und Produktionskontrolle, die die S\u00e4ulen der Qualit\u00e4tskontrolle bilden. Mit ihren Abteilungen f\u00fcr Qualit\u00e4tssicherung, Qualit\u00e4tskontrolle, Zulassung, F&amp;E und Labordienstleistungen f\u00fchrt unsere Qualit\u00e4tsdirektion alle Aktivit\u00e4ten durch, die sicherstellen, dass die Verbraucher w\u00e4hrend [&hellip;]<\/p>\n","protected":false},"author":1,"featured_media":0,"parent":0,"menu_order":0,"comment_status":"closed","ping_status":"closed","template":"elementor_header_footer","meta":{"footnotes":""},"class_list":["post-1613","page","type-page","status-publish","hentry"],"yoast_head":"<!-- This site is optimized with the Yoast SEO plugin v27.3 - https:\/\/yoast.com\/product\/yoast-seo-wordpress\/ -->\n<title>Qualit\u00e4tssystem und Qualit\u00e4tssicherung - Pharma Rosso<\/title>\n<meta name=\"robots\" content=\"index, follow, max-snippet:-1, max-image-preview:large, max-video-preview:-1\" \/>\n<link rel=\"canonical\" href=\"https:\/\/pharmarosso.com\/de\/qualitaetssystem-und-qualitaetssicherung\/\" \/>\n<meta property=\"og:locale\" content=\"de_DE\" \/>\n<meta property=\"og:type\" content=\"article\" \/>\n<meta property=\"og:title\" content=\"Qualit\u00e4tssystem und Qualit\u00e4tssicherung - Pharma Rosso\" \/>\n<meta property=\"og:description\" content=\"Qualit\u00e4tssystem und Qualit\u00e4tssicherung Eine Premiere in der Branche! R\u00f6ntgenger\u00e4t in der Produkt-Endkontrolle Unsere Qualit\u00e4tsabteilung verf\u00fcgt \u00fcber eine unabh\u00e4ngige Qualit\u00e4tssicherungseinheit und Labors f\u00fcr chemische, physikalische, mikrobiologische und Produktionskontrolle, die die S\u00e4ulen der Qualit\u00e4tskontrolle bilden. Mit ihren Abteilungen f\u00fcr Qualit\u00e4tssicherung, Qualit\u00e4tskontrolle, Zulassung, F&amp;E und Labordienstleistungen f\u00fchrt unsere Qualit\u00e4tsdirektion alle Aktivit\u00e4ten durch, die sicherstellen, dass die Verbraucher w\u00e4hrend [&hellip;]\" \/>\n<meta property=\"og:url\" content=\"https:\/\/pharmarosso.com\/de\/qualitaetssystem-und-qualitaetssicherung\/\" \/>\n<meta property=\"og:site_name\" content=\"Pharma Rosso\" \/>\n<meta property=\"article:modified_time\" content=\"2025-07-10T18:15:51+00:00\" \/>\n<meta property=\"og:image\" content=\"https:\/\/pharmarosso.com\/wp-content\/uploads\/2025\/06\/image-25.webp\" \/>\n\t<meta property=\"og:image:width\" content=\"921\" \/>\n\t<meta property=\"og:image:height\" content=\"1467\" \/>\n\t<meta property=\"og:image:type\" content=\"image\/webp\" \/>\n<meta name=\"twitter:card\" content=\"summary_large_image\" \/>\n<meta name=\"twitter:label1\" content=\"Gesch\u00e4tzte Lesezeit\" \/>\n\t<meta name=\"twitter:data1\" content=\"1\u00a0Minute\" \/>\n<script type=\"application\/ld+json\" class=\"yoast-schema-graph\">{\"@context\":\"https:\\\/\\\/schema.org\",\"@graph\":[{\"@type\":\"WebPage\",\"@id\":\"https:\\\/\\\/pharmarosso.com\\\/de\\\/qualitaetssystem-und-qualitaetssicherung\\\/\",\"url\":\"https:\\\/\\\/pharmarosso.com\\\/de\\\/qualitaetssystem-und-qualitaetssicherung\\\/\",\"name\":\"Qualit\u00e4tssystem und Qualit\u00e4tssicherung - Pharma Rosso\",\"isPartOf\":{\"@id\":\"https:\\\/\\\/pharmarosso.com\\\/#website\"},\"primaryImageOfPage\":{\"@id\":\"https:\\\/\\\/pharmarosso.com\\\/de\\\/qualitaetssystem-und-qualitaetssicherung\\\/#primaryimage\"},\"image\":{\"@id\":\"https:\\\/\\\/pharmarosso.com\\\/de\\\/qualitaetssystem-und-qualitaetssicherung\\\/#primaryimage\"},\"thumbnailUrl\":\"https:\\\/\\\/pharmarosso.com\\\/wp-content\\\/uploads\\\/2025\\\/06\\\/image-25.webp\",\"datePublished\":\"2025-06-23T09:48:48+00:00\",\"dateModified\":\"2025-07-10T18:15:51+00:00\",\"breadcrumb\":{\"@id\":\"https:\\\/\\\/pharmarosso.com\\\/de\\\/qualitaetssystem-und-qualitaetssicherung\\\/#breadcrumb\"},\"inLanguage\":\"de\",\"potentialAction\":[{\"@type\":\"ReadAction\",\"target\":[\"https:\\\/\\\/pharmarosso.com\\\/de\\\/qualitaetssystem-und-qualitaetssicherung\\\/\"]}]},{\"@type\":\"ImageObject\",\"inLanguage\":\"de\",\"@id\":\"https:\\\/\\\/pharmarosso.com\\\/de\\\/qualitaetssystem-und-qualitaetssicherung\\\/#primaryimage\",\"url\":\"https:\\\/\\\/pharmarosso.com\\\/wp-content\\\/uploads\\\/2025\\\/06\\\/image-25.webp\",\"contentUrl\":\"https:\\\/\\\/pharmarosso.com\\\/wp-content\\\/uploads\\\/2025\\\/06\\\/image-25.webp\"},{\"@type\":\"BreadcrumbList\",\"@id\":\"https:\\\/\\\/pharmarosso.com\\\/de\\\/qualitaetssystem-und-qualitaetssicherung\\\/#breadcrumb\",\"itemListElement\":[{\"@type\":\"ListItem\",\"position\":1,\"name\":\"Anasayfa\",\"item\":\"https:\\\/\\\/pharmarosso.com\\\/\"},{\"@type\":\"ListItem\",\"position\":2,\"name\":\"Qualit\u00e4tssystem und Qualit\u00e4tssicherung\"}]},{\"@type\":\"WebSite\",\"@id\":\"https:\\\/\\\/pharmarosso.com\\\/#website\",\"url\":\"https:\\\/\\\/pharmarosso.com\\\/\",\"name\":\"Pharma Rosso\",\"description\":\"\",\"potentialAction\":[{\"@type\":\"SearchAction\",\"target\":{\"@type\":\"EntryPoint\",\"urlTemplate\":\"https:\\\/\\\/pharmarosso.com\\\/?s={search_term_string}\"},\"query-input\":{\"@type\":\"PropertyValueSpecification\",\"valueRequired\":true,\"valueName\":\"search_term_string\"}}],\"inLanguage\":\"de\"}]}<\/script>\n<!-- \/ Yoast SEO plugin. -->","yoast_head_json":{"title":"Qualit\u00e4tssystem und Qualit\u00e4tssicherung - Pharma Rosso","robots":{"index":"index","follow":"follow","max-snippet":"max-snippet:-1","max-image-preview":"max-image-preview:large","max-video-preview":"max-video-preview:-1"},"canonical":"https:\/\/pharmarosso.com\/de\/qualitaetssystem-und-qualitaetssicherung\/","og_locale":"de_DE","og_type":"article","og_title":"Qualit\u00e4tssystem und Qualit\u00e4tssicherung - Pharma Rosso","og_description":"Qualit\u00e4tssystem und Qualit\u00e4tssicherung Eine Premiere in der Branche! R\u00f6ntgenger\u00e4t in der Produkt-Endkontrolle Unsere Qualit\u00e4tsabteilung verf\u00fcgt \u00fcber eine unabh\u00e4ngige Qualit\u00e4tssicherungseinheit und Labors f\u00fcr chemische, physikalische, mikrobiologische und Produktionskontrolle, die die S\u00e4ulen der Qualit\u00e4tskontrolle bilden. Mit ihren Abteilungen f\u00fcr Qualit\u00e4tssicherung, Qualit\u00e4tskontrolle, Zulassung, F&amp;E und Labordienstleistungen f\u00fchrt unsere Qualit\u00e4tsdirektion alle Aktivit\u00e4ten durch, die sicherstellen, dass die Verbraucher w\u00e4hrend [&hellip;]","og_url":"https:\/\/pharmarosso.com\/de\/qualitaetssystem-und-qualitaetssicherung\/","og_site_name":"Pharma Rosso","article_modified_time":"2025-07-10T18:15:51+00:00","og_image":[{"width":921,"height":1467,"url":"https:\/\/pharmarosso.com\/wp-content\/uploads\/2025\/06\/image-25.webp","type":"image\/webp"}],"twitter_card":"summary_large_image","twitter_misc":{"Gesch\u00e4tzte Lesezeit":"1\u00a0Minute"},"schema":{"@context":"https:\/\/schema.org","@graph":[{"@type":"WebPage","@id":"https:\/\/pharmarosso.com\/de\/qualitaetssystem-und-qualitaetssicherung\/","url":"https:\/\/pharmarosso.com\/de\/qualitaetssystem-und-qualitaetssicherung\/","name":"Qualit\u00e4tssystem und Qualit\u00e4tssicherung - Pharma Rosso","isPartOf":{"@id":"https:\/\/pharmarosso.com\/#website"},"primaryImageOfPage":{"@id":"https:\/\/pharmarosso.com\/de\/qualitaetssystem-und-qualitaetssicherung\/#primaryimage"},"image":{"@id":"https:\/\/pharmarosso.com\/de\/qualitaetssystem-und-qualitaetssicherung\/#primaryimage"},"thumbnailUrl":"https:\/\/pharmarosso.com\/wp-content\/uploads\/2025\/06\/image-25.webp","datePublished":"2025-06-23T09:48:48+00:00","dateModified":"2025-07-10T18:15:51+00:00","breadcrumb":{"@id":"https:\/\/pharmarosso.com\/de\/qualitaetssystem-und-qualitaetssicherung\/#breadcrumb"},"inLanguage":"de","potentialAction":[{"@type":"ReadAction","target":["https:\/\/pharmarosso.com\/de\/qualitaetssystem-und-qualitaetssicherung\/"]}]},{"@type":"ImageObject","inLanguage":"de","@id":"https:\/\/pharmarosso.com\/de\/qualitaetssystem-und-qualitaetssicherung\/#primaryimage","url":"https:\/\/pharmarosso.com\/wp-content\/uploads\/2025\/06\/image-25.webp","contentUrl":"https:\/\/pharmarosso.com\/wp-content\/uploads\/2025\/06\/image-25.webp"},{"@type":"BreadcrumbList","@id":"https:\/\/pharmarosso.com\/de\/qualitaetssystem-und-qualitaetssicherung\/#breadcrumb","itemListElement":[{"@type":"ListItem","position":1,"name":"Anasayfa","item":"https:\/\/pharmarosso.com\/"},{"@type":"ListItem","position":2,"name":"Qualit\u00e4tssystem und Qualit\u00e4tssicherung"}]},{"@type":"WebSite","@id":"https:\/\/pharmarosso.com\/#website","url":"https:\/\/pharmarosso.com\/","name":"Pharma Rosso","description":"","potentialAction":[{"@type":"SearchAction","target":{"@type":"EntryPoint","urlTemplate":"https:\/\/pharmarosso.com\/?s={search_term_string}"},"query-input":{"@type":"PropertyValueSpecification","valueRequired":true,"valueName":"search_term_string"}}],"inLanguage":"de"}]}},"_links":{"self":[{"href":"https:\/\/pharmarosso.com\/de\/wp-json\/wp\/v2\/pages\/1613","targetHints":{"allow":["GET"]}}],"collection":[{"href":"https:\/\/pharmarosso.com\/de\/wp-json\/wp\/v2\/pages"}],"about":[{"href":"https:\/\/pharmarosso.com\/de\/wp-json\/wp\/v2\/types\/page"}],"author":[{"embeddable":true,"href":"https:\/\/pharmarosso.com\/de\/wp-json\/wp\/v2\/users\/1"}],"replies":[{"embeddable":true,"href":"https:\/\/pharmarosso.com\/de\/wp-json\/wp\/v2\/comments?post=1613"}],"version-history":[{"count":4,"href":"https:\/\/pharmarosso.com\/de\/wp-json\/wp\/v2\/pages\/1613\/revisions"}],"predecessor-version":[{"id":1812,"href":"https:\/\/pharmarosso.com\/de\/wp-json\/wp\/v2\/pages\/1613\/revisions\/1812"}],"wp:attachment":[{"href":"https:\/\/pharmarosso.com\/de\/wp-json\/wp\/v2\/media?parent=1613"}],"curies":[{"name":"wp","href":"https:\/\/api.w.org\/{rel}","templated":true}]}}