{"id":1604,"date":"2025-06-23T09:54:31","date_gmt":"2025-06-23T09:54:31","guid":{"rendered":"https:\/\/pharmarosso.com\/import-export\/"},"modified":"2025-07-10T18:02:54","modified_gmt":"2025-07-10T18:02:54","slug":"einfuhr-und-ausfuhr","status":"publish","type":"page","link":"https:\/\/pharmarosso.com\/de\/einfuhr-und-ausfuhr\/","title":{"rendered":"Einfuhr und Ausfuhr"},"content":{"rendered":"\t\t<div data-elementor-type=\"wp-page\" data-elementor-id=\"1604\" class=\"elementor elementor-1604 elementor-418\" data-elementor-post-type=\"page\">\n\t\t\t\t\t\t<section class=\"elementor-section elementor-top-section elementor-element elementor-element-f92ac59 elementor-section-boxed elementor-section-height-default elementor-section-height-default\" data-id=\"f92ac59\" data-element_type=\"section\" data-settings=\"{&quot;background_background&quot;:&quot;classic&quot;}\">\n\t\t\t\t\t\t\t<div class=\"elementor-background-overlay\"><\/div>\n\t\t\t\t\t\t\t<div class=\"elementor-container elementor-column-gap-no\">\n\t\t\t\t\t<div class=\"elementor-column elementor-col-100 elementor-top-column elementor-element elementor-element-6bac306\" data-id=\"6bac306\" data-element_type=\"column\">\n\t\t\t<div class=\"elementor-widget-wrap elementor-element-populated\">\n\t\t\t\t\t\t<div class=\"elementor-element elementor-element-08e7693 elementor-widget elementor-widget-heading\" data-id=\"08e7693\" data-element_type=\"widget\" data-widget_type=\"heading.default\">\n\t\t\t\t<div class=\"elementor-widget-container\">\n\t\t\t\t\t<h2 class=\"elementor-heading-title elementor-size-default\">Einfuhr und Ausfuhr<\/h2>\t\t\t\t<\/div>\n\t\t\t\t<\/div>\n\t\t\t\t<div class=\"elementor-element elementor-element-f6f8dad elementor-widget elementor-widget-text-editor\" data-id=\"f6f8dad\" data-element_type=\"widget\" data-widget_type=\"text-editor.default\">\n\t\t\t\t<div class=\"elementor-widget-container\">\n\t\t\t\t\t\t\t\t\t<p>&#8218;Pharma Rosso G\u0131da \u0130la\u00e7 \u0130la\u00e7 Kozmetik Medikal San. Foreign Trade. Ltd. \u015eti.&#8220; haben wir uns im Jahr 2000 auf den Weg gemacht, um die Marktl\u00fccke zu schlie\u00dfen und einen Beitrag f\u00fcr unser Land und unser Volk zu leisten.<\/p>\t\t\t\t\t\t\t\t<\/div>\n\t\t\t\t<\/div>\n\t\t\t\t<div class=\"elementor-element elementor-element-6176998 elementor-view-default elementor-widget elementor-widget-icon\" data-id=\"6176998\" data-element_type=\"widget\" data-widget_type=\"icon.default\">\n\t\t\t\t<div class=\"elementor-widget-container\">\n\t\t\t\t\t\t\t<div class=\"elementor-icon-wrapper\">\n\t\t\t<div class=\"elementor-icon\">\n\t\t\t<i aria-hidden=\"true\" class=\"icon icon-arrow-down-circle\"><\/i>\t\t\t<\/div>\n\t\t<\/div>\n\t\t\t\t\t\t<\/div>\n\t\t\t\t<\/div>\n\t\t\t\t\t<\/div>\n\t\t<\/div>\n\t\t\t\t\t<\/div>\n\t\t<\/section>\n\t\t\t\t<section class=\"elementor-section elementor-top-section elementor-element elementor-element-c52bb4a elementor-section-content-middle elementor-section-boxed elementor-section-height-default elementor-section-height-default\" data-id=\"c52bb4a\" data-element_type=\"section\">\n\t\t\t\t\t\t<div class=\"elementor-container elementor-column-gap-default\">\n\t\t\t\t\t<div class=\"elementor-column elementor-col-50 elementor-top-column elementor-element elementor-element-b08c893\" data-id=\"b08c893\" data-element_type=\"column\">\n\t\t\t<div class=\"elementor-widget-wrap elementor-element-populated\">\n\t\t\t\t\t\t<div class=\"elementor-element elementor-element-e896e13 elementor-widget elementor-widget-heading\" data-id=\"e896e13\" data-element_type=\"widget\" data-widget_type=\"heading.default\">\n\t\t\t\t<div class=\"elementor-widget-container\">\n\t\t\t\t\t<h2 class=\"elementor-heading-title elementor-size-default\">Einfuhr und Ausfuhr<\/h2>\t\t\t\t<\/div>\n\t\t\t\t<\/div>\n\t\t\t\t<div class=\"elementor-element elementor-element-4ebaa82 elementor-widget elementor-widget-text-editor\" data-id=\"4ebaa82\" data-element_type=\"widget\" data-widget_type=\"text-editor.default\">\n\t\t\t\t<div class=\"elementor-widget-container\">\n\t\t\t\t\t\t\t\t\t<p>Pharma Rosso Lebensmittel Pharmazeutische Kosmetika Medizinische San. Au\u00dfenhandel. Ltd. \u015eti. haben wir uns 2015 auf den Weg gemacht, um die Marktl\u00fccke zu schlie\u00dfen und einen Beitrag f\u00fcr unser Land und unser Volk zu leisten. Wir exportieren haupts\u00e4chlich in den Irak, nach Libyen, in die Schweiz, nach England, in die Niederlande, nach Deutschland, nach Frankreich, nach Bosnien-Herzegowina, nach Aserbaidschan, nach Syrien, nach Kuwait, nach Saudi-Arabien, nach Vietnam, in den Sudan, in die VAE, nach \u00c4thiopien und in den Jemen.<\/p><p>Pharma Rosso; das Wissen und die Erfahrung, die es bis jetzt gesammelt hat; wir bieten dem Verbraucher innovative Ideen und technologiegest\u00fctzte Produktformen in Form von technologiegest\u00fctzten Produktformen.<\/p><p>Indem wir die unbegrenzten Ressourcen nutzen, die uns die Natur bietet, stellen wir in unserer voll integrierten Anlage in Tuzla-Tepe\u00f6ren, Istanbul, mit einer geschlossenen Fl\u00e4che von ca. 3.000 Quadratmetern in Lohnarbeit her und bringen unserem Land durch Besch\u00e4ftigung und Export einen Mehrwert. Unser Ziel ist es, mit unseren nat\u00fcrlichen, sch\u00fctzenden und gesundheitsf\u00f6rdernden Produkten sowohl im Inland als auch international zu wachsen, indem wir mit unserem fachkundigen technischen Team Nahrungserg\u00e4nzungsmittel und Dermo-Kosmetikprodukte herstellen.<\/p>\t\t\t\t\t\t\t\t<\/div>\n\t\t\t\t<\/div>\n\t\t\t\t\t<\/div>\n\t\t<\/div>\n\t\t\t\t<div class=\"elementor-column elementor-col-50 elementor-top-column elementor-element elementor-element-5e1281f elementor-hidden-phone\" data-id=\"5e1281f\" data-element_type=\"column\">\n\t\t\t<div class=\"elementor-widget-wrap elementor-element-populated\">\n\t\t\t\t\t\t<div class=\"elementor-element elementor-element-eb5ea1f elementor-widget elementor-widget-image\" data-id=\"eb5ea1f\" data-element_type=\"widget\" data-widget_type=\"image.default\">\n\t\t\t\t<div class=\"elementor-widget-container\">\n\t\t\t\t\t\t\t\t\t\t\t\t\t\t\t<img fetchpriority=\"high\" decoding=\"async\" width=\"1238\" height=\"1221\" src=\"https:\/\/pharmarosso.com\/wp-content\/uploads\/2025\/06\/image-26.webp\" class=\"attachment-full size-full wp-image-1605\" alt=\"\" srcset=\"https:\/\/pharmarosso.com\/wp-content\/uploads\/2025\/06\/image-26.webp 1238w, https:\/\/pharmarosso.com\/wp-content\/uploads\/2025\/06\/image-26-300x296.webp 300w, https:\/\/pharmarosso.com\/wp-content\/uploads\/2025\/06\/image-26-1024x1010.webp 1024w, https:\/\/pharmarosso.com\/wp-content\/uploads\/2025\/06\/image-26-768x757.webp 768w\" sizes=\"(max-width: 1238px) 100vw, 1238px\" \/>\t\t\t\t\t\t\t\t\t\t\t\t\t\t\t<\/div>\n\t\t\t\t<\/div>\n\t\t\t\t\t<\/div>\n\t\t<\/div>\n\t\t\t\t\t<\/div>\n\t\t<\/section>\n\t\t\t\t<\/div>\n\t\t","protected":false},"excerpt":{"rendered":"<p>Einfuhr und Ausfuhr &#8218;Pharma Rosso G\u0131da \u0130la\u00e7 \u0130la\u00e7 Kozmetik Medikal San. Foreign Trade. Ltd. \u015eti.&#8220; haben wir uns im Jahr 2000 auf den Weg gemacht, um die Marktl\u00fccke zu schlie\u00dfen und einen Beitrag f\u00fcr unser Land und unser Volk zu leisten. Einfuhr und Ausfuhr Pharma Rosso Lebensmittel Pharmazeutische Kosmetika Medizinische San. Au\u00dfenhandel. Ltd. \u015eti. haben [&hellip;]<\/p>\n","protected":false},"author":1,"featured_media":0,"parent":0,"menu_order":0,"comment_status":"closed","ping_status":"closed","template":"elementor_header_footer","meta":{"footnotes":""},"class_list":["post-1604","page","type-page","status-publish","hentry"],"yoast_head":"<!-- This site is optimized with the Yoast SEO plugin v27.3 - https:\/\/yoast.com\/product\/yoast-seo-wordpress\/ -->\n<title>Einfuhr und Ausfuhr - Pharma Rosso<\/title>\n<meta name=\"robots\" content=\"index, follow, max-snippet:-1, max-image-preview:large, max-video-preview:-1\" \/>\n<link rel=\"canonical\" href=\"https:\/\/pharmarosso.com\/de\/einfuhr-und-ausfuhr\/\" \/>\n<meta property=\"og:locale\" content=\"de_DE\" \/>\n<meta property=\"og:type\" content=\"article\" \/>\n<meta property=\"og:title\" content=\"Einfuhr und Ausfuhr - Pharma Rosso\" \/>\n<meta property=\"og:description\" content=\"Einfuhr und Ausfuhr &#8218;Pharma Rosso G\u0131da \u0130la\u00e7 \u0130la\u00e7 Kozmetik Medikal San. Foreign Trade. Ltd. \u015eti.&#8220; haben wir uns im Jahr 2000 auf den Weg gemacht, um die Marktl\u00fccke zu schlie\u00dfen und einen Beitrag f\u00fcr unser Land und unser Volk zu leisten. Einfuhr und Ausfuhr Pharma Rosso Lebensmittel Pharmazeutische Kosmetika Medizinische San. Au\u00dfenhandel. Ltd. \u015eti. haben [&hellip;]\" \/>\n<meta property=\"og:url\" content=\"https:\/\/pharmarosso.com\/de\/einfuhr-und-ausfuhr\/\" \/>\n<meta property=\"og:site_name\" content=\"Pharma Rosso\" \/>\n<meta property=\"article:modified_time\" content=\"2025-07-10T18:02:54+00:00\" \/>\n<meta property=\"og:image\" content=\"https:\/\/pharmarosso.com\/wp-content\/uploads\/2025\/06\/image-26.webp\" \/>\n\t<meta property=\"og:image:width\" content=\"1238\" \/>\n\t<meta property=\"og:image:height\" content=\"1221\" \/>\n\t<meta property=\"og:image:type\" content=\"image\/webp\" \/>\n<meta name=\"twitter:card\" content=\"summary_large_image\" \/>\n<meta name=\"twitter:label1\" content=\"Gesch\u00e4tzte Lesezeit\" \/>\n\t<meta name=\"twitter:data1\" content=\"2\u00a0Minuten\" \/>\n<script type=\"application\/ld+json\" class=\"yoast-schema-graph\">{\"@context\":\"https:\\\/\\\/schema.org\",\"@graph\":[{\"@type\":\"WebPage\",\"@id\":\"https:\\\/\\\/pharmarosso.com\\\/de\\\/einfuhr-und-ausfuhr\\\/\",\"url\":\"https:\\\/\\\/pharmarosso.com\\\/de\\\/einfuhr-und-ausfuhr\\\/\",\"name\":\"Einfuhr und Ausfuhr - Pharma Rosso\",\"isPartOf\":{\"@id\":\"https:\\\/\\\/pharmarosso.com\\\/#website\"},\"primaryImageOfPage\":{\"@id\":\"https:\\\/\\\/pharmarosso.com\\\/de\\\/einfuhr-und-ausfuhr\\\/#primaryimage\"},\"image\":{\"@id\":\"https:\\\/\\\/pharmarosso.com\\\/de\\\/einfuhr-und-ausfuhr\\\/#primaryimage\"},\"thumbnailUrl\":\"https:\\\/\\\/pharmarosso.com\\\/wp-content\\\/uploads\\\/2025\\\/06\\\/image-26.webp\",\"datePublished\":\"2025-06-23T09:54:31+00:00\",\"dateModified\":\"2025-07-10T18:02:54+00:00\",\"breadcrumb\":{\"@id\":\"https:\\\/\\\/pharmarosso.com\\\/de\\\/einfuhr-und-ausfuhr\\\/#breadcrumb\"},\"inLanguage\":\"de\",\"potentialAction\":[{\"@type\":\"ReadAction\",\"target\":[\"https:\\\/\\\/pharmarosso.com\\\/de\\\/einfuhr-und-ausfuhr\\\/\"]}]},{\"@type\":\"ImageObject\",\"inLanguage\":\"de\",\"@id\":\"https:\\\/\\\/pharmarosso.com\\\/de\\\/einfuhr-und-ausfuhr\\\/#primaryimage\",\"url\":\"https:\\\/\\\/pharmarosso.com\\\/wp-content\\\/uploads\\\/2025\\\/06\\\/image-26.webp\",\"contentUrl\":\"https:\\\/\\\/pharmarosso.com\\\/wp-content\\\/uploads\\\/2025\\\/06\\\/image-26.webp\"},{\"@type\":\"BreadcrumbList\",\"@id\":\"https:\\\/\\\/pharmarosso.com\\\/de\\\/einfuhr-und-ausfuhr\\\/#breadcrumb\",\"itemListElement\":[{\"@type\":\"ListItem\",\"position\":1,\"name\":\"Anasayfa\",\"item\":\"https:\\\/\\\/pharmarosso.com\\\/\"},{\"@type\":\"ListItem\",\"position\":2,\"name\":\"Einfuhr und Ausfuhr\"}]},{\"@type\":\"WebSite\",\"@id\":\"https:\\\/\\\/pharmarosso.com\\\/#website\",\"url\":\"https:\\\/\\\/pharmarosso.com\\\/\",\"name\":\"Pharma Rosso\",\"description\":\"\",\"potentialAction\":[{\"@type\":\"SearchAction\",\"target\":{\"@type\":\"EntryPoint\",\"urlTemplate\":\"https:\\\/\\\/pharmarosso.com\\\/?s={search_term_string}\"},\"query-input\":{\"@type\":\"PropertyValueSpecification\",\"valueRequired\":true,\"valueName\":\"search_term_string\"}}],\"inLanguage\":\"de\"}]}<\/script>\n<!-- \/ Yoast SEO plugin. -->","yoast_head_json":{"title":"Einfuhr und Ausfuhr - Pharma Rosso","robots":{"index":"index","follow":"follow","max-snippet":"max-snippet:-1","max-image-preview":"max-image-preview:large","max-video-preview":"max-video-preview:-1"},"canonical":"https:\/\/pharmarosso.com\/de\/einfuhr-und-ausfuhr\/","og_locale":"de_DE","og_type":"article","og_title":"Einfuhr und Ausfuhr - Pharma Rosso","og_description":"Einfuhr und Ausfuhr &#8218;Pharma Rosso G\u0131da \u0130la\u00e7 \u0130la\u00e7 Kozmetik Medikal San. Foreign Trade. Ltd. \u015eti.&#8220; haben wir uns im Jahr 2000 auf den Weg gemacht, um die Marktl\u00fccke zu schlie\u00dfen und einen Beitrag f\u00fcr unser Land und unser Volk zu leisten. Einfuhr und Ausfuhr Pharma Rosso Lebensmittel Pharmazeutische Kosmetika Medizinische San. Au\u00dfenhandel. Ltd. \u015eti. haben [&hellip;]","og_url":"https:\/\/pharmarosso.com\/de\/einfuhr-und-ausfuhr\/","og_site_name":"Pharma Rosso","article_modified_time":"2025-07-10T18:02:54+00:00","og_image":[{"width":1238,"height":1221,"url":"https:\/\/pharmarosso.com\/wp-content\/uploads\/2025\/06\/image-26.webp","type":"image\/webp"}],"twitter_card":"summary_large_image","twitter_misc":{"Gesch\u00e4tzte Lesezeit":"2\u00a0Minuten"},"schema":{"@context":"https:\/\/schema.org","@graph":[{"@type":"WebPage","@id":"https:\/\/pharmarosso.com\/de\/einfuhr-und-ausfuhr\/","url":"https:\/\/pharmarosso.com\/de\/einfuhr-und-ausfuhr\/","name":"Einfuhr und Ausfuhr - Pharma Rosso","isPartOf":{"@id":"https:\/\/pharmarosso.com\/#website"},"primaryImageOfPage":{"@id":"https:\/\/pharmarosso.com\/de\/einfuhr-und-ausfuhr\/#primaryimage"},"image":{"@id":"https:\/\/pharmarosso.com\/de\/einfuhr-und-ausfuhr\/#primaryimage"},"thumbnailUrl":"https:\/\/pharmarosso.com\/wp-content\/uploads\/2025\/06\/image-26.webp","datePublished":"2025-06-23T09:54:31+00:00","dateModified":"2025-07-10T18:02:54+00:00","breadcrumb":{"@id":"https:\/\/pharmarosso.com\/de\/einfuhr-und-ausfuhr\/#breadcrumb"},"inLanguage":"de","potentialAction":[{"@type":"ReadAction","target":["https:\/\/pharmarosso.com\/de\/einfuhr-und-ausfuhr\/"]}]},{"@type":"ImageObject","inLanguage":"de","@id":"https:\/\/pharmarosso.com\/de\/einfuhr-und-ausfuhr\/#primaryimage","url":"https:\/\/pharmarosso.com\/wp-content\/uploads\/2025\/06\/image-26.webp","contentUrl":"https:\/\/pharmarosso.com\/wp-content\/uploads\/2025\/06\/image-26.webp"},{"@type":"BreadcrumbList","@id":"https:\/\/pharmarosso.com\/de\/einfuhr-und-ausfuhr\/#breadcrumb","itemListElement":[{"@type":"ListItem","position":1,"name":"Anasayfa","item":"https:\/\/pharmarosso.com\/"},{"@type":"ListItem","position":2,"name":"Einfuhr und Ausfuhr"}]},{"@type":"WebSite","@id":"https:\/\/pharmarosso.com\/#website","url":"https:\/\/pharmarosso.com\/","name":"Pharma Rosso","description":"","potentialAction":[{"@type":"SearchAction","target":{"@type":"EntryPoint","urlTemplate":"https:\/\/pharmarosso.com\/?s={search_term_string}"},"query-input":{"@type":"PropertyValueSpecification","valueRequired":true,"valueName":"search_term_string"}}],"inLanguage":"de"}]}},"_links":{"self":[{"href":"https:\/\/pharmarosso.com\/de\/wp-json\/wp\/v2\/pages\/1604","targetHints":{"allow":["GET"]}}],"collection":[{"href":"https:\/\/pharmarosso.com\/de\/wp-json\/wp\/v2\/pages"}],"about":[{"href":"https:\/\/pharmarosso.com\/de\/wp-json\/wp\/v2\/types\/page"}],"author":[{"embeddable":true,"href":"https:\/\/pharmarosso.com\/de\/wp-json\/wp\/v2\/users\/1"}],"replies":[{"embeddable":true,"href":"https:\/\/pharmarosso.com\/de\/wp-json\/wp\/v2\/comments?post=1604"}],"version-history":[{"count":4,"href":"https:\/\/pharmarosso.com\/de\/wp-json\/wp\/v2\/pages\/1604\/revisions"}],"predecessor-version":[{"id":1803,"href":"https:\/\/pharmarosso.com\/de\/wp-json\/wp\/v2\/pages\/1604\/revisions\/1803"}],"wp:attachment":[{"href":"https:\/\/pharmarosso.com\/de\/wp-json\/wp\/v2\/media?parent=1604"}],"curies":[{"name":"wp","href":"https:\/\/api.w.org\/{rel}","templated":true}]}}