{"id":1580,"date":"2025-06-23T11:30:05","date_gmt":"2025-06-23T11:30:05","guid":{"rendered":"https:\/\/pharmarosso.com\/grafik-departmani\/"},"modified":"2025-07-10T17:37:45","modified_gmt":"2025-07-10T17:37:45","slug":"abteilung-graphik","status":"publish","type":"page","link":"https:\/\/pharmarosso.com\/de\/abteilung-graphik\/","title":{"rendered":"Abteilung Graphik"},"content":{"rendered":"\t\t<div data-elementor-type=\"wp-page\" data-elementor-id=\"1580\" class=\"elementor elementor-1580 elementor-448\" data-elementor-post-type=\"page\">\n\t\t\t\t\t\t<section class=\"elementor-section elementor-top-section elementor-element elementor-element-c7028ed elementor-section-boxed elementor-section-height-default elementor-section-height-default\" data-id=\"c7028ed\" data-element_type=\"section\" data-settings=\"{&quot;background_background&quot;:&quot;classic&quot;}\">\n\t\t\t\t\t\t\t<div class=\"elementor-background-overlay\"><\/div>\n\t\t\t\t\t\t\t<div class=\"elementor-container elementor-column-gap-no\">\n\t\t\t\t\t<div class=\"elementor-column elementor-col-100 elementor-top-column elementor-element elementor-element-cd1b1b1\" data-id=\"cd1b1b1\" data-element_type=\"column\">\n\t\t\t<div class=\"elementor-widget-wrap elementor-element-populated\">\n\t\t\t\t\t\t<div class=\"elementor-element elementor-element-5b8d32a elementor-widget elementor-widget-heading\" data-id=\"5b8d32a\" data-element_type=\"widget\" data-widget_type=\"heading.default\">\n\t\t\t\t<div class=\"elementor-widget-container\">\n\t\t\t\t\t<h2 class=\"elementor-heading-title elementor-size-default\">Dienstleistungen f\u00fcr Kunstwerke<\/h2>\t\t\t\t<\/div>\n\t\t\t\t<\/div>\n\t\t\t\t<div class=\"elementor-element elementor-element-d360acf elementor-view-default elementor-widget elementor-widget-icon\" data-id=\"d360acf\" data-element_type=\"widget\" data-widget_type=\"icon.default\">\n\t\t\t\t<div class=\"elementor-widget-container\">\n\t\t\t\t\t\t\t<div class=\"elementor-icon-wrapper\">\n\t\t\t<div class=\"elementor-icon\">\n\t\t\t<i aria-hidden=\"true\" class=\"icon icon-arrow-down-circle\"><\/i>\t\t\t<\/div>\n\t\t<\/div>\n\t\t\t\t\t\t<\/div>\n\t\t\t\t<\/div>\n\t\t\t\t\t<\/div>\n\t\t<\/div>\n\t\t\t\t\t<\/div>\n\t\t<\/section>\n\t\t\t\t<section class=\"elementor-section elementor-top-section elementor-element elementor-element-484c5ac elementor-section-boxed elementor-section-height-default elementor-section-height-default\" data-id=\"484c5ac\" data-element_type=\"section\" data-settings=\"{&quot;background_background&quot;:&quot;classic&quot;}\">\n\t\t\t\t\t\t<div class=\"elementor-container elementor-column-gap-default\">\n\t\t\t\t\t<div class=\"elementor-column elementor-col-100 elementor-top-column elementor-element elementor-element-3ca4111\" data-id=\"3ca4111\" data-element_type=\"column\">\n\t\t\t<div class=\"elementor-widget-wrap elementor-element-populated\">\n\t\t\t\t\t\t<div class=\"elementor-element elementor-element-28d328b elementor-widget elementor-widget-heading\" data-id=\"28d328b\" data-element_type=\"widget\" data-widget_type=\"heading.default\">\n\t\t\t\t<div class=\"elementor-widget-container\">\n\t\t\t\t\t<h2 class=\"elementor-heading-title elementor-size-default\">Schaffen Sie Ihre eigene Marke f\u00fcr Ihr Produkt. Lassen Sie uns Ihr Produkt mit unserem professionellen und kreativen Design-Service zum Leben erwecken<\/h2>\t\t\t\t<\/div>\n\t\t\t\t<\/div>\n\t\t\t\t<section class=\"elementor-section elementor-inner-section elementor-element elementor-element-3f0793ff elementor-section-boxed elementor-section-height-default elementor-section-height-default\" data-id=\"3f0793ff\" data-element_type=\"section\">\n\t\t\t\t\t\t<div class=\"elementor-container elementor-column-gap-default\">\n\t\t\t\t\t<div class=\"elementor-column elementor-col-33 elementor-inner-column elementor-element elementor-element-6fa83b05\" data-id=\"6fa83b05\" data-element_type=\"column\">\n\t\t\t<div class=\"elementor-widget-wrap elementor-element-populated\">\n\t\t\t\t\t\t<div class=\"elementor-element elementor-element-79745d8d ekit-equal-height-disable elementor-widget elementor-widget-elementskit-icon-box\" data-id=\"79745d8d\" data-element_type=\"widget\" data-widget_type=\"elementskit-icon-box.default\">\n\t\t\t\t<div class=\"elementor-widget-container\">\n\t\t\t\t\t<div class=\"ekit-wid-con\" >        <!-- link opening -->\n                <!-- end link opening -->\n\n        <div class=\"elementskit-infobox text-left text-left icon-lef-right-aligin elementor-animation- media  \">\n                    <div class=\"elementskit-box-header elementor-animation-\">\n                <div class=\"elementskit-info-box-icon  text-center\">\n                    <i aria-hidden=\"true\" class=\"elementkit-infobox-icon icon icon-service\"><\/i>\n                <\/div>\n          <\/div>\n                        <div class=\"box-body\">\n                            <h3 class=\"elementskit-info-box-title\">\n                    Erfahrene Mannschaft                <\/h3>\n                        \t\t  \t<p>Unser Artwork-Team besteht aus erfahrenen Designern aus dem Gesundheitsbereich.<\/p>\n                                <\/div>\n        \n        \n                <\/div>\n        <\/div>\t\t\t\t<\/div>\n\t\t\t\t<\/div>\n\t\t\t\t\t<\/div>\n\t\t<\/div>\n\t\t\t\t<div class=\"elementor-column elementor-col-33 elementor-inner-column elementor-element elementor-element-23a27da9\" data-id=\"23a27da9\" data-element_type=\"column\">\n\t\t\t<div class=\"elementor-widget-wrap elementor-element-populated\">\n\t\t\t\t\t\t<div class=\"elementor-element elementor-element-34c264f ekit-equal-height-disable elementor-widget elementor-widget-elementskit-icon-box\" data-id=\"34c264f\" data-element_type=\"widget\" data-widget_type=\"elementskit-icon-box.default\">\n\t\t\t\t<div class=\"elementor-widget-container\">\n\t\t\t\t\t<div class=\"ekit-wid-con\" >        <!-- link opening -->\n                <!-- end link opening -->\n\n        <div class=\"elementskit-infobox text-left text-left icon-lef-right-aligin elementor-animation- media  \">\n                    <div class=\"elementskit-box-header elementor-animation-\">\n                <div class=\"elementskit-info-box-icon  text-center\">\n                    <i aria-hidden=\"true\" class=\"elementkit-infobox-icon icon icon-loupe\"><\/i>\n                <\/div>\n          <\/div>\n                        <div class=\"box-body\">\n                            <h3 class=\"elementskit-info-box-title\">\n                    Aufmerksamkeit und Genauigkeit                <\/h3>\n                        \t\t  \t<p>Wir wenden strenge Kontrollverfahren an, um Fehler zu vermeiden.<\/p>\n                                <\/div>\n        \n        \n                <\/div>\n        <\/div>\t\t\t\t<\/div>\n\t\t\t\t<\/div>\n\t\t\t\t\t<\/div>\n\t\t<\/div>\n\t\t\t\t<div class=\"elementor-column elementor-col-33 elementor-inner-column elementor-element elementor-element-200afe95\" data-id=\"200afe95\" data-element_type=\"column\">\n\t\t\t<div class=\"elementor-widget-wrap elementor-element-populated\">\n\t\t\t\t\t\t<div class=\"elementor-element elementor-element-122bcd46 ekit-equal-height-disable elementor-widget elementor-widget-elementskit-icon-box\" data-id=\"122bcd46\" data-element_type=\"widget\" data-widget_type=\"elementskit-icon-box.default\">\n\t\t\t\t<div class=\"elementor-widget-container\">\n\t\t\t\t\t<div class=\"ekit-wid-con\" >        <!-- link opening -->\n                <!-- end link opening -->\n\n        <div class=\"elementskit-infobox text-left text-left icon-lef-right-aligin elementor-animation- media  \">\n                    <div class=\"elementskit-box-header elementor-animation-\">\n                <div class=\"elementskit-info-box-icon  text-center\">\n                    <i aria-hidden=\"true\" class=\"elementkit-infobox-icon icon icon-countdown-timer\"><\/i>\n                <\/div>\n          <\/div>\n                        <div class=\"box-body\">\n                            <h3 class=\"elementskit-info-box-title\">\n                    Schnell und aufmerksam                <\/h3>\n                        \t\t  \t<p>Wir sind uns bewusst, dass die p\u00fcnktliche Zustellung und jeder Brief f\u00fcr Sie von gro\u00dfer Bedeutung sind.<\/p>\n                                <\/div>\n        \n        \n                <\/div>\n        <\/div>\t\t\t\t<\/div>\n\t\t\t\t<\/div>\n\t\t\t\t\t<\/div>\n\t\t<\/div>\n\t\t\t\t\t<\/div>\n\t\t<\/section>\n\t\t\t\t\t<\/div>\n\t\t<\/div>\n\t\t\t\t\t<\/div>\n\t\t<\/section>\n\t\t\t\t<section class=\"elementor-section elementor-top-section elementor-element elementor-element-3d46499c elementor-section-content-middle elementor-reverse-tablet elementor-section-boxed elementor-section-height-default elementor-section-height-default\" data-id=\"3d46499c\" data-element_type=\"section\">\n\t\t\t\t\t\t<div class=\"elementor-container elementor-column-gap-default\">\n\t\t\t\t\t<div class=\"elementor-column elementor-col-50 elementor-top-column elementor-element elementor-element-345d0af1\" data-id=\"345d0af1\" data-element_type=\"column\">\n\t\t\t<div class=\"elementor-widget-wrap elementor-element-populated\">\n\t\t\t\t\t\t<div class=\"elementor-element elementor-element-3faeab45 elementor-widget elementor-widget-heading\" data-id=\"3faeab45\" data-element_type=\"widget\" data-widget_type=\"heading.default\">\n\t\t\t\t<div class=\"elementor-widget-container\">\n\t\t\t\t\t<h2 class=\"elementor-heading-title elementor-size-default\">Grafisches Design<\/h2>\t\t\t\t<\/div>\n\t\t\t\t<\/div>\n\t\t\t\t<div class=\"elementor-element elementor-element-4f3146ed elementor-widget elementor-widget-text-editor\" data-id=\"4f3146ed\" data-element_type=\"widget\" data-widget_type=\"text-editor.default\">\n\t\t\t\t<div class=\"elementor-widget-container\">\n\t\t\t\t\t\t\t\t\t<p>Alle Design- und Druckdienstleistungen, die f\u00fcr die Zulassungsabteilungen von Nahrungserg\u00e4nzungsmitteln und Dermokosmetika wichtig sind, sind bei uns in guten H\u00e4nden.<br \/>Die grafische Gestaltung ist einer der wichtigsten Faktoren bei der Entstehung eines Produkts. Der Grund daf\u00fcr ist, dass es sich um einen der l\u00e4ngsten Prozesse unter den vielen Etappen von der Entscheidungsphase der Produkte bis zur Markteinf\u00fchrung des Produkts handelt. In diesem Bewusstsein helfen wir unseren Kunden mit unserem Artwork-Team, um die Produkte rechtzeitig zu produzieren.<\/p><p>Graphic-Artwork Management Support<br \/>Box Design (1 Design+2 \u00fcberarbeitet)<br \/>Label Design (1 Design+2 \u00fcberarbeitet)<br \/>Prospectus Design (1 Design+2 \u00fcberarbeitet)<br \/>Blister Design (1 Design+2 \u00fcberarbeitet)<br \/>Parcel Design (1 Design+2 \u00fcberarbeitet)<\/p>\t\t\t\t\t\t\t\t<\/div>\n\t\t\t\t<\/div>\n\t\t\t\t\t<\/div>\n\t\t<\/div>\n\t\t\t\t<div class=\"elementor-column elementor-col-50 elementor-top-column elementor-element elementor-element-628bdf1a elementor-hidden-phone\" data-id=\"628bdf1a\" data-element_type=\"column\">\n\t\t\t<div class=\"elementor-widget-wrap elementor-element-populated\">\n\t\t\t\t\t\t<div class=\"elementor-element elementor-element-10305206 elementor-widget elementor-widget-image\" data-id=\"10305206\" data-element_type=\"widget\" data-widget_type=\"image.default\">\n\t\t\t\t<div class=\"elementor-widget-container\">\n\t\t\t\t\t\t\t\t\t\t\t\t\t\t\t<img fetchpriority=\"high\" decoding=\"async\" width=\"1162\" height=\"1109\" src=\"https:\/\/pharmarosso.com\/wp-content\/uploads\/2025\/06\/Yeni-Proje-19-1.webp\" class=\"attachment-full size-full wp-image-1783\" alt=\"\" srcset=\"https:\/\/pharmarosso.com\/wp-content\/uploads\/2025\/06\/Yeni-Proje-19-1.webp 1162w, https:\/\/pharmarosso.com\/wp-content\/uploads\/2025\/06\/Yeni-Proje-19-1-300x286.webp 300w, https:\/\/pharmarosso.com\/wp-content\/uploads\/2025\/06\/Yeni-Proje-19-1-1024x977.webp 1024w, https:\/\/pharmarosso.com\/wp-content\/uploads\/2025\/06\/Yeni-Proje-19-1-768x733.webp 768w\" sizes=\"(max-width: 1162px) 100vw, 1162px\" \/>\t\t\t\t\t\t\t\t\t\t\t\t\t\t\t<\/div>\n\t\t\t\t<\/div>\n\t\t\t\t\t<\/div>\n\t\t<\/div>\n\t\t\t\t\t<\/div>\n\t\t<\/section>\n\t\t\t\t<\/div>\n\t\t","protected":false},"excerpt":{"rendered":"<p>Dienstleistungen f\u00fcr Kunstwerke Schaffen Sie Ihre eigene Marke f\u00fcr Ihr Produkt. Lassen Sie uns Ihr Produkt mit unserem professionellen und kreativen Design-Service zum Leben erwecken Erfahrene Mannschaft Unser Artwork-Team besteht aus erfahrenen Designern aus dem Gesundheitsbereich. Aufmerksamkeit und Genauigkeit Wir wenden strenge Kontrollverfahren an, um Fehler zu vermeiden. Schnell und aufmerksam Wir sind uns bewusst, [&hellip;]<\/p>\n","protected":false},"author":1,"featured_media":0,"parent":0,"menu_order":0,"comment_status":"closed","ping_status":"closed","template":"elementor_header_footer","meta":{"footnotes":""},"class_list":["post-1580","page","type-page","status-publish","hentry"],"yoast_head":"<!-- This site is optimized with the Yoast SEO plugin v27.3 - https:\/\/yoast.com\/product\/yoast-seo-wordpress\/ -->\n<title>Abteilung Graphik - Pharma Rosso<\/title>\n<meta name=\"robots\" content=\"index, follow, max-snippet:-1, max-image-preview:large, max-video-preview:-1\" \/>\n<link rel=\"canonical\" href=\"https:\/\/pharmarosso.com\/de\/abteilung-graphik\/\" \/>\n<meta property=\"og:locale\" content=\"de_DE\" \/>\n<meta property=\"og:type\" content=\"article\" \/>\n<meta property=\"og:title\" content=\"Abteilung Graphik - Pharma Rosso\" \/>\n<meta property=\"og:description\" content=\"Dienstleistungen f\u00fcr Kunstwerke Schaffen Sie Ihre eigene Marke f\u00fcr Ihr Produkt. Lassen Sie uns Ihr Produkt mit unserem professionellen und kreativen Design-Service zum Leben erwecken Erfahrene Mannschaft Unser Artwork-Team besteht aus erfahrenen Designern aus dem Gesundheitsbereich. Aufmerksamkeit und Genauigkeit Wir wenden strenge Kontrollverfahren an, um Fehler zu vermeiden. Schnell und aufmerksam Wir sind uns bewusst, [&hellip;]\" \/>\n<meta property=\"og:url\" content=\"https:\/\/pharmarosso.com\/de\/abteilung-graphik\/\" \/>\n<meta property=\"og:site_name\" content=\"Pharma Rosso\" \/>\n<meta property=\"article:modified_time\" content=\"2025-07-10T17:37:45+00:00\" \/>\n<meta property=\"og:image\" content=\"https:\/\/pharmarosso.com\/wp-content\/uploads\/2025\/06\/Yeni-Proje-19-1.webp\" \/>\n\t<meta property=\"og:image:width\" content=\"1162\" \/>\n\t<meta property=\"og:image:height\" content=\"1109\" \/>\n\t<meta property=\"og:image:type\" content=\"image\/webp\" \/>\n<meta name=\"twitter:card\" content=\"summary_large_image\" \/>\n<meta name=\"twitter:label1\" content=\"Gesch\u00e4tzte Lesezeit\" \/>\n\t<meta name=\"twitter:data1\" content=\"2\u00a0Minuten\" \/>\n<script type=\"application\/ld+json\" class=\"yoast-schema-graph\">{\"@context\":\"https:\\\/\\\/schema.org\",\"@graph\":[{\"@type\":\"WebPage\",\"@id\":\"https:\\\/\\\/pharmarosso.com\\\/de\\\/abteilung-graphik\\\/\",\"url\":\"https:\\\/\\\/pharmarosso.com\\\/de\\\/abteilung-graphik\\\/\",\"name\":\"Abteilung Graphik - Pharma Rosso\",\"isPartOf\":{\"@id\":\"https:\\\/\\\/pharmarosso.com\\\/#website\"},\"primaryImageOfPage\":{\"@id\":\"https:\\\/\\\/pharmarosso.com\\\/de\\\/abteilung-graphik\\\/#primaryimage\"},\"image\":{\"@id\":\"https:\\\/\\\/pharmarosso.com\\\/de\\\/abteilung-graphik\\\/#primaryimage\"},\"thumbnailUrl\":\"https:\\\/\\\/pharmarosso.com\\\/wp-content\\\/uploads\\\/2025\\\/06\\\/Yeni-Proje-19-1.webp\",\"datePublished\":\"2025-06-23T11:30:05+00:00\",\"dateModified\":\"2025-07-10T17:37:45+00:00\",\"breadcrumb\":{\"@id\":\"https:\\\/\\\/pharmarosso.com\\\/de\\\/abteilung-graphik\\\/#breadcrumb\"},\"inLanguage\":\"de\",\"potentialAction\":[{\"@type\":\"ReadAction\",\"target\":[\"https:\\\/\\\/pharmarosso.com\\\/de\\\/abteilung-graphik\\\/\"]}]},{\"@type\":\"ImageObject\",\"inLanguage\":\"de\",\"@id\":\"https:\\\/\\\/pharmarosso.com\\\/de\\\/abteilung-graphik\\\/#primaryimage\",\"url\":\"https:\\\/\\\/pharmarosso.com\\\/wp-content\\\/uploads\\\/2025\\\/06\\\/Yeni-Proje-19-1.webp\",\"contentUrl\":\"https:\\\/\\\/pharmarosso.com\\\/wp-content\\\/uploads\\\/2025\\\/06\\\/Yeni-Proje-19-1.webp\"},{\"@type\":\"BreadcrumbList\",\"@id\":\"https:\\\/\\\/pharmarosso.com\\\/de\\\/abteilung-graphik\\\/#breadcrumb\",\"itemListElement\":[{\"@type\":\"ListItem\",\"position\":1,\"name\":\"Anasayfa\",\"item\":\"https:\\\/\\\/pharmarosso.com\\\/\"},{\"@type\":\"ListItem\",\"position\":2,\"name\":\"Abteilung Graphik\"}]},{\"@type\":\"WebSite\",\"@id\":\"https:\\\/\\\/pharmarosso.com\\\/#website\",\"url\":\"https:\\\/\\\/pharmarosso.com\\\/\",\"name\":\"Pharma Rosso\",\"description\":\"\",\"potentialAction\":[{\"@type\":\"SearchAction\",\"target\":{\"@type\":\"EntryPoint\",\"urlTemplate\":\"https:\\\/\\\/pharmarosso.com\\\/?s={search_term_string}\"},\"query-input\":{\"@type\":\"PropertyValueSpecification\",\"valueRequired\":true,\"valueName\":\"search_term_string\"}}],\"inLanguage\":\"de\"}]}<\/script>\n<!-- \/ Yoast SEO plugin. -->","yoast_head_json":{"title":"Abteilung Graphik - Pharma Rosso","robots":{"index":"index","follow":"follow","max-snippet":"max-snippet:-1","max-image-preview":"max-image-preview:large","max-video-preview":"max-video-preview:-1"},"canonical":"https:\/\/pharmarosso.com\/de\/abteilung-graphik\/","og_locale":"de_DE","og_type":"article","og_title":"Abteilung Graphik - Pharma Rosso","og_description":"Dienstleistungen f\u00fcr Kunstwerke Schaffen Sie Ihre eigene Marke f\u00fcr Ihr Produkt. Lassen Sie uns Ihr Produkt mit unserem professionellen und kreativen Design-Service zum Leben erwecken Erfahrene Mannschaft Unser Artwork-Team besteht aus erfahrenen Designern aus dem Gesundheitsbereich. Aufmerksamkeit und Genauigkeit Wir wenden strenge Kontrollverfahren an, um Fehler zu vermeiden. Schnell und aufmerksam Wir sind uns bewusst, [&hellip;]","og_url":"https:\/\/pharmarosso.com\/de\/abteilung-graphik\/","og_site_name":"Pharma Rosso","article_modified_time":"2025-07-10T17:37:45+00:00","og_image":[{"width":1162,"height":1109,"url":"https:\/\/pharmarosso.com\/wp-content\/uploads\/2025\/06\/Yeni-Proje-19-1.webp","type":"image\/webp"}],"twitter_card":"summary_large_image","twitter_misc":{"Gesch\u00e4tzte Lesezeit":"2\u00a0Minuten"},"schema":{"@context":"https:\/\/schema.org","@graph":[{"@type":"WebPage","@id":"https:\/\/pharmarosso.com\/de\/abteilung-graphik\/","url":"https:\/\/pharmarosso.com\/de\/abteilung-graphik\/","name":"Abteilung Graphik - Pharma Rosso","isPartOf":{"@id":"https:\/\/pharmarosso.com\/#website"},"primaryImageOfPage":{"@id":"https:\/\/pharmarosso.com\/de\/abteilung-graphik\/#primaryimage"},"image":{"@id":"https:\/\/pharmarosso.com\/de\/abteilung-graphik\/#primaryimage"},"thumbnailUrl":"https:\/\/pharmarosso.com\/wp-content\/uploads\/2025\/06\/Yeni-Proje-19-1.webp","datePublished":"2025-06-23T11:30:05+00:00","dateModified":"2025-07-10T17:37:45+00:00","breadcrumb":{"@id":"https:\/\/pharmarosso.com\/de\/abteilung-graphik\/#breadcrumb"},"inLanguage":"de","potentialAction":[{"@type":"ReadAction","target":["https:\/\/pharmarosso.com\/de\/abteilung-graphik\/"]}]},{"@type":"ImageObject","inLanguage":"de","@id":"https:\/\/pharmarosso.com\/de\/abteilung-graphik\/#primaryimage","url":"https:\/\/pharmarosso.com\/wp-content\/uploads\/2025\/06\/Yeni-Proje-19-1.webp","contentUrl":"https:\/\/pharmarosso.com\/wp-content\/uploads\/2025\/06\/Yeni-Proje-19-1.webp"},{"@type":"BreadcrumbList","@id":"https:\/\/pharmarosso.com\/de\/abteilung-graphik\/#breadcrumb","itemListElement":[{"@type":"ListItem","position":1,"name":"Anasayfa","item":"https:\/\/pharmarosso.com\/"},{"@type":"ListItem","position":2,"name":"Abteilung Graphik"}]},{"@type":"WebSite","@id":"https:\/\/pharmarosso.com\/#website","url":"https:\/\/pharmarosso.com\/","name":"Pharma Rosso","description":"","potentialAction":[{"@type":"SearchAction","target":{"@type":"EntryPoint","urlTemplate":"https:\/\/pharmarosso.com\/?s={search_term_string}"},"query-input":{"@type":"PropertyValueSpecification","valueRequired":true,"valueName":"search_term_string"}}],"inLanguage":"de"}]}},"_links":{"self":[{"href":"https:\/\/pharmarosso.com\/de\/wp-json\/wp\/v2\/pages\/1580","targetHints":{"allow":["GET"]}}],"collection":[{"href":"https:\/\/pharmarosso.com\/de\/wp-json\/wp\/v2\/pages"}],"about":[{"href":"https:\/\/pharmarosso.com\/de\/wp-json\/wp\/v2\/types\/page"}],"author":[{"embeddable":true,"href":"https:\/\/pharmarosso.com\/de\/wp-json\/wp\/v2\/users\/1"}],"replies":[{"embeddable":true,"href":"https:\/\/pharmarosso.com\/de\/wp-json\/wp\/v2\/comments?post=1580"}],"version-history":[{"count":4,"href":"https:\/\/pharmarosso.com\/de\/wp-json\/wp\/v2\/pages\/1580\/revisions"}],"predecessor-version":[{"id":1787,"href":"https:\/\/pharmarosso.com\/de\/wp-json\/wp\/v2\/pages\/1580\/revisions\/1787"}],"wp:attachment":[{"href":"https:\/\/pharmarosso.com\/de\/wp-json\/wp\/v2\/media?parent=1580"}],"curies":[{"name":"wp","href":"https:\/\/api.w.org\/{rel}","templated":true}]}}