{"id":1574,"date":"2025-06-23T09:37:16","date_gmt":"2025-06-23T09:37:16","guid":{"rendered":"https:\/\/pharmarosso.com\/fason-uretim\/"},"modified":"2025-07-10T17:33:10","modified_gmt":"2025-07-10T17:33:10","slug":"fason-uretim","status":"publish","type":"page","link":"https:\/\/pharmarosso.com\/de\/fason-uretim\/","title":{"rendered":"Auftragsproduktion"},"content":{"rendered":"\t\t<div data-elementor-type=\"wp-page\" data-elementor-id=\"1574\" class=\"elementor elementor-1574 elementor-395\" data-elementor-post-type=\"page\">\n\t\t\t\t\t\t<section class=\"elementor-section elementor-top-section elementor-element elementor-element-f92ac59 elementor-section-boxed elementor-section-height-default elementor-section-height-default\" data-id=\"f92ac59\" data-element_type=\"section\" data-settings=\"{&quot;background_background&quot;:&quot;classic&quot;}\">\n\t\t\t\t\t\t\t<div class=\"elementor-background-overlay\"><\/div>\n\t\t\t\t\t\t\t<div class=\"elementor-container elementor-column-gap-no\">\n\t\t\t\t\t<div class=\"elementor-column elementor-col-100 elementor-top-column elementor-element elementor-element-6bac306\" data-id=\"6bac306\" data-element_type=\"column\">\n\t\t\t<div class=\"elementor-widget-wrap elementor-element-populated\">\n\t\t\t\t\t\t<div class=\"elementor-element elementor-element-08e7693 elementor-widget elementor-widget-heading\" data-id=\"08e7693\" data-element_type=\"widget\" data-widget_type=\"heading.default\">\n\t\t\t\t<div class=\"elementor-widget-container\">\n\t\t\t\t\t<h2 class=\"elementor-heading-title elementor-size-default\">Auftragsproduktion<\/h2>\t\t\t\t<\/div>\n\t\t\t\t<\/div>\n\t\t\t\t<div class=\"elementor-element elementor-element-aa150f9 elementor-widget elementor-widget-text-editor\" data-id=\"aa150f9\" data-element_type=\"widget\" data-widget_type=\"text-editor.default\">\n\t\t\t\t<div class=\"elementor-widget-container\">\n\t\t\t\t\t\t\t\t\t<p>Wir \u00fcberpr\u00fcfen f\u00fcr Sie die Produktrezeptur, beschaffen die Rohstoffe, f\u00fchren die Pilotproduktion durch, w\u00e4hlen die geeignete Verpackung aus, entwerfen die Verpackung, stellen sie her, melden sie an und holen die gesetzlichen Genehmigungen ein.<\/p>\t\t\t\t\t\t\t\t<\/div>\n\t\t\t\t<\/div>\n\t\t\t\t<div class=\"elementor-element elementor-element-6176998 elementor-view-default elementor-widget elementor-widget-icon\" data-id=\"6176998\" data-element_type=\"widget\" data-widget_type=\"icon.default\">\n\t\t\t\t<div class=\"elementor-widget-container\">\n\t\t\t\t\t\t\t<div class=\"elementor-icon-wrapper\">\n\t\t\t<div class=\"elementor-icon\">\n\t\t\t<i aria-hidden=\"true\" class=\"icon icon-arrow-down-circle\"><\/i>\t\t\t<\/div>\n\t\t<\/div>\n\t\t\t\t\t\t<\/div>\n\t\t\t\t<\/div>\n\t\t\t\t\t<\/div>\n\t\t<\/div>\n\t\t\t\t\t<\/div>\n\t\t<\/section>\n\t\t\t\t<section class=\"elementor-section elementor-top-section elementor-element elementor-element-0c351af elementor-section-boxed elementor-section-height-default elementor-section-height-default\" data-id=\"0c351af\" data-element_type=\"section\">\n\t\t\t\t\t\t<div class=\"elementor-container elementor-column-gap-default\">\n\t\t\t\t\t<div class=\"elementor-column elementor-col-100 elementor-top-column elementor-element elementor-element-b8c52d8\" data-id=\"b8c52d8\" data-element_type=\"column\">\n\t\t\t<div class=\"elementor-widget-wrap elementor-element-populated\">\n\t\t\t\t\t\t<div class=\"elementor-element elementor-element-8c7747d elementor-widget elementor-widget-text-editor\" data-id=\"8c7747d\" data-element_type=\"widget\" data-widget_type=\"text-editor.default\">\n\t\t\t\t<div class=\"elementor-widget-container\">\n\t\t\t\t\t\t\t\t\t<p>In den Produktionsst\u00e4tten von Pharma Rosso wurden Systeme eingerichtet, die die Herstellung von Nahrungserg\u00e4nzungsmitteln, Sportlernahrung und kosmetischen Produkten gem\u00e4\u00df den GMP\/BRC Food-Normen und Kontrollen gem\u00e4\u00df den GLP-Regeln erm\u00f6glichen.<\/p>\t\t\t\t\t\t\t\t<\/div>\n\t\t\t\t<\/div>\n\t\t\t\t\t<\/div>\n\t\t<\/div>\n\t\t\t\t\t<\/div>\n\t\t<\/section>\n\t\t\t\t<section class=\"elementor-section elementor-top-section elementor-element elementor-element-a77e98f elementor-section-content-middle elementor-section-boxed elementor-section-height-default elementor-section-height-default\" data-id=\"a77e98f\" data-element_type=\"section\">\n\t\t\t\t\t\t<div class=\"elementor-container elementor-column-gap-default\">\n\t\t\t\t\t<div class=\"elementor-column elementor-col-50 elementor-top-column elementor-element elementor-element-f179521\" data-id=\"f179521\" data-element_type=\"column\">\n\t\t\t<div class=\"elementor-widget-wrap elementor-element-populated\">\n\t\t\t\t\t\t<div class=\"elementor-element elementor-element-cd7e2b8 elementor-widget elementor-widget-heading\" data-id=\"cd7e2b8\" data-element_type=\"widget\" data-widget_type=\"heading.default\">\n\t\t\t\t<div class=\"elementor-widget-container\">\n\t\t\t\t\t<h2 class=\"elementor-heading-title elementor-size-default\">F\u00fcr die Auftragsfertigung;<\/h2>\t\t\t\t<\/div>\n\t\t\t\t<\/div>\n\t\t\t\t<div class=\"elementor-element elementor-element-0df9949 elementor-widget elementor-widget-text-editor\" data-id=\"0df9949\" data-element_type=\"widget\" data-widget_type=\"text-editor.default\">\n\t\t\t\t<div class=\"elementor-widget-container\">\n\t\t\t\t\t\t\t\t\t<ul><li>F&amp;E-URGE<\/li><li>Labor Dienstleistungen<\/li><li>Lizenzierungsantrag und Folgema\u00dfnahmen<\/li><li>Produktdesign Dienstleistungen<\/li><li>Tablette<\/li><li>Hartkapsel<\/li><li>Weichkapsel<\/li><li>Fl\u00fcssig<\/li><li>Pulver und Fl\u00fcssigbeutel<\/li><li>Produktion von Pulverabf\u00fcllungen<\/li><li>Es werden Verpackungs- und Lagerungsdienste angeboten.<\/li><\/ul>\t\t\t\t\t\t\t\t<\/div>\n\t\t\t\t<\/div>\n\t\t\t\t\t<\/div>\n\t\t<\/div>\n\t\t\t\t<div class=\"elementor-column elementor-col-50 elementor-top-column elementor-element elementor-element-c2c2d6f elementor-hidden-phone\" data-id=\"c2c2d6f\" data-element_type=\"column\">\n\t\t\t<div class=\"elementor-widget-wrap elementor-element-populated\">\n\t\t\t\t\t\t<div class=\"elementor-element elementor-element-4e28b70 elementor-widget elementor-widget-image\" data-id=\"4e28b70\" data-element_type=\"widget\" data-widget_type=\"image.default\">\n\t\t\t\t<div class=\"elementor-widget-container\">\n\t\t\t\t\t\t\t\t\t\t\t\t\t\t\t<img fetchpriority=\"high\" decoding=\"async\" width=\"623\" height=\"714\" src=\"https:\/\/pharmarosso.com\/wp-content\/uploads\/2025\/06\/fason-uretim.jpg\" class=\"attachment-full size-full wp-image-1778\" alt=\"\" srcset=\"https:\/\/pharmarosso.com\/wp-content\/uploads\/2025\/06\/fason-uretim.jpg 623w, https:\/\/pharmarosso.com\/wp-content\/uploads\/2025\/06\/fason-uretim-262x300.jpg 262w\" sizes=\"(max-width: 623px) 100vw, 623px\" \/>\t\t\t\t\t\t\t\t\t\t\t\t\t\t\t<\/div>\n\t\t\t\t<\/div>\n\t\t\t\t\t<\/div>\n\t\t<\/div>\n\t\t\t\t\t<\/div>\n\t\t<\/section>\n\t\t\t\t<\/div>\n\t\t","protected":false},"excerpt":{"rendered":"<p>Auftragsproduktion Wir \u00fcberpr\u00fcfen f\u00fcr Sie die Produktrezeptur, beschaffen die Rohstoffe, f\u00fchren die Pilotproduktion durch, w\u00e4hlen die geeignete Verpackung aus, entwerfen die Verpackung, stellen sie her, melden sie an und holen die gesetzlichen Genehmigungen ein. In den Produktionsst\u00e4tten von Pharma Rosso wurden Systeme eingerichtet, die die Herstellung von Nahrungserg\u00e4nzungsmitteln, Sportlernahrung und kosmetischen Produkten gem\u00e4\u00df den GMP\/BRC [&hellip;]<\/p>\n","protected":false},"author":1,"featured_media":0,"parent":0,"menu_order":0,"comment_status":"closed","ping_status":"closed","template":"elementor_header_footer","meta":{"footnotes":""},"class_list":["post-1574","page","type-page","status-publish","hentry"],"yoast_head":"<!-- This site is optimized with the Yoast SEO plugin v27.3 - https:\/\/yoast.com\/product\/yoast-seo-wordpress\/ -->\n<title>Auftragsproduktion - Pharma Rosso<\/title>\n<meta name=\"robots\" content=\"index, follow, max-snippet:-1, max-image-preview:large, max-video-preview:-1\" \/>\n<link rel=\"canonical\" href=\"https:\/\/pharmarosso.com\/de\/fason-uretim\/\" \/>\n<meta property=\"og:locale\" content=\"de_DE\" \/>\n<meta property=\"og:type\" content=\"article\" \/>\n<meta property=\"og:title\" content=\"Auftragsproduktion - Pharma Rosso\" \/>\n<meta property=\"og:description\" content=\"Auftragsproduktion Wir \u00fcberpr\u00fcfen f\u00fcr Sie die Produktrezeptur, beschaffen die Rohstoffe, f\u00fchren die Pilotproduktion durch, w\u00e4hlen die geeignete Verpackung aus, entwerfen die Verpackung, stellen sie her, melden sie an und holen die gesetzlichen Genehmigungen ein. In den Produktionsst\u00e4tten von Pharma Rosso wurden Systeme eingerichtet, die die Herstellung von Nahrungserg\u00e4nzungsmitteln, Sportlernahrung und kosmetischen Produkten gem\u00e4\u00df den GMP\/BRC [&hellip;]\" \/>\n<meta property=\"og:url\" content=\"https:\/\/pharmarosso.com\/de\/fason-uretim\/\" \/>\n<meta property=\"og:site_name\" content=\"Pharma Rosso\" \/>\n<meta property=\"article:modified_time\" content=\"2025-07-10T17:33:10+00:00\" \/>\n<meta property=\"og:image\" content=\"https:\/\/pharmarosso.com\/wp-content\/uploads\/2025\/06\/fason-uretim.jpg\" \/>\n\t<meta property=\"og:image:width\" content=\"623\" \/>\n\t<meta property=\"og:image:height\" content=\"714\" \/>\n\t<meta property=\"og:image:type\" content=\"image\/jpeg\" \/>\n<meta name=\"twitter:card\" content=\"summary_large_image\" \/>\n<meta name=\"twitter:label1\" content=\"Gesch\u00e4tzte Lesezeit\" \/>\n\t<meta name=\"twitter:data1\" content=\"1\u00a0Minute\" \/>\n<script type=\"application\/ld+json\" class=\"yoast-schema-graph\">{\"@context\":\"https:\\\/\\\/schema.org\",\"@graph\":[{\"@type\":\"WebPage\",\"@id\":\"https:\\\/\\\/pharmarosso.com\\\/de\\\/fason-uretim\\\/\",\"url\":\"https:\\\/\\\/pharmarosso.com\\\/de\\\/fason-uretim\\\/\",\"name\":\"Auftragsproduktion - Pharma Rosso\",\"isPartOf\":{\"@id\":\"https:\\\/\\\/pharmarosso.com\\\/#website\"},\"primaryImageOfPage\":{\"@id\":\"https:\\\/\\\/pharmarosso.com\\\/de\\\/fason-uretim\\\/#primaryimage\"},\"image\":{\"@id\":\"https:\\\/\\\/pharmarosso.com\\\/de\\\/fason-uretim\\\/#primaryimage\"},\"thumbnailUrl\":\"https:\\\/\\\/pharmarosso.com\\\/wp-content\\\/uploads\\\/2025\\\/06\\\/fason-uretim.jpg\",\"datePublished\":\"2025-06-23T09:37:16+00:00\",\"dateModified\":\"2025-07-10T17:33:10+00:00\",\"breadcrumb\":{\"@id\":\"https:\\\/\\\/pharmarosso.com\\\/de\\\/fason-uretim\\\/#breadcrumb\"},\"inLanguage\":\"de\",\"potentialAction\":[{\"@type\":\"ReadAction\",\"target\":[\"https:\\\/\\\/pharmarosso.com\\\/de\\\/fason-uretim\\\/\"]}]},{\"@type\":\"ImageObject\",\"inLanguage\":\"de\",\"@id\":\"https:\\\/\\\/pharmarosso.com\\\/de\\\/fason-uretim\\\/#primaryimage\",\"url\":\"https:\\\/\\\/pharmarosso.com\\\/wp-content\\\/uploads\\\/2025\\\/06\\\/fason-uretim.jpg\",\"contentUrl\":\"https:\\\/\\\/pharmarosso.com\\\/wp-content\\\/uploads\\\/2025\\\/06\\\/fason-uretim.jpg\"},{\"@type\":\"BreadcrumbList\",\"@id\":\"https:\\\/\\\/pharmarosso.com\\\/de\\\/fason-uretim\\\/#breadcrumb\",\"itemListElement\":[{\"@type\":\"ListItem\",\"position\":1,\"name\":\"Anasayfa\",\"item\":\"https:\\\/\\\/pharmarosso.com\\\/\"},{\"@type\":\"ListItem\",\"position\":2,\"name\":\"Auftragsproduktion\"}]},{\"@type\":\"WebSite\",\"@id\":\"https:\\\/\\\/pharmarosso.com\\\/#website\",\"url\":\"https:\\\/\\\/pharmarosso.com\\\/\",\"name\":\"Pharma Rosso\",\"description\":\"\",\"potentialAction\":[{\"@type\":\"SearchAction\",\"target\":{\"@type\":\"EntryPoint\",\"urlTemplate\":\"https:\\\/\\\/pharmarosso.com\\\/?s={search_term_string}\"},\"query-input\":{\"@type\":\"PropertyValueSpecification\",\"valueRequired\":true,\"valueName\":\"search_term_string\"}}],\"inLanguage\":\"de\"}]}<\/script>\n<!-- \/ Yoast SEO plugin. -->","yoast_head_json":{"title":"Auftragsproduktion - Pharma Rosso","robots":{"index":"index","follow":"follow","max-snippet":"max-snippet:-1","max-image-preview":"max-image-preview:large","max-video-preview":"max-video-preview:-1"},"canonical":"https:\/\/pharmarosso.com\/de\/fason-uretim\/","og_locale":"de_DE","og_type":"article","og_title":"Auftragsproduktion - Pharma Rosso","og_description":"Auftragsproduktion Wir \u00fcberpr\u00fcfen f\u00fcr Sie die Produktrezeptur, beschaffen die Rohstoffe, f\u00fchren die Pilotproduktion durch, w\u00e4hlen die geeignete Verpackung aus, entwerfen die Verpackung, stellen sie her, melden sie an und holen die gesetzlichen Genehmigungen ein. In den Produktionsst\u00e4tten von Pharma Rosso wurden Systeme eingerichtet, die die Herstellung von Nahrungserg\u00e4nzungsmitteln, Sportlernahrung und kosmetischen Produkten gem\u00e4\u00df den GMP\/BRC [&hellip;]","og_url":"https:\/\/pharmarosso.com\/de\/fason-uretim\/","og_site_name":"Pharma Rosso","article_modified_time":"2025-07-10T17:33:10+00:00","og_image":[{"width":623,"height":714,"url":"https:\/\/pharmarosso.com\/wp-content\/uploads\/2025\/06\/fason-uretim.jpg","type":"image\/jpeg"}],"twitter_card":"summary_large_image","twitter_misc":{"Gesch\u00e4tzte Lesezeit":"1\u00a0Minute"},"schema":{"@context":"https:\/\/schema.org","@graph":[{"@type":"WebPage","@id":"https:\/\/pharmarosso.com\/de\/fason-uretim\/","url":"https:\/\/pharmarosso.com\/de\/fason-uretim\/","name":"Auftragsproduktion - Pharma Rosso","isPartOf":{"@id":"https:\/\/pharmarosso.com\/#website"},"primaryImageOfPage":{"@id":"https:\/\/pharmarosso.com\/de\/fason-uretim\/#primaryimage"},"image":{"@id":"https:\/\/pharmarosso.com\/de\/fason-uretim\/#primaryimage"},"thumbnailUrl":"https:\/\/pharmarosso.com\/wp-content\/uploads\/2025\/06\/fason-uretim.jpg","datePublished":"2025-06-23T09:37:16+00:00","dateModified":"2025-07-10T17:33:10+00:00","breadcrumb":{"@id":"https:\/\/pharmarosso.com\/de\/fason-uretim\/#breadcrumb"},"inLanguage":"de","potentialAction":[{"@type":"ReadAction","target":["https:\/\/pharmarosso.com\/de\/fason-uretim\/"]}]},{"@type":"ImageObject","inLanguage":"de","@id":"https:\/\/pharmarosso.com\/de\/fason-uretim\/#primaryimage","url":"https:\/\/pharmarosso.com\/wp-content\/uploads\/2025\/06\/fason-uretim.jpg","contentUrl":"https:\/\/pharmarosso.com\/wp-content\/uploads\/2025\/06\/fason-uretim.jpg"},{"@type":"BreadcrumbList","@id":"https:\/\/pharmarosso.com\/de\/fason-uretim\/#breadcrumb","itemListElement":[{"@type":"ListItem","position":1,"name":"Anasayfa","item":"https:\/\/pharmarosso.com\/"},{"@type":"ListItem","position":2,"name":"Auftragsproduktion"}]},{"@type":"WebSite","@id":"https:\/\/pharmarosso.com\/#website","url":"https:\/\/pharmarosso.com\/","name":"Pharma Rosso","description":"","potentialAction":[{"@type":"SearchAction","target":{"@type":"EntryPoint","urlTemplate":"https:\/\/pharmarosso.com\/?s={search_term_string}"},"query-input":{"@type":"PropertyValueSpecification","valueRequired":true,"valueName":"search_term_string"}}],"inLanguage":"de"}]}},"_links":{"self":[{"href":"https:\/\/pharmarosso.com\/de\/wp-json\/wp\/v2\/pages\/1574","targetHints":{"allow":["GET"]}}],"collection":[{"href":"https:\/\/pharmarosso.com\/de\/wp-json\/wp\/v2\/pages"}],"about":[{"href":"https:\/\/pharmarosso.com\/de\/wp-json\/wp\/v2\/types\/page"}],"author":[{"embeddable":true,"href":"https:\/\/pharmarosso.com\/de\/wp-json\/wp\/v2\/users\/1"}],"replies":[{"embeddable":true,"href":"https:\/\/pharmarosso.com\/de\/wp-json\/wp\/v2\/comments?post=1574"}],"version-history":[{"count":3,"href":"https:\/\/pharmarosso.com\/de\/wp-json\/wp\/v2\/pages\/1574\/revisions"}],"predecessor-version":[{"id":1781,"href":"https:\/\/pharmarosso.com\/de\/wp-json\/wp\/v2\/pages\/1574\/revisions\/1781"}],"wp:attachment":[{"href":"https:\/\/pharmarosso.com\/de\/wp-json\/wp\/v2\/media?parent=1574"}],"curies":[{"name":"wp","href":"https:\/\/api.w.org\/{rel}","templated":true}]}}