{"id":1567,"date":"2025-07-03T09:19:42","date_gmt":"2025-07-03T09:19:42","guid":{"rendered":"https:\/\/pharmarosso.com\/efervesan-tablet-dolum-makinesi\/"},"modified":"2025-07-10T17:03:46","modified_gmt":"2025-07-10T17:03:46","slug":"brausetabletten-abfuellmaschine","status":"publish","type":"page","link":"https:\/\/pharmarosso.com\/de\/brausetabletten-abfuellmaschine\/","title":{"rendered":"Brausetabletten Abf\u00fcllmaschine"},"content":{"rendered":"\t\t<div data-elementor-type=\"wp-page\" data-elementor-id=\"1567\" class=\"elementor elementor-1567 elementor-959\" data-elementor-post-type=\"page\">\n\t\t\t\t\t\t<section class=\"elementor-section elementor-top-section elementor-element elementor-element-f92ac59 elementor-section-boxed elementor-section-height-default elementor-section-height-default\" data-id=\"f92ac59\" data-element_type=\"section\" data-settings=\"{&quot;background_background&quot;:&quot;classic&quot;}\">\n\t\t\t\t\t\t\t<div class=\"elementor-background-overlay\"><\/div>\n\t\t\t\t\t\t\t<div class=\"elementor-container elementor-column-gap-no\">\n\t\t\t\t\t<div class=\"elementor-column elementor-col-100 elementor-top-column elementor-element elementor-element-6bac306\" data-id=\"6bac306\" data-element_type=\"column\">\n\t\t\t<div class=\"elementor-widget-wrap elementor-element-populated\">\n\t\t\t\t\t\t<div class=\"elementor-element elementor-element-08e7693 elementor-widget elementor-widget-heading\" data-id=\"08e7693\" data-element_type=\"widget\" data-widget_type=\"heading.default\">\n\t\t\t\t<div class=\"elementor-widget-container\">\n\t\t\t\t\t<h2 class=\"elementor-heading-title elementor-size-default\">Brausetabletten Abf\u00fcllmaschine<\/h2>\t\t\t\t<\/div>\n\t\t\t\t<\/div>\n\t\t\t\t<div class=\"elementor-element elementor-element-6176998 elementor-view-default elementor-widget elementor-widget-icon\" data-id=\"6176998\" data-element_type=\"widget\" data-widget_type=\"icon.default\">\n\t\t\t\t<div class=\"elementor-widget-container\">\n\t\t\t\t\t\t\t<div class=\"elementor-icon-wrapper\">\n\t\t\t<div class=\"elementor-icon\">\n\t\t\t<i aria-hidden=\"true\" class=\"icon icon-arrow-down-circle\"><\/i>\t\t\t<\/div>\n\t\t<\/div>\n\t\t\t\t\t\t<\/div>\n\t\t\t\t<\/div>\n\t\t\t\t\t<\/div>\n\t\t<\/div>\n\t\t\t\t\t<\/div>\n\t\t<\/section>\n\t\t\t\t<section class=\"elementor-section elementor-top-section elementor-element elementor-element-0c351af elementor-section-boxed elementor-section-height-default elementor-section-height-default\" data-id=\"0c351af\" data-element_type=\"section\">\n\t\t\t\t\t\t<div class=\"elementor-container elementor-column-gap-default\">\n\t\t\t\t\t<div class=\"elementor-column elementor-col-100 elementor-top-column elementor-element elementor-element-b8c52d8\" data-id=\"b8c52d8\" data-element_type=\"column\">\n\t\t\t<div class=\"elementor-widget-wrap elementor-element-populated\">\n\t\t\t\t\t\t<div class=\"elementor-element elementor-element-8c7747d elementor-widget elementor-widget-text-editor\" data-id=\"8c7747d\" data-element_type=\"widget\" data-widget_type=\"text-editor.default\">\n\t\t\t\t<div class=\"elementor-widget-container\">\n\t\t\t\t\t\t\t\t\t<p>Die Brausetablettenabf\u00fcllmaschine ist eine Maschine zur Einzelverpackung von Brausetabletten. Mit der Brausetablettenabf\u00fcllmaschine k\u00f6nnen komprimierte Tabletten verpackt und ordnungsgem\u00e4\u00df verpackt werden.<\/p><p>Diese Maschinen geh\u00f6ren zu den am weitesten verbreiteten Ger\u00e4ten in der pharmazeutischen Industrie. Die Brausetablettenabf\u00fcllmaschine bietet dem Hersteller die M\u00f6glichkeit einer hohen Effizienz und schnellen Verarbeitung. Diese Maschinen helfen bei der schichtweisen Abf\u00fcllung von Tabletten. Die Brausetablettenmaschine, die eine stabile Leistung und eine zuverl\u00e4ssige Verpackung bietet, gew\u00e4hrleistet auch den Schutz der Produkte durch die verwendeten Verschl\u00fcsse. Die Maschine, die w\u00e4hrend des Verschlie\u00dfvorgangs aktiviert wird und nach der Tablettenabf\u00fcllung das H\u00e4mmern der Verschl\u00fcsse durchf\u00fchrt, wird als Brausekappenh\u00e4mmerungsmaschine bezeichnet.<\/p><p>Die Brauseabf\u00fcllmaschine ist bei der Herstellung von Brausetabletten von entscheidender Bedeutung. Denn sie f\u00fcllt gut vorbereitete Tabletten in Flaschen ab, die einen optimalen Schutz bieten. Eine gute Verpackung ist eine der wichtigsten Regeln sowohl f\u00fcr die Zuverl\u00e4ssigkeit als auch f\u00fcr die Vermarktung. Die Brausetablettenmaschine sorgt f\u00fcr eine schnelle und hygienische Verpackung, so dass das Vertrauen und die Konservierung immer \u00fcber dem Standard liegen.<\/p><p data-start=\"1194\" data-end=\"2222\">Die Brausemaschine h\u00e4lt dank ihrer Arbeitsweise die Kundenzufriedenheit stets auf hohem Niveau. Mit ihrer Ausr\u00fcstung f\u00fchrt sie sowohl hygienische als auch sterile Abf\u00fcll- und Verpackungsprozesse durch. Vom Einsatz der Brauseabf\u00fcllmaschine bis zum Einsatz der Brausehammermaschine erfolgt jeder Schritt mit gr\u00f6\u00dfter Sorgfalt. Die Brausetablettenmaschine, die nach dem Rotationsprinzip arbeitet, f\u00fchrt die Tabletten durch bis zu acht Kan\u00e4le, je nach Modell der Maschine. W\u00e4hrenddessen beginnt auch die Abf\u00fcllstation der Anlage mit der Beschickung. Die Brauseboxenmaschine arbeitet nach dem Prinzip, dass die F\u00fcllr\u00f6hrchen in die Tabletten gef\u00fcllt werden, w\u00e4hrend sie sich mit sehr hohen Geschwindigkeiten drehen. Die Brausemaschine hilft dabei, die Tabletten, die eine empfindliche Struktur haben, zu verpacken, ohne dass sie brechen und ihre Form verzerren. Die Brauseverpackungsmaschine mit ihrer hohen Effizienz senkt die Produktionskosten und erh\u00f6ht die Anzahl der Produkte in der Produktionslinie. Dar\u00fcber hinaus wird der Zeitaufwand f\u00fcr die Verpackung von Tabletten reduziert, und es k\u00f6nnen mehr Brausetabletten in k\u00fcrzerer Zeit verpackt werden.<\/p><p data-start=\"2224\" data-end=\"2791\">Die Brauseabf\u00fcllmaschine mit ihrem modularen Konzept und ihrer kompakten Bauweise erm\u00f6glicht es auch, verschiedene Mengen von Tabletten in R\u00f6hrchen unterschiedlicher Gr\u00f6\u00dfe abzuf\u00fcllen, ohne dass zu viele Ger\u00e4te ausgetauscht werden m\u00fcssen. In diesem Fall werden nicht nur Arbeitskr\u00e4fte eingespart, sondern auch Zeit, Kosten, Effizienz und Gewinn gesteigert. Nachdem die Brausetablettenmaschine den Abf\u00fcllprozess durchgef\u00fchrt hat, werden die Flaschen in der Brausetabletten-Verschlie\u00dfmaschinenlinie verschlossen und f\u00fcr den Verkauf bereitgestellt. Wenn alle diese Prozesse abgeschlossen sind, ist das Produkt so vorbereitet, dass es alle f\u00fcr seine Herstellung erforderlichen Standards erf\u00fcllt.<\/p>\t\t\t\t\t\t\t\t<\/div>\n\t\t\t\t<\/div>\n\t\t\t\t\t<\/div>\n\t\t<\/div>\n\t\t\t\t\t<\/div>\n\t\t<\/section>\n\t\t\t\t<\/div>\n\t\t","protected":false},"excerpt":{"rendered":"<p>Brausetabletten Abf\u00fcllmaschine Die Brausetablettenabf\u00fcllmaschine ist eine Maschine zur Einzelverpackung von Brausetabletten. Mit der Brausetablettenabf\u00fcllmaschine k\u00f6nnen komprimierte Tabletten verpackt und ordnungsgem\u00e4\u00df verpackt werden. Diese Maschinen geh\u00f6ren zu den am weitesten verbreiteten Ger\u00e4ten in der pharmazeutischen Industrie. Die Brausetablettenabf\u00fcllmaschine bietet dem Hersteller die M\u00f6glichkeit einer hohen Effizienz und schnellen Verarbeitung. Diese Maschinen helfen bei der schichtweisen Abf\u00fcllung [&hellip;]<\/p>\n","protected":false},"author":1,"featured_media":0,"parent":0,"menu_order":0,"comment_status":"closed","ping_status":"closed","template":"elementor_header_footer","meta":{"footnotes":""},"class_list":["post-1567","page","type-page","status-publish","hentry"],"yoast_head":"<!-- This site is optimized with the Yoast SEO plugin v27.3 - https:\/\/yoast.com\/product\/yoast-seo-wordpress\/ -->\n<title>Brausetabletten Abf\u00fcllmaschine - Pharma Rosso<\/title>\n<meta name=\"robots\" content=\"index, follow, max-snippet:-1, max-image-preview:large, max-video-preview:-1\" \/>\n<link rel=\"canonical\" href=\"https:\/\/pharmarosso.com\/de\/brausetabletten-abfuellmaschine\/\" \/>\n<meta property=\"og:locale\" content=\"de_DE\" \/>\n<meta property=\"og:type\" content=\"article\" \/>\n<meta property=\"og:title\" content=\"Brausetabletten Abf\u00fcllmaschine - Pharma Rosso\" \/>\n<meta property=\"og:description\" content=\"Brausetabletten Abf\u00fcllmaschine Die Brausetablettenabf\u00fcllmaschine ist eine Maschine zur Einzelverpackung von Brausetabletten. Mit der Brausetablettenabf\u00fcllmaschine k\u00f6nnen komprimierte Tabletten verpackt und ordnungsgem\u00e4\u00df verpackt werden. Diese Maschinen geh\u00f6ren zu den am weitesten verbreiteten Ger\u00e4ten in der pharmazeutischen Industrie. Die Brausetablettenabf\u00fcllmaschine bietet dem Hersteller die M\u00f6glichkeit einer hohen Effizienz und schnellen Verarbeitung. Diese Maschinen helfen bei der schichtweisen Abf\u00fcllung [&hellip;]\" \/>\n<meta property=\"og:url\" content=\"https:\/\/pharmarosso.com\/de\/brausetabletten-abfuellmaschine\/\" \/>\n<meta property=\"og:site_name\" content=\"Pharma Rosso\" \/>\n<meta property=\"article:modified_time\" content=\"2025-07-10T17:03:46+00:00\" \/>\n<meta name=\"twitter:card\" content=\"summary_large_image\" \/>\n<meta name=\"twitter:label1\" content=\"Gesch\u00e4tzte Lesezeit\" \/>\n\t<meta name=\"twitter:data1\" content=\"3\u00a0Minuten\" \/>\n<script type=\"application\/ld+json\" class=\"yoast-schema-graph\">{\"@context\":\"https:\\\/\\\/schema.org\",\"@graph\":[{\"@type\":\"WebPage\",\"@id\":\"https:\\\/\\\/pharmarosso.com\\\/de\\\/brausetabletten-abfuellmaschine\\\/\",\"url\":\"https:\\\/\\\/pharmarosso.com\\\/de\\\/brausetabletten-abfuellmaschine\\\/\",\"name\":\"Brausetabletten Abf\u00fcllmaschine - Pharma Rosso\",\"isPartOf\":{\"@id\":\"https:\\\/\\\/pharmarosso.com\\\/#website\"},\"datePublished\":\"2025-07-03T09:19:42+00:00\",\"dateModified\":\"2025-07-10T17:03:46+00:00\",\"breadcrumb\":{\"@id\":\"https:\\\/\\\/pharmarosso.com\\\/de\\\/brausetabletten-abfuellmaschine\\\/#breadcrumb\"},\"inLanguage\":\"de\",\"potentialAction\":[{\"@type\":\"ReadAction\",\"target\":[\"https:\\\/\\\/pharmarosso.com\\\/de\\\/brausetabletten-abfuellmaschine\\\/\"]}]},{\"@type\":\"BreadcrumbList\",\"@id\":\"https:\\\/\\\/pharmarosso.com\\\/de\\\/brausetabletten-abfuellmaschine\\\/#breadcrumb\",\"itemListElement\":[{\"@type\":\"ListItem\",\"position\":1,\"name\":\"Anasayfa\",\"item\":\"https:\\\/\\\/pharmarosso.com\\\/\"},{\"@type\":\"ListItem\",\"position\":2,\"name\":\"Brausetabletten Abf\u00fcllmaschine\"}]},{\"@type\":\"WebSite\",\"@id\":\"https:\\\/\\\/pharmarosso.com\\\/#website\",\"url\":\"https:\\\/\\\/pharmarosso.com\\\/\",\"name\":\"Pharma Rosso\",\"description\":\"\",\"potentialAction\":[{\"@type\":\"SearchAction\",\"target\":{\"@type\":\"EntryPoint\",\"urlTemplate\":\"https:\\\/\\\/pharmarosso.com\\\/?s={search_term_string}\"},\"query-input\":{\"@type\":\"PropertyValueSpecification\",\"valueRequired\":true,\"valueName\":\"search_term_string\"}}],\"inLanguage\":\"de\"}]}<\/script>\n<!-- \/ Yoast SEO plugin. -->","yoast_head_json":{"title":"Brausetabletten Abf\u00fcllmaschine - Pharma Rosso","robots":{"index":"index","follow":"follow","max-snippet":"max-snippet:-1","max-image-preview":"max-image-preview:large","max-video-preview":"max-video-preview:-1"},"canonical":"https:\/\/pharmarosso.com\/de\/brausetabletten-abfuellmaschine\/","og_locale":"de_DE","og_type":"article","og_title":"Brausetabletten Abf\u00fcllmaschine - Pharma Rosso","og_description":"Brausetabletten Abf\u00fcllmaschine Die Brausetablettenabf\u00fcllmaschine ist eine Maschine zur Einzelverpackung von Brausetabletten. Mit der Brausetablettenabf\u00fcllmaschine k\u00f6nnen komprimierte Tabletten verpackt und ordnungsgem\u00e4\u00df verpackt werden. Diese Maschinen geh\u00f6ren zu den am weitesten verbreiteten Ger\u00e4ten in der pharmazeutischen Industrie. Die Brausetablettenabf\u00fcllmaschine bietet dem Hersteller die M\u00f6glichkeit einer hohen Effizienz und schnellen Verarbeitung. Diese Maschinen helfen bei der schichtweisen Abf\u00fcllung [&hellip;]","og_url":"https:\/\/pharmarosso.com\/de\/brausetabletten-abfuellmaschine\/","og_site_name":"Pharma Rosso","article_modified_time":"2025-07-10T17:03:46+00:00","twitter_card":"summary_large_image","twitter_misc":{"Gesch\u00e4tzte Lesezeit":"3\u00a0Minuten"},"schema":{"@context":"https:\/\/schema.org","@graph":[{"@type":"WebPage","@id":"https:\/\/pharmarosso.com\/de\/brausetabletten-abfuellmaschine\/","url":"https:\/\/pharmarosso.com\/de\/brausetabletten-abfuellmaschine\/","name":"Brausetabletten Abf\u00fcllmaschine - Pharma Rosso","isPartOf":{"@id":"https:\/\/pharmarosso.com\/#website"},"datePublished":"2025-07-03T09:19:42+00:00","dateModified":"2025-07-10T17:03:46+00:00","breadcrumb":{"@id":"https:\/\/pharmarosso.com\/de\/brausetabletten-abfuellmaschine\/#breadcrumb"},"inLanguage":"de","potentialAction":[{"@type":"ReadAction","target":["https:\/\/pharmarosso.com\/de\/brausetabletten-abfuellmaschine\/"]}]},{"@type":"BreadcrumbList","@id":"https:\/\/pharmarosso.com\/de\/brausetabletten-abfuellmaschine\/#breadcrumb","itemListElement":[{"@type":"ListItem","position":1,"name":"Anasayfa","item":"https:\/\/pharmarosso.com\/"},{"@type":"ListItem","position":2,"name":"Brausetabletten Abf\u00fcllmaschine"}]},{"@type":"WebSite","@id":"https:\/\/pharmarosso.com\/#website","url":"https:\/\/pharmarosso.com\/","name":"Pharma Rosso","description":"","potentialAction":[{"@type":"SearchAction","target":{"@type":"EntryPoint","urlTemplate":"https:\/\/pharmarosso.com\/?s={search_term_string}"},"query-input":{"@type":"PropertyValueSpecification","valueRequired":true,"valueName":"search_term_string"}}],"inLanguage":"de"}]}},"_links":{"self":[{"href":"https:\/\/pharmarosso.com\/de\/wp-json\/wp\/v2\/pages\/1567","targetHints":{"allow":["GET"]}}],"collection":[{"href":"https:\/\/pharmarosso.com\/de\/wp-json\/wp\/v2\/pages"}],"about":[{"href":"https:\/\/pharmarosso.com\/de\/wp-json\/wp\/v2\/types\/page"}],"author":[{"embeddable":true,"href":"https:\/\/pharmarosso.com\/de\/wp-json\/wp\/v2\/users\/1"}],"replies":[{"embeddable":true,"href":"https:\/\/pharmarosso.com\/de\/wp-json\/wp\/v2\/comments?post=1567"}],"version-history":[{"count":4,"href":"https:\/\/pharmarosso.com\/de\/wp-json\/wp\/v2\/pages\/1567\/revisions"}],"predecessor-version":[{"id":1772,"href":"https:\/\/pharmarosso.com\/de\/wp-json\/wp\/v2\/pages\/1567\/revisions\/1772"}],"wp:attachment":[{"href":"https:\/\/pharmarosso.com\/de\/wp-json\/wp\/v2\/media?parent=1567"}],"curies":[{"name":"wp","href":"https:\/\/api.w.org\/{rel}","templated":true}]}}