{"id":1564,"date":"2025-07-03T08:59:16","date_gmt":"2025-07-03T08:59:16","guid":{"rendered":"https:\/\/pharmarosso.com\/efervesan-tablet\/"},"modified":"2025-07-10T17:00:38","modified_gmt":"2025-07-10T17:00:38","slug":"brause-tablette","status":"publish","type":"page","link":"https:\/\/pharmarosso.com\/de\/brause-tablette\/","title":{"rendered":"Brause Tablette"},"content":{"rendered":"\t\t<div data-elementor-type=\"wp-page\" data-elementor-id=\"1564\" class=\"elementor elementor-1564 elementor-930\" data-elementor-post-type=\"page\">\n\t\t\t\t\t\t<section class=\"elementor-section elementor-top-section elementor-element elementor-element-f92ac59 elementor-section-boxed elementor-section-height-default elementor-section-height-default\" data-id=\"f92ac59\" data-element_type=\"section\" data-settings=\"{&quot;background_background&quot;:&quot;classic&quot;}\">\n\t\t\t\t\t\t\t<div class=\"elementor-background-overlay\"><\/div>\n\t\t\t\t\t\t\t<div class=\"elementor-container elementor-column-gap-no\">\n\t\t\t\t\t<div class=\"elementor-column elementor-col-100 elementor-top-column elementor-element elementor-element-6bac306\" data-id=\"6bac306\" data-element_type=\"column\">\n\t\t\t<div class=\"elementor-widget-wrap elementor-element-populated\">\n\t\t\t\t\t\t<div class=\"elementor-element elementor-element-08e7693 elementor-widget elementor-widget-heading\" data-id=\"08e7693\" data-element_type=\"widget\" data-widget_type=\"heading.default\">\n\t\t\t\t<div class=\"elementor-widget-container\">\n\t\t\t\t\t<h2 class=\"elementor-heading-title elementor-size-default\">Brause Tablette<\/h2>\t\t\t\t<\/div>\n\t\t\t\t<\/div>\n\t\t\t\t<div class=\"elementor-element elementor-element-6176998 elementor-view-default elementor-widget elementor-widget-icon\" data-id=\"6176998\" data-element_type=\"widget\" data-widget_type=\"icon.default\">\n\t\t\t\t<div class=\"elementor-widget-container\">\n\t\t\t\t\t\t\t<div class=\"elementor-icon-wrapper\">\n\t\t\t<div class=\"elementor-icon\">\n\t\t\t<i aria-hidden=\"true\" class=\"icon icon-arrow-down-circle\"><\/i>\t\t\t<\/div>\n\t\t<\/div>\n\t\t\t\t\t\t<\/div>\n\t\t\t\t<\/div>\n\t\t\t\t\t<\/div>\n\t\t<\/div>\n\t\t\t\t\t<\/div>\n\t\t<\/section>\n\t\t\t\t<section class=\"elementor-section elementor-top-section elementor-element elementor-element-0c351af elementor-section-boxed elementor-section-height-default elementor-section-height-default\" data-id=\"0c351af\" data-element_type=\"section\">\n\t\t\t\t\t\t<div class=\"elementor-container elementor-column-gap-default\">\n\t\t\t\t\t<div class=\"elementor-column elementor-col-100 elementor-top-column elementor-element elementor-element-b8c52d8\" data-id=\"b8c52d8\" data-element_type=\"column\">\n\t\t\t<div class=\"elementor-widget-wrap elementor-element-populated\">\n\t\t\t\t\t\t<div class=\"elementor-element elementor-element-8c7747d elementor-widget elementor-widget-text-editor\" data-id=\"8c7747d\" data-element_type=\"widget\" data-widget_type=\"text-editor.default\">\n\t\t\t\t<div class=\"elementor-widget-container\">\n\t\t\t\t\t\t\t\t\t<p>Brause ist die allgemeine Bezeichnung f\u00fcr Arzneimittel, die bei der Reaktion mit Wasser oder anderen Fl\u00fcssigkeiten Gas oder Blasen freisetzen.<\/p><p>Brausetabletten enthalten Mineralien. Diese Mineralien verursachen die Bildung von Blasen und Gasen, wenn sich die Brausetablette aufl\u00f6st. Brausetabletten, die sich bei der Reaktion mit Fl\u00fcssigkeiten aufl\u00f6sen, werden im Allgemeinen bevorzugt f\u00fcr die Herstellung von Nahrungserg\u00e4nzungsmitteln wie Vitaminen verwendet.<\/p><p>Brausetabletten werden in der Regel in einer runden Form hergestellt und in zylindrischen Kunststoffflaschen verpackt, die mit einer Plastikfolie umwickelt sind.<\/p><h2>Produktionsanlagen<\/h2><p>Pharmarosso betreibt Forschung und Entwicklung sowie Produktion nach europ\u00e4ischen Standards in seinen hochtechnologisch ausgestatteten Labors und Anlagen. Als Pharmarosso verf\u00fcgen wir \u00fcber eine t\u00e4gliche Kapazit\u00e4t von 100 Tausend Brausetabletten.<\/p>\t\t\t\t\t\t\t\t<\/div>\n\t\t\t\t<\/div>\n\t\t\t\t\t<\/div>\n\t\t<\/div>\n\t\t\t\t\t<\/div>\n\t\t<\/section>\n\t\t\t\t<\/div>\n\t\t","protected":false},"excerpt":{"rendered":"<p>Brause Tablette Brause ist die allgemeine Bezeichnung f\u00fcr Arzneimittel, die bei der Reaktion mit Wasser oder anderen Fl\u00fcssigkeiten Gas oder Blasen freisetzen. Brausetabletten enthalten Mineralien. Diese Mineralien verursachen die Bildung von Blasen und Gasen, wenn sich die Brausetablette aufl\u00f6st. Brausetabletten, die sich bei der Reaktion mit Fl\u00fcssigkeiten aufl\u00f6sen, werden im Allgemeinen bevorzugt f\u00fcr die Herstellung [&hellip;]<\/p>\n","protected":false},"author":1,"featured_media":0,"parent":0,"menu_order":0,"comment_status":"closed","ping_status":"closed","template":"elementor_header_footer","meta":{"footnotes":""},"class_list":["post-1564","page","type-page","status-publish","hentry"],"yoast_head":"<!-- This site is optimized with the Yoast SEO plugin v27.3 - https:\/\/yoast.com\/product\/yoast-seo-wordpress\/ -->\n<title>Brause Tablette - Pharma Rosso<\/title>\n<meta name=\"robots\" content=\"index, follow, max-snippet:-1, max-image-preview:large, max-video-preview:-1\" \/>\n<link rel=\"canonical\" href=\"https:\/\/pharmarosso.com\/de\/brause-tablette\/\" \/>\n<meta property=\"og:locale\" content=\"de_DE\" \/>\n<meta property=\"og:type\" content=\"article\" \/>\n<meta property=\"og:title\" content=\"Brause Tablette - Pharma Rosso\" \/>\n<meta property=\"og:description\" content=\"Brause Tablette Brause ist die allgemeine Bezeichnung f\u00fcr Arzneimittel, die bei der Reaktion mit Wasser oder anderen Fl\u00fcssigkeiten Gas oder Blasen freisetzen. Brausetabletten enthalten Mineralien. Diese Mineralien verursachen die Bildung von Blasen und Gasen, wenn sich die Brausetablette aufl\u00f6st. Brausetabletten, die sich bei der Reaktion mit Fl\u00fcssigkeiten aufl\u00f6sen, werden im Allgemeinen bevorzugt f\u00fcr die Herstellung [&hellip;]\" \/>\n<meta property=\"og:url\" content=\"https:\/\/pharmarosso.com\/de\/brause-tablette\/\" \/>\n<meta property=\"og:site_name\" content=\"Pharma Rosso\" \/>\n<meta property=\"article:modified_time\" content=\"2025-07-10T17:00:38+00:00\" \/>\n<meta name=\"twitter:card\" content=\"summary_large_image\" \/>\n<meta name=\"twitter:label1\" content=\"Gesch\u00e4tzte Lesezeit\" \/>\n\t<meta name=\"twitter:data1\" content=\"1\u00a0Minute\" \/>\n<script type=\"application\/ld+json\" class=\"yoast-schema-graph\">{\"@context\":\"https:\\\/\\\/schema.org\",\"@graph\":[{\"@type\":\"WebPage\",\"@id\":\"https:\\\/\\\/pharmarosso.com\\\/de\\\/brause-tablette\\\/\",\"url\":\"https:\\\/\\\/pharmarosso.com\\\/de\\\/brause-tablette\\\/\",\"name\":\"Brause Tablette - Pharma Rosso\",\"isPartOf\":{\"@id\":\"https:\\\/\\\/pharmarosso.com\\\/#website\"},\"datePublished\":\"2025-07-03T08:59:16+00:00\",\"dateModified\":\"2025-07-10T17:00:38+00:00\",\"breadcrumb\":{\"@id\":\"https:\\\/\\\/pharmarosso.com\\\/de\\\/brause-tablette\\\/#breadcrumb\"},\"inLanguage\":\"de\",\"potentialAction\":[{\"@type\":\"ReadAction\",\"target\":[\"https:\\\/\\\/pharmarosso.com\\\/de\\\/brause-tablette\\\/\"]}]},{\"@type\":\"BreadcrumbList\",\"@id\":\"https:\\\/\\\/pharmarosso.com\\\/de\\\/brause-tablette\\\/#breadcrumb\",\"itemListElement\":[{\"@type\":\"ListItem\",\"position\":1,\"name\":\"Anasayfa\",\"item\":\"https:\\\/\\\/pharmarosso.com\\\/\"},{\"@type\":\"ListItem\",\"position\":2,\"name\":\"Brause Tablette\"}]},{\"@type\":\"WebSite\",\"@id\":\"https:\\\/\\\/pharmarosso.com\\\/#website\",\"url\":\"https:\\\/\\\/pharmarosso.com\\\/\",\"name\":\"Pharma Rosso\",\"description\":\"\",\"potentialAction\":[{\"@type\":\"SearchAction\",\"target\":{\"@type\":\"EntryPoint\",\"urlTemplate\":\"https:\\\/\\\/pharmarosso.com\\\/?s={search_term_string}\"},\"query-input\":{\"@type\":\"PropertyValueSpecification\",\"valueRequired\":true,\"valueName\":\"search_term_string\"}}],\"inLanguage\":\"de\"}]}<\/script>\n<!-- \/ Yoast SEO plugin. -->","yoast_head_json":{"title":"Brause Tablette - Pharma Rosso","robots":{"index":"index","follow":"follow","max-snippet":"max-snippet:-1","max-image-preview":"max-image-preview:large","max-video-preview":"max-video-preview:-1"},"canonical":"https:\/\/pharmarosso.com\/de\/brause-tablette\/","og_locale":"de_DE","og_type":"article","og_title":"Brause Tablette - Pharma Rosso","og_description":"Brause Tablette Brause ist die allgemeine Bezeichnung f\u00fcr Arzneimittel, die bei der Reaktion mit Wasser oder anderen Fl\u00fcssigkeiten Gas oder Blasen freisetzen. Brausetabletten enthalten Mineralien. Diese Mineralien verursachen die Bildung von Blasen und Gasen, wenn sich die Brausetablette aufl\u00f6st. Brausetabletten, die sich bei der Reaktion mit Fl\u00fcssigkeiten aufl\u00f6sen, werden im Allgemeinen bevorzugt f\u00fcr die Herstellung [&hellip;]","og_url":"https:\/\/pharmarosso.com\/de\/brause-tablette\/","og_site_name":"Pharma Rosso","article_modified_time":"2025-07-10T17:00:38+00:00","twitter_card":"summary_large_image","twitter_misc":{"Gesch\u00e4tzte Lesezeit":"1\u00a0Minute"},"schema":{"@context":"https:\/\/schema.org","@graph":[{"@type":"WebPage","@id":"https:\/\/pharmarosso.com\/de\/brause-tablette\/","url":"https:\/\/pharmarosso.com\/de\/brause-tablette\/","name":"Brause Tablette - Pharma Rosso","isPartOf":{"@id":"https:\/\/pharmarosso.com\/#website"},"datePublished":"2025-07-03T08:59:16+00:00","dateModified":"2025-07-10T17:00:38+00:00","breadcrumb":{"@id":"https:\/\/pharmarosso.com\/de\/brause-tablette\/#breadcrumb"},"inLanguage":"de","potentialAction":[{"@type":"ReadAction","target":["https:\/\/pharmarosso.com\/de\/brause-tablette\/"]}]},{"@type":"BreadcrumbList","@id":"https:\/\/pharmarosso.com\/de\/brause-tablette\/#breadcrumb","itemListElement":[{"@type":"ListItem","position":1,"name":"Anasayfa","item":"https:\/\/pharmarosso.com\/"},{"@type":"ListItem","position":2,"name":"Brause Tablette"}]},{"@type":"WebSite","@id":"https:\/\/pharmarosso.com\/#website","url":"https:\/\/pharmarosso.com\/","name":"Pharma Rosso","description":"","potentialAction":[{"@type":"SearchAction","target":{"@type":"EntryPoint","urlTemplate":"https:\/\/pharmarosso.com\/?s={search_term_string}"},"query-input":{"@type":"PropertyValueSpecification","valueRequired":true,"valueName":"search_term_string"}}],"inLanguage":"de"}]}},"_links":{"self":[{"href":"https:\/\/pharmarosso.com\/de\/wp-json\/wp\/v2\/pages\/1564","targetHints":{"allow":["GET"]}}],"collection":[{"href":"https:\/\/pharmarosso.com\/de\/wp-json\/wp\/v2\/pages"}],"about":[{"href":"https:\/\/pharmarosso.com\/de\/wp-json\/wp\/v2\/types\/page"}],"author":[{"embeddable":true,"href":"https:\/\/pharmarosso.com\/de\/wp-json\/wp\/v2\/users\/1"}],"replies":[{"embeddable":true,"href":"https:\/\/pharmarosso.com\/de\/wp-json\/wp\/v2\/comments?post=1564"}],"version-history":[{"count":4,"href":"https:\/\/pharmarosso.com\/de\/wp-json\/wp\/v2\/pages\/1564\/revisions"}],"predecessor-version":[{"id":1768,"href":"https:\/\/pharmarosso.com\/de\/wp-json\/wp\/v2\/pages\/1564\/revisions\/1768"}],"wp:attachment":[{"href":"https:\/\/pharmarosso.com\/de\/wp-json\/wp\/v2\/media?parent=1564"}],"curies":[{"name":"wp","href":"https:\/\/api.w.org\/{rel}","templated":true}]}}