{"id":1531,"date":"2025-07-10T16:10:19","date_gmt":"2025-07-10T16:10:19","guid":{"rendered":"https:\/\/pharmarosso.com\/?page_id=1531"},"modified":"2025-07-10T16:25:31","modified_gmt":"2025-07-10T16:25:31","slug":"alu-alu-blister-copy","status":"publish","type":"page","link":"https:\/\/pharmarosso.com\/de\/alu-alu-blister-copy\/","title":{"rendered":"Alu Alu Blister &#8211; Copy"},"content":{"rendered":"\t\t<div data-elementor-type=\"wp-page\" data-elementor-id=\"1531\" class=\"elementor elementor-1531\" data-elementor-post-type=\"page\">\n\t\t\t\t\t\t<section class=\"elementor-section elementor-top-section elementor-element elementor-element-f92ac59 elementor-section-boxed elementor-section-height-default elementor-section-height-default\" data-id=\"f92ac59\" data-element_type=\"section\" data-settings=\"{&quot;background_background&quot;:&quot;classic&quot;}\">\n\t\t\t\t\t\t\t<div class=\"elementor-background-overlay\"><\/div>\n\t\t\t\t\t\t\t<div class=\"elementor-container elementor-column-gap-no\">\n\t\t\t\t\t<div class=\"elementor-column elementor-col-100 elementor-top-column elementor-element elementor-element-6bac306\" data-id=\"6bac306\" data-element_type=\"column\">\n\t\t\t<div class=\"elementor-widget-wrap elementor-element-populated\">\n\t\t\t\t\t\t<div class=\"elementor-element elementor-element-08e7693 elementor-widget elementor-widget-heading\" data-id=\"08e7693\" data-element_type=\"widget\" data-widget_type=\"heading.default\">\n\t\t\t\t<div class=\"elementor-widget-container\">\n\t\t\t\t\t<h2 class=\"elementor-heading-title elementor-size-default\">Alu Alu Blister<\/h2>\t\t\t\t<\/div>\n\t\t\t\t<\/div>\n\t\t\t\t<div class=\"elementor-element elementor-element-6176998 elementor-view-default elementor-widget elementor-widget-icon\" data-id=\"6176998\" data-element_type=\"widget\" data-widget_type=\"icon.default\">\n\t\t\t\t<div class=\"elementor-widget-container\">\n\t\t\t\t\t\t\t<div class=\"elementor-icon-wrapper\">\n\t\t\t<div class=\"elementor-icon\">\n\t\t\t<i aria-hidden=\"true\" class=\"icon icon-arrow-down-circle\"><\/i>\t\t\t<\/div>\n\t\t<\/div>\n\t\t\t\t\t\t<\/div>\n\t\t\t\t<\/div>\n\t\t\t\t\t<\/div>\n\t\t<\/div>\n\t\t\t\t\t<\/div>\n\t\t<\/section>\n\t\t\t\t<section class=\"elementor-section elementor-top-section elementor-element elementor-element-0c351af elementor-section-boxed elementor-section-height-default elementor-section-height-default\" data-id=\"0c351af\" data-element_type=\"section\">\n\t\t\t\t\t\t<div class=\"elementor-container elementor-column-gap-default\">\n\t\t\t\t\t<div class=\"elementor-column elementor-col-100 elementor-top-column elementor-element elementor-element-b8c52d8\" data-id=\"b8c52d8\" data-element_type=\"column\">\n\t\t\t<div class=\"elementor-widget-wrap elementor-element-populated\">\n\t\t\t\t\t\t<div class=\"elementor-element elementor-element-8c7747d elementor-widget elementor-widget-text-editor\" data-id=\"8c7747d\" data-element_type=\"widget\" data-widget_type=\"text-editor.default\">\n\t\t\t\t<div class=\"elementor-widget-container\">\n\t\t\t\t\t\t\t\t\t<p>Blister sind eine Art von Verpackung, die Arzneimittel vor \u00e4u\u00dferen Einfl\u00fcssen sch\u00fctzt.<\/p><p>Unter den Blistern mit vielen Beschichtungsarten werden am h\u00e4ufigsten Alu-Alu-Blister verwendet. Alu-Alu-Blister werden aus Aluminium hergestellt. Er hat ein gl\u00e4nzendes und gallertartiges Aussehen auf beiden Seiten.<\/p><p>Penicillin-haltige Arzneimittel, Z\u00e4pfchen, einige Arten von Tabletten, Nahrungserg\u00e4nzungsmittel und Antibiotika werden in der Regel in Alu-Alu-Blister verpackt.<\/p><h2>Produktionsanlagen<\/h2><p>Pharmarosso betreibt Forschung und Entwicklung sowie die Produktion nach europ\u00e4ischen Standards in seinen hochtechnologisch ausgestatteten Labors und Anlagen. Als Pharmarosso haben wir eine t\u00e4gliche Produktionskapazit\u00e4t von 100 Tausend Alu-Alu-Blister.<\/p>\t\t\t\t\t\t\t\t<\/div>\n\t\t\t\t<\/div>\n\t\t\t\t\t<\/div>\n\t\t<\/div>\n\t\t\t\t\t<\/div>\n\t\t<\/section>\n\t\t\t\t<\/div>\n\t\t","protected":false},"excerpt":{"rendered":"<p>Alu Alu Blister Blister sind eine Art von Verpackung, die Arzneimittel vor \u00e4u\u00dferen Einfl\u00fcssen sch\u00fctzt. Unter den Blistern mit vielen Beschichtungsarten werden am h\u00e4ufigsten Alu-Alu-Blister verwendet. Alu-Alu-Blister werden aus Aluminium hergestellt. Er hat ein gl\u00e4nzendes und gallertartiges Aussehen auf beiden Seiten. Penicillin-haltige Arzneimittel, Z\u00e4pfchen, einige Arten von Tabletten, Nahrungserg\u00e4nzungsmittel und Antibiotika werden in der Regel [&hellip;]<\/p>\n","protected":false},"author":1,"featured_media":0,"parent":0,"menu_order":0,"comment_status":"closed","ping_status":"closed","template":"elementor_header_footer","meta":{"footnotes":""},"class_list":["post-1531","page","type-page","status-publish","hentry"],"yoast_head":"<!-- This site is optimized with the Yoast SEO plugin v27.3 - https:\/\/yoast.com\/product\/yoast-seo-wordpress\/ -->\n<title>Alu Alu Blister - Copy - Pharma Rosso<\/title>\n<meta name=\"robots\" content=\"index, follow, max-snippet:-1, max-image-preview:large, max-video-preview:-1\" \/>\n<link rel=\"canonical\" href=\"https:\/\/pharmarosso.com\/de\/alu-alu-blister-copy\/\" \/>\n<meta property=\"og:locale\" content=\"de_DE\" \/>\n<meta property=\"og:type\" content=\"article\" \/>\n<meta property=\"og:title\" content=\"Alu Alu Blister - Copy - Pharma Rosso\" \/>\n<meta property=\"og:description\" content=\"Alu Alu Blister Blister sind eine Art von Verpackung, die Arzneimittel vor \u00e4u\u00dferen Einfl\u00fcssen sch\u00fctzt. Unter den Blistern mit vielen Beschichtungsarten werden am h\u00e4ufigsten Alu-Alu-Blister verwendet. Alu-Alu-Blister werden aus Aluminium hergestellt. Er hat ein gl\u00e4nzendes und gallertartiges Aussehen auf beiden Seiten. Penicillin-haltige Arzneimittel, Z\u00e4pfchen, einige Arten von Tabletten, Nahrungserg\u00e4nzungsmittel und Antibiotika werden in der Regel [&hellip;]\" \/>\n<meta property=\"og:url\" content=\"https:\/\/pharmarosso.com\/de\/alu-alu-blister-copy\/\" \/>\n<meta property=\"og:site_name\" content=\"Pharma Rosso\" \/>\n<meta property=\"article:modified_time\" content=\"2025-07-10T16:25:31+00:00\" \/>\n<meta name=\"twitter:card\" content=\"summary_large_image\" \/>\n<meta name=\"twitter:label1\" content=\"Gesch\u00e4tzte Lesezeit\" \/>\n\t<meta name=\"twitter:data1\" content=\"1\u00a0Minute\" \/>\n<script type=\"application\/ld+json\" class=\"yoast-schema-graph\">{\"@context\":\"https:\\\/\\\/schema.org\",\"@graph\":[{\"@type\":\"WebPage\",\"@id\":\"https:\\\/\\\/pharmarosso.com\\\/de\\\/alu-alu-blister-copy\\\/\",\"url\":\"https:\\\/\\\/pharmarosso.com\\\/de\\\/alu-alu-blister-copy\\\/\",\"name\":\"Alu Alu Blister - Copy - Pharma Rosso\",\"isPartOf\":{\"@id\":\"https:\\\/\\\/pharmarosso.com\\\/#website\"},\"datePublished\":\"2025-07-10T16:10:19+00:00\",\"dateModified\":\"2025-07-10T16:25:31+00:00\",\"breadcrumb\":{\"@id\":\"https:\\\/\\\/pharmarosso.com\\\/de\\\/alu-alu-blister-copy\\\/#breadcrumb\"},\"inLanguage\":\"de\",\"potentialAction\":[{\"@type\":\"ReadAction\",\"target\":[\"https:\\\/\\\/pharmarosso.com\\\/de\\\/alu-alu-blister-copy\\\/\"]}]},{\"@type\":\"BreadcrumbList\",\"@id\":\"https:\\\/\\\/pharmarosso.com\\\/de\\\/alu-alu-blister-copy\\\/#breadcrumb\",\"itemListElement\":[{\"@type\":\"ListItem\",\"position\":1,\"name\":\"Anasayfa\",\"item\":\"https:\\\/\\\/pharmarosso.com\\\/\"},{\"@type\":\"ListItem\",\"position\":2,\"name\":\"Alu Alu Blister &#8211; Copy\"}]},{\"@type\":\"WebSite\",\"@id\":\"https:\\\/\\\/pharmarosso.com\\\/#website\",\"url\":\"https:\\\/\\\/pharmarosso.com\\\/\",\"name\":\"Pharma Rosso\",\"description\":\"\",\"potentialAction\":[{\"@type\":\"SearchAction\",\"target\":{\"@type\":\"EntryPoint\",\"urlTemplate\":\"https:\\\/\\\/pharmarosso.com\\\/?s={search_term_string}\"},\"query-input\":{\"@type\":\"PropertyValueSpecification\",\"valueRequired\":true,\"valueName\":\"search_term_string\"}}],\"inLanguage\":\"de\"}]}<\/script>\n<!-- \/ Yoast SEO plugin. -->","yoast_head_json":{"title":"Alu Alu Blister - Copy - Pharma Rosso","robots":{"index":"index","follow":"follow","max-snippet":"max-snippet:-1","max-image-preview":"max-image-preview:large","max-video-preview":"max-video-preview:-1"},"canonical":"https:\/\/pharmarosso.com\/de\/alu-alu-blister-copy\/","og_locale":"de_DE","og_type":"article","og_title":"Alu Alu Blister - Copy - Pharma Rosso","og_description":"Alu Alu Blister Blister sind eine Art von Verpackung, die Arzneimittel vor \u00e4u\u00dferen Einfl\u00fcssen sch\u00fctzt. Unter den Blistern mit vielen Beschichtungsarten werden am h\u00e4ufigsten Alu-Alu-Blister verwendet. Alu-Alu-Blister werden aus Aluminium hergestellt. Er hat ein gl\u00e4nzendes und gallertartiges Aussehen auf beiden Seiten. Penicillin-haltige Arzneimittel, Z\u00e4pfchen, einige Arten von Tabletten, Nahrungserg\u00e4nzungsmittel und Antibiotika werden in der Regel [&hellip;]","og_url":"https:\/\/pharmarosso.com\/de\/alu-alu-blister-copy\/","og_site_name":"Pharma Rosso","article_modified_time":"2025-07-10T16:25:31+00:00","twitter_card":"summary_large_image","twitter_misc":{"Gesch\u00e4tzte Lesezeit":"1\u00a0Minute"},"schema":{"@context":"https:\/\/schema.org","@graph":[{"@type":"WebPage","@id":"https:\/\/pharmarosso.com\/de\/alu-alu-blister-copy\/","url":"https:\/\/pharmarosso.com\/de\/alu-alu-blister-copy\/","name":"Alu Alu Blister - Copy - Pharma Rosso","isPartOf":{"@id":"https:\/\/pharmarosso.com\/#website"},"datePublished":"2025-07-10T16:10:19+00:00","dateModified":"2025-07-10T16:25:31+00:00","breadcrumb":{"@id":"https:\/\/pharmarosso.com\/de\/alu-alu-blister-copy\/#breadcrumb"},"inLanguage":"de","potentialAction":[{"@type":"ReadAction","target":["https:\/\/pharmarosso.com\/de\/alu-alu-blister-copy\/"]}]},{"@type":"BreadcrumbList","@id":"https:\/\/pharmarosso.com\/de\/alu-alu-blister-copy\/#breadcrumb","itemListElement":[{"@type":"ListItem","position":1,"name":"Anasayfa","item":"https:\/\/pharmarosso.com\/"},{"@type":"ListItem","position":2,"name":"Alu Alu Blister &#8211; Copy"}]},{"@type":"WebSite","@id":"https:\/\/pharmarosso.com\/#website","url":"https:\/\/pharmarosso.com\/","name":"Pharma Rosso","description":"","potentialAction":[{"@type":"SearchAction","target":{"@type":"EntryPoint","urlTemplate":"https:\/\/pharmarosso.com\/?s={search_term_string}"},"query-input":{"@type":"PropertyValueSpecification","valueRequired":true,"valueName":"search_term_string"}}],"inLanguage":"de"}]}},"_links":{"self":[{"href":"https:\/\/pharmarosso.com\/de\/wp-json\/wp\/v2\/pages\/1531","targetHints":{"allow":["GET"]}}],"collection":[{"href":"https:\/\/pharmarosso.com\/de\/wp-json\/wp\/v2\/pages"}],"about":[{"href":"https:\/\/pharmarosso.com\/de\/wp-json\/wp\/v2\/types\/page"}],"author":[{"embeddable":true,"href":"https:\/\/pharmarosso.com\/de\/wp-json\/wp\/v2\/users\/1"}],"replies":[{"embeddable":true,"href":"https:\/\/pharmarosso.com\/de\/wp-json\/wp\/v2\/comments?post=1531"}],"version-history":[{"count":6,"href":"https:\/\/pharmarosso.com\/de\/wp-json\/wp\/v2\/pages\/1531\/revisions"}],"predecessor-version":[{"id":1696,"href":"https:\/\/pharmarosso.com\/de\/wp-json\/wp\/v2\/pages\/1531\/revisions\/1696"}],"wp:attachment":[{"href":"https:\/\/pharmarosso.com\/de\/wp-json\/wp\/v2\/media?parent=1531"}],"curies":[{"name":"wp","href":"https:\/\/api.w.org\/{rel}","templated":true}]}}